{"id":10329,"date":"2023-05-20T07:49:33","date_gmt":"2023-05-20T05:49:33","guid":{"rendered":"https:\/\/serverdedicato.lovenailsrivenditore.com\/?product=pigmento-fucsia-neon-n-10-allepaznokcie"},"modified":"2026-04-17T19:25:37","modified_gmt":"2026-04-17T17:25:37","slug":"pigmento-fucsia-neon-n-10-allepaznokcie","status":"publish","type":"product","link":"https:\/\/serverdedicato.lovenailsrivenditore.com\/?product=pigmento-fucsia-neon-n-10-allepaznokcie","title":{"rendered":"Pigmento Fucsia Neon n.10 Allepaznokcie"},"content":{"rendered":"<p>Pigmento neon altamente saturo, che brilla sotto l\u2019influenza dei raggi UV!<\/p>\n<p>Gi\u00e0 alla luce del giorno, Neon UV Pigment \u00e8 caratterizzato da una luminosit\u00e0 del colore senza precedenti, ma solo sotto l\u2019influenza dei raggi UV mostra il suo volto veramente al neon.<\/p>\n<p>Per l\u2019uso sullo strato di dispersione.<\/p>\n<p>Per uso professionale, non applicare direttamente sulla lamina ungueale, proteggere dai bambini, utilizzare una maschera protettiva e guanti monouso per l\u2019applicazione!<\/p>\n","protected":false},"excerpt":{"rendered":"<p>Pigmento neon altamente saturo, che brilla sotto l\u2019influenza dei raggi UV! Gi\u00e0 alla luce del giorno, Neon UV Pigment \u00e8 caratterizzato da una luminosit\u00e0 del colore senza precedenti, ma solo sotto l\u2019influenza dei raggi UV mostra il suo volto veramente al neon. Per l\u2019uso sullo strato di dispersione. Per uso professionale, non applicare direttamente sulla [&hellip;]<\/p>\n","protected":false},"featured_media":10330,"comment_status":"closed","ping_status":"open","template":"","meta":[],"product_brand":[],"product_cat":[35],"product_tag":[180,72,1320,1321,1323,504],"class_list":{"0":"post-10329","1":"product","2":"type-product","3":"status-publish","4":"has-post-thumbnail","6":"product_cat-decorazioni","7":"product_tag-fluo","8":"product_tag-neon","9":"product_tag-pigmento","10":"product_tag-pigmento-fluo","11":"product_tag-pigmento-neon","12":"product_tag-polvere","14":"first","15":"instock","16":"shipping-taxable","17":"purchasable","18":"product-type-simple"},"_links":{"self":[{"href":"https:\/\/serverdedicato.lovenailsrivenditore.com\/index.php?rest_route=\/wp\/v2\/product\/10329","targetHints":{"allow":["GET"]}}],"collection":[{"href":"https:\/\/serverdedicato.lovenailsrivenditore.com\/index.php?rest_route=\/wp\/v2\/product"}],"about":[{"href":"https:\/\/serverdedicato.lovenailsrivenditore.com\/index.php?rest_route=\/wp\/v2\/types\/product"}],"replies":[{"embeddable":true,"href":"https:\/\/serverdedicato.lovenailsrivenditore.com\/index.php?rest_route=%2Fwp%2Fv2%2Fcomments&post=10329"}],"wp:featuredmedia":[{"embeddable":true,"href":"https:\/\/serverdedicato.lovenailsrivenditore.com\/index.php?rest_route=\/wp\/v2\/media\/10330"}],"wp:attachment":[{"href":"https:\/\/serverdedicato.lovenailsrivenditore.com\/index.php?rest_route=%2Fwp%2Fv2%2Fmedia&parent=10329"}],"wp:term":[{"taxonomy":"product_brand","embeddable":true,"href":"https:\/\/serverdedicato.lovenailsrivenditore.com\/index.php?rest_route=%2Fwp%2Fv2%2Fproduct_brand&post=10329"},{"taxonomy":"product_cat","embeddable":true,"href":"https:\/\/serverdedicato.lovenailsrivenditore.com\/index.php?rest_route=%2Fwp%2Fv2%2Fproduct_cat&post=10329"},{"taxonomy":"product_tag","embeddable":true,"href":"https:\/\/serverdedicato.lovenailsrivenditore.com\/index.php?rest_route=%2Fwp%2Fv2%2Fproduct_tag&post=10329"}],"curies":[{"name":"wp","href":"https:\/\/api.w.org\/{rel}","templated":true}]}}