{"id":10679,"date":"2023-05-23T15:44:37","date_gmt":"2023-05-23T13:44:37","guid":{"rendered":"https:\/\/serverdedicato.lovenailsrivenditore.com\/?product=lumino-effect-n-13-allepaznokcie"},"modified":"2026-04-17T19:28:49","modified_gmt":"2026-04-17T17:28:49","slug":"lumino-effect-n-13-allepaznokcie","status":"publish","type":"product","link":"https:\/\/serverdedicato.lovenailsrivenditore.com\/?product=lumino-effect-n-13-allepaznokcie","title":{"rendered":"Lumino Effect n.13 Allepaznokcie"},"content":{"rendered":"<p>Effetto innovativo \u2013 polvere che brilla al buio! Aggiungi un look insolito al tuo stile!<\/p>\n<p>La polvere pu\u00f2 essere applicata su qualsiasi colore, ma applicato a un colore simile a quello <strong>Lumino<\/strong>\u00a0si illumina al buio, conquister\u00e0 inoltre l&#8217;effetto, rafforzer\u00e0 e enfatizzer\u00e0 la sua bellezza.<\/p>\n","protected":false},"excerpt":{"rendered":"<p>Effetto innovativo \u2013 polvere che brilla al buio! Aggiungi un look insolito al tuo stile! La polvere pu\u00f2 essere applicata su qualsiasi colore, ma applicato a un colore simile a quello Lumino\u00a0si illumina al buio, conquister\u00e0 inoltre l&#8217;effetto, rafforzer\u00e0 e enfatizzer\u00e0 la sua bellezza.<\/p>\n","protected":false},"featured_media":10680,"comment_status":"closed","ping_status":"open","template":"","meta":[],"product_brand":[],"product_cat":[35,514],"product_tag":[252,1358,538,1359],"class_list":{"0":"post-10679","1":"product","2":"type-product","3":"status-publish","4":"has-post-thumbnail","6":"product_cat-decorazioni","7":"product_cat-glitter","8":"product_tag-allepaznokcie","9":"product_tag-effect","10":"product_tag-effetto","11":"product_tag-lumino","13":"first","14":"instock","15":"shipping-taxable","16":"purchasable","17":"product-type-simple"},"_links":{"self":[{"href":"https:\/\/serverdedicato.lovenailsrivenditore.com\/index.php?rest_route=\/wp\/v2\/product\/10679","targetHints":{"allow":["GET"]}}],"collection":[{"href":"https:\/\/serverdedicato.lovenailsrivenditore.com\/index.php?rest_route=\/wp\/v2\/product"}],"about":[{"href":"https:\/\/serverdedicato.lovenailsrivenditore.com\/index.php?rest_route=\/wp\/v2\/types\/product"}],"replies":[{"embeddable":true,"href":"https:\/\/serverdedicato.lovenailsrivenditore.com\/index.php?rest_route=%2Fwp%2Fv2%2Fcomments&post=10679"}],"wp:featuredmedia":[{"embeddable":true,"href":"https:\/\/serverdedicato.lovenailsrivenditore.com\/index.php?rest_route=\/wp\/v2\/media\/10680"}],"wp:attachment":[{"href":"https:\/\/serverdedicato.lovenailsrivenditore.com\/index.php?rest_route=%2Fwp%2Fv2%2Fmedia&parent=10679"}],"wp:term":[{"taxonomy":"product_brand","embeddable":true,"href":"https:\/\/serverdedicato.lovenailsrivenditore.com\/index.php?rest_route=%2Fwp%2Fv2%2Fproduct_brand&post=10679"},{"taxonomy":"product_cat","embeddable":true,"href":"https:\/\/serverdedicato.lovenailsrivenditore.com\/index.php?rest_route=%2Fwp%2Fv2%2Fproduct_cat&post=10679"},{"taxonomy":"product_tag","embeddable":true,"href":"https:\/\/serverdedicato.lovenailsrivenditore.com\/index.php?rest_route=%2Fwp%2Fv2%2Fproduct_tag&post=10679"}],"curies":[{"name":"wp","href":"https:\/\/api.w.org\/{rel}","templated":true}]}}