{"id":11662,"date":"2023-06-30T12:09:55","date_gmt":"2023-06-30T10:09:55","guid":{"rendered":"https:\/\/serverdedicato.lovenailsrivenditore.com\/?product=expert-smart-by-monika-mielniczuk-5ml-molly-lac"},"modified":"2026-04-17T19:37:42","modified_gmt":"2026-04-17T17:37:42","slug":"expert-smart-by-monika-mielniczuk-5ml-molly-lac","status":"publish","type":"product","link":"https:\/\/serverdedicato.lovenailsrivenditore.com\/?product=expert-smart-by-monika-mielniczuk-5ml-molly-lac","title":{"rendered":"Expert Smart By Monika Mielniczuk 5ml Molly Lac"},"content":{"rendered":"<p><strong>\u00a0Expert Smart<\/strong>\u00a0\u00e8 un gel da costruttore autolivellante di medio densit\u00e0 che rinforza le tue unghie!<\/p>\n<p>La tonalit\u00e0 naturale del gel si adatta al 100% a ogni lamina ungueale e carnagione.<\/p>\n<p><strong>L\u2019uso delle ultime tecnologie garantisce la massima qualit\u00e0 e consente di utilizzare il prodotto quando si lavora con varie tecniche:<\/strong><\/p>\n<ul>\n<li>per rinforzare unghie naturali, anche problematiche o flessibili<\/li>\n<li>per allungamenti<\/li>\n<li>per la tecnica senza limatura<\/li>\n<li>per allungamenti estremi<\/li>\n<li>per la tecnica del babyboomer naturale,<\/li>\n<li>per aggiunte e correzioni rapide delle unghie<\/li>\n<\/ul>\n<p><strong>Expert Smart<\/strong>\u00a0\u00e8 l\u2019unico gel di questo tipo sul mercato!\u00a0Creato sotto la supervisione e secondo l\u2019idea di un\u2019eccezionale esperta di nail styling ed insegnante\u00a0<strong>Monika Mielniczuk.\u00a0<\/strong><\/p>\n<p><strong>Vantaggi e caratteristiche del gel Expert Smart:\u00a0<\/strong><\/p>\n<ul>\n<li>\u00c8 progettato sia per i principianti che per gli avanzati.<\/li>\n<li>Fornisce una copertura del 90%.<\/li>\n<li>Mimetizza discromie e imperfezioni della lamina ungueale.<\/li>\n<li>Ha un sottile profumo di fragola.<\/li>\n<li>Quando lo raccogli dal contenitore, ritorna rapidamente al suo posto.<\/li>\n<li>Durante la corretta applicazione, non cola sulle cuticole.<\/li>\n<li>Resistente alle sollecitazioni e ai danni meccanici.<\/li>\n<li>\u00c8 un polimero ad altissima reticolazione, che ne garantisce la massima resistenza.<\/li>\n<li>Perfetto per rafforzare le unghie.<\/li>\n<li>Ha un colore universale e neutro che si adatta a tutti i tipi di pelle.<\/li>\n<li>\u00c8 di medio densit\u00e0<\/li>\n<li>Molto morbido da limare.<\/li>\n<\/ul>\n<p>Cura in 60 sec.\u00a0con uno strato sottile, durante l\u2019applicazione standard 120 sec.<\/p>\n","protected":false},"excerpt":{"rendered":"<p>\u00a0Expert Smart\u00a0\u00e8 un gel da costruttore autolivellante di medio densit\u00e0 che rinforza le tue unghie! La tonalit\u00e0 naturale del gel si adatta al 100% a ogni lamina ungueale e carnagione. L\u2019uso delle ultime tecnologie garantisce la massima qualit\u00e0 e consente di utilizzare il prodotto quando si lavora con varie tecniche: per rinforzare unghie naturali, anche [&hellip;]<\/p>\n","protected":false},"featured_media":11663,"comment_status":"closed","ping_status":"open","template":"","meta":[],"product_brand":[],"product_cat":[225,224,223,81],"product_tag":[227,1435,84,1436],"class_list":{"0":"post-11662","1":"product","2":"type-product","3":"status-publish","4":"has-post-thumbnail","6":"product_cat-costruttori-molly-lac","7":"product_cat-costruttori","8":"product_cat-gel-uv","9":"product_cat-molly-lac","10":"product_tag-costruttore","11":"product_tag-expert-smart","12":"product_tag-molly-lac","13":"product_tag-smart","15":"first","16":"instock","17":"shipping-taxable","18":"purchasable","19":"product-type-simple"},"_links":{"self":[{"href":"https:\/\/serverdedicato.lovenailsrivenditore.com\/index.php?rest_route=\/wp\/v2\/product\/11662","targetHints":{"allow":["GET"]}}],"collection":[{"href":"https:\/\/serverdedicato.lovenailsrivenditore.com\/index.php?rest_route=\/wp\/v2\/product"}],"about":[{"href":"https:\/\/serverdedicato.lovenailsrivenditore.com\/index.php?rest_route=\/wp\/v2\/types\/product"}],"replies":[{"embeddable":true,"href":"https:\/\/serverdedicato.lovenailsrivenditore.com\/index.php?rest_route=%2Fwp%2Fv2%2Fcomments&post=11662"}],"wp:featuredmedia":[{"embeddable":true,"href":"https:\/\/serverdedicato.lovenailsrivenditore.com\/index.php?rest_route=\/wp\/v2\/media\/11663"}],"wp:attachment":[{"href":"https:\/\/serverdedicato.lovenailsrivenditore.com\/index.php?rest_route=%2Fwp%2Fv2%2Fmedia&parent=11662"}],"wp:term":[{"taxonomy":"product_brand","embeddable":true,"href":"https:\/\/serverdedicato.lovenailsrivenditore.com\/index.php?rest_route=%2Fwp%2Fv2%2Fproduct_brand&post=11662"},{"taxonomy":"product_cat","embeddable":true,"href":"https:\/\/serverdedicato.lovenailsrivenditore.com\/index.php?rest_route=%2Fwp%2Fv2%2Fproduct_cat&post=11662"},{"taxonomy":"product_tag","embeddable":true,"href":"https:\/\/serverdedicato.lovenailsrivenditore.com\/index.php?rest_route=%2Fwp%2Fv2%2Fproduct_tag&post=11662"}],"curies":[{"name":"wp","href":"https:\/\/api.w.org\/{rel}","templated":true}]}}