{"id":11987,"date":"2023-07-03T14:02:15","date_gmt":"2023-07-03T12:02:15","guid":{"rendered":"https:\/\/serverdedicato.lovenailsrivenditore.com\/?product=pietra-pomice-quadrata-viola"},"modified":"2026-04-17T19:40:50","modified_gmt":"2026-04-17T17:40:50","slug":"pietra-pomice-quadrata-viola","status":"publish","type":"product","link":"https:\/\/serverdedicato.lovenailsrivenditore.com\/?product=pietra-pomice-quadrata-viola","title":{"rendered":"Pietra Pomice Quadrata Viola"},"content":{"rendered":"<p>Pietra pomice forma quadrata per pedicure.<\/p>\n<p>Viene utilizzato per rimuovere l&#8217;epidermide cheratinizzata dai talloni. Pu\u00f2 essere utilizzato sia asciutto che bagnato. Il blocco \u00e8 realizzato in schiuma leggera ma molto resistente e flessibile, \u00e8 maneggevole ed efficace. Il materiale abrasivo \u00e8 molto resistente e resistente all&#8217;usura.<\/p>\n","protected":false},"excerpt":{"rendered":"<p>Pietra pomice forma quadrata per pedicure. Viene utilizzato per rimuovere l&#8217;epidermide cheratinizzata dai talloni. Pu\u00f2 essere utilizzato sia asciutto che bagnato. Il blocco \u00e8 realizzato in schiuma leggera ma molto resistente e flessibile, \u00e8 maneggevole ed efficace. Il materiale abrasivo \u00e8 molto resistente e resistente all&#8217;usura.<\/p>\n","protected":false},"featured_media":11988,"comment_status":"closed","ping_status":"open","template":"","meta":[],"product_brand":[],"product_cat":[177],"product_tag":[301,494,1454],"class_list":{"0":"post-11987","1":"product","2":"type-product","3":"status-publish","4":"has-post-thumbnail","6":"product_cat-accessori","7":"product_tag-accessori","8":"product_tag-pedicure","9":"product_tag-pietra-pomice","11":"first","12":"instock","13":"shipping-taxable","14":"purchasable","15":"product-type-simple"},"_links":{"self":[{"href":"https:\/\/serverdedicato.lovenailsrivenditore.com\/index.php?rest_route=\/wp\/v2\/product\/11987","targetHints":{"allow":["GET"]}}],"collection":[{"href":"https:\/\/serverdedicato.lovenailsrivenditore.com\/index.php?rest_route=\/wp\/v2\/product"}],"about":[{"href":"https:\/\/serverdedicato.lovenailsrivenditore.com\/index.php?rest_route=\/wp\/v2\/types\/product"}],"replies":[{"embeddable":true,"href":"https:\/\/serverdedicato.lovenailsrivenditore.com\/index.php?rest_route=%2Fwp%2Fv2%2Fcomments&post=11987"}],"wp:featuredmedia":[{"embeddable":true,"href":"https:\/\/serverdedicato.lovenailsrivenditore.com\/index.php?rest_route=\/wp\/v2\/media\/11988"}],"wp:attachment":[{"href":"https:\/\/serverdedicato.lovenailsrivenditore.com\/index.php?rest_route=%2Fwp%2Fv2%2Fmedia&parent=11987"}],"wp:term":[{"taxonomy":"product_brand","embeddable":true,"href":"https:\/\/serverdedicato.lovenailsrivenditore.com\/index.php?rest_route=%2Fwp%2Fv2%2Fproduct_brand&post=11987"},{"taxonomy":"product_cat","embeddable":true,"href":"https:\/\/serverdedicato.lovenailsrivenditore.com\/index.php?rest_route=%2Fwp%2Fv2%2Fproduct_cat&post=11987"},{"taxonomy":"product_tag","embeddable":true,"href":"https:\/\/serverdedicato.lovenailsrivenditore.com\/index.php?rest_route=%2Fwp%2Fv2%2Fproduct_tag&post=11987"}],"curies":[{"name":"wp","href":"https:\/\/api.w.org\/{rel}","templated":true}]}}