{"id":12420,"date":"2023-07-12T14:30:47","date_gmt":"2023-07-12T12:30:47","guid":{"rendered":"https:\/\/serverdedicato.lovenailsrivenditore.com\/?product=staleks-tronchesina-pro-exclusive-magnolia-nx-20-5"},"modified":"2026-04-17T19:45:00","modified_gmt":"2026-04-17T17:45:00","slug":"staleks-tronchesina-pro-exclusive-magnolia-nx-20-5","status":"publish","type":"product","link":"https:\/\/serverdedicato.lovenailsrivenditore.com\/?product=staleks-tronchesina-pro-exclusive-magnolia-nx-20-5","title":{"rendered":"STALEKS &#8211; Tronchesina PRO EXCLUSIVE Magnolia NX-20-5"},"content":{"rendered":"<p>Ogni variet\u00e0 della serie Staleks PRO Exclusive porta la massima qualit\u00e0 e il design originale. L&#8217;unicit\u00e0 dello strumento \u00e8 enfatizzata dal motivo sofisticato ed elegante sulle maniglie.\u00a0Come tutti i modelli della serie Exclusive, i manici sono incisi, questo modello \u00e8 sotto forma di fiori di magnolia.<\/p>\n<p>L&#8217;NX-20-8 \u00e8 il pi\u00f9 piccolo della serie Exclusive 20 e ha una parte di taglio lunga 5 mm.\u00a0I bordi di lavoro delle tosatrici si trovano ad una leggera angolazione e sono affilati a mano con affilatori professionali per strumenti per manicure.\u00a0In combinazione con l&#8217;elevata durezza dell&#8217;acciaio, questo garantisce un taglio chiaro e preciso della cuticola intorno all&#8217;unghia.<\/p>\n<p>Le esclusive tronchesine per cuticole Exclusive 20 NX-20-5 hanno una piccola sporgenza di taglio (tallone), che rende questo modello un&#8217;opzione eccellente per lavorare con pelle di medio spessore e ridurre al minimo la possibilit\u00e0 di ferire il cliente. La chiusura regolare delle tele, l&#8217;ergonomia e la forma confortevole delle maniglie offrono il massimo comfort e libert\u00e0 durante il lavoro a lungo termine con loro, senza causare affaticamento della mano.<\/p>\n<h3>Caratteristiche degli esclusivi tagliacuticole NX-20-5:<\/h3>\n<ul>\n<li>pu\u00f2 essere disinfettato e sterilizzato;<\/li>\n<li>parti di taglio diritte ad angolo;<\/li>\n<li>taglio preciso dell&#8217;epidermide;<\/li>\n<li>movimento fluido e morbido grazie alla geometria unica delle maniglie;<\/li>\n<li>affilatura manuale professionale di parti di taglio di utensili utilizzando un microscopio;<\/li>\n<li>elevata resistenza alla corrosione grazie alla lucidatura accurata per l&#8217;effetto specchio;<\/li>\n<li>Maniglie ergonomiche con un motivo originale sotto forma di fiori di magnolia.<\/li>\n<\/ul>\n","protected":false},"excerpt":{"rendered":"<p>Ogni variet\u00e0 della serie Staleks PRO Exclusive porta la massima qualit\u00e0 e il design originale. L&#8217;unicit\u00e0 dello strumento \u00e8 enfatizzata dal motivo sofisticato ed elegante sulle maniglie.\u00a0Come tutti i modelli della serie Exclusive, i manici sono incisi, questo modello \u00e8 sotto forma di fiori di magnolia. L&#8217;NX-20-8 \u00e8 il pi\u00f9 piccolo della serie Exclusive 20 [&hellip;]<\/p>\n","protected":false},"featured_media":12421,"comment_status":"open","ping_status":"open","template":"","meta":[],"product_brand":[],"product_cat":[177,1310,351,1315],"product_tag":[1469,353,1314,930],"class_list":{"0":"post-12420","1":"product","2":"type-product","3":"status-publish","4":"has-post-thumbnail","6":"product_cat-accessori","7":"product_cat-staleks","8":"product_cat-tronchesina","9":"product_cat-tronchesine-professionali","10":"product_tag-pro-exclusive","11":"product_tag-professionale","12":"product_tag-staleks","13":"product_tag-tronchesina","15":"first","16":"instock","17":"shipping-taxable","18":"purchasable","19":"product-type-simple"},"_links":{"self":[{"href":"https:\/\/serverdedicato.lovenailsrivenditore.com\/index.php?rest_route=\/wp\/v2\/product\/12420","targetHints":{"allow":["GET"]}}],"collection":[{"href":"https:\/\/serverdedicato.lovenailsrivenditore.com\/index.php?rest_route=\/wp\/v2\/product"}],"about":[{"href":"https:\/\/serverdedicato.lovenailsrivenditore.com\/index.php?rest_route=\/wp\/v2\/types\/product"}],"replies":[{"embeddable":true,"href":"https:\/\/serverdedicato.lovenailsrivenditore.com\/index.php?rest_route=%2Fwp%2Fv2%2Fcomments&post=12420"}],"wp:featuredmedia":[{"embeddable":true,"href":"https:\/\/serverdedicato.lovenailsrivenditore.com\/index.php?rest_route=\/wp\/v2\/media\/12421"}],"wp:attachment":[{"href":"https:\/\/serverdedicato.lovenailsrivenditore.com\/index.php?rest_route=%2Fwp%2Fv2%2Fmedia&parent=12420"}],"wp:term":[{"taxonomy":"product_brand","embeddable":true,"href":"https:\/\/serverdedicato.lovenailsrivenditore.com\/index.php?rest_route=%2Fwp%2Fv2%2Fproduct_brand&post=12420"},{"taxonomy":"product_cat","embeddable":true,"href":"https:\/\/serverdedicato.lovenailsrivenditore.com\/index.php?rest_route=%2Fwp%2Fv2%2Fproduct_cat&post=12420"},{"taxonomy":"product_tag","embeddable":true,"href":"https:\/\/serverdedicato.lovenailsrivenditore.com\/index.php?rest_route=%2Fwp%2Fv2%2Fproduct_tag&post=12420"}],"curies":[{"name":"wp","href":"https:\/\/api.w.org\/{rel}","templated":true}]}}