{"id":12650,"date":"2023-07-17T15:43:08","date_gmt":"2023-07-17T13:43:08","guid":{"rendered":"https:\/\/serverdedicato.lovenailsrivenditore.com\/?product=effetto-zucchero-n-23-candy-dream-allepazznokcie"},"modified":"2026-04-17T19:47:15","modified_gmt":"2026-04-17T17:47:15","slug":"effetto-zucchero-n-23-candy-dream-allepazznokcie","status":"publish","type":"product","link":"https:\/\/serverdedicato.lovenailsrivenditore.com\/?product=effetto-zucchero-n-23-candy-dream-allepazznokcie","title":{"rendered":"Effetto Zucchero n.23 Candy Dream Allepazznokcie"},"content":{"rendered":"<p>Un nuovissimo effetto zucchero!<\/p>\n<p>Questo effetto non brilla come glitter, ma doner\u00e0 una particolarit\u00e0 alle tue unghie.<\/p>\n<p>Ti dar\u00e0 un effetto caramella!<\/p>\n","protected":false},"excerpt":{"rendered":"<p>Un nuovissimo effetto zucchero! Questo effetto non brilla come glitter, ma doner\u00e0 una particolarit\u00e0 alle tue unghie. Ti dar\u00e0 un effetto caramella!<\/p>\n","protected":false},"featured_media":12651,"comment_status":"closed","ping_status":"open","template":"","meta":[],"product_brand":[],"product_cat":[35,514],"product_tag":[252,1496,37,350],"class_list":{"0":"post-12650","1":"product","2":"type-product","3":"status-publish","4":"has-post-thumbnail","6":"product_cat-decorazioni","7":"product_cat-glitter","8":"product_tag-allepaznokcie","9":"product_tag-candy-dream","10":"product_tag-decorazioni","11":"product_tag-glitter","13":"first","14":"instock","15":"shipping-taxable","16":"purchasable","17":"product-type-simple"},"_links":{"self":[{"href":"https:\/\/serverdedicato.lovenailsrivenditore.com\/index.php?rest_route=\/wp\/v2\/product\/12650","targetHints":{"allow":["GET"]}}],"collection":[{"href":"https:\/\/serverdedicato.lovenailsrivenditore.com\/index.php?rest_route=\/wp\/v2\/product"}],"about":[{"href":"https:\/\/serverdedicato.lovenailsrivenditore.com\/index.php?rest_route=\/wp\/v2\/types\/product"}],"replies":[{"embeddable":true,"href":"https:\/\/serverdedicato.lovenailsrivenditore.com\/index.php?rest_route=%2Fwp%2Fv2%2Fcomments&post=12650"}],"wp:featuredmedia":[{"embeddable":true,"href":"https:\/\/serverdedicato.lovenailsrivenditore.com\/index.php?rest_route=\/wp\/v2\/media\/12651"}],"wp:attachment":[{"href":"https:\/\/serverdedicato.lovenailsrivenditore.com\/index.php?rest_route=%2Fwp%2Fv2%2Fmedia&parent=12650"}],"wp:term":[{"taxonomy":"product_brand","embeddable":true,"href":"https:\/\/serverdedicato.lovenailsrivenditore.com\/index.php?rest_route=%2Fwp%2Fv2%2Fproduct_brand&post=12650"},{"taxonomy":"product_cat","embeddable":true,"href":"https:\/\/serverdedicato.lovenailsrivenditore.com\/index.php?rest_route=%2Fwp%2Fv2%2Fproduct_cat&post=12650"},{"taxonomy":"product_tag","embeddable":true,"href":"https:\/\/serverdedicato.lovenailsrivenditore.com\/index.php?rest_route=%2Fwp%2Fv2%2Fproduct_tag&post=12650"}],"curies":[{"name":"wp","href":"https:\/\/api.w.org\/{rel}","templated":true}]}}