{"id":12753,"date":"2023-07-20T14:44:51","date_gmt":"2023-07-20T12:44:51","guid":{"rendered":"https:\/\/serverdedicato.lovenailsrivenditore.com\/?product=lampada-sun-one-54w-bianca"},"modified":"2026-04-17T19:48:19","modified_gmt":"2026-04-17T17:48:19","slug":"lampada-sun-one-54w-bianca","status":"publish","type":"product","link":"https:\/\/serverdedicato.lovenailsrivenditore.com\/?product=lampada-sun-one-54w-bianca","title":{"rendered":"Lampada Sun One Digitale 54W Bianca"},"content":{"rendered":"<ul class=\"a-unordered-list a-vertical a-spacing-mini\">\n<li class=\"a-spacing-mini\"><span class=\"a-list-item\">Prestazioni eccellenti: display LCD digitale, sincronizzazione intelligente, il tempo rimanente \u00e8 chiaramente visibile. La base \u00e8 rimovibile e pu\u00f2 essere utilizzata per manicure e pedicure per una facile igiene. A forma di conchiglia, finitura perlata, squisita e bella, solida, facile da pulire.<\/span><\/li>\n<li class=\"a-spacing-mini\"><span class=\"a-list-item\">Lampada \u201ctutto in uno\u201d professionale per unghie: un prodotto progettato per asciugare le unghie, 54 W, 36 luci combinate con raggi UV, funziona bene con tutti i tipi di gel UV e smalti per unghie con gel LED. Ad esempio base coat, gel colorato, gel duro, costruttori, acrilico, gel per scultura, colla per gemme, ecc.<\/span><\/li>\n<li class=\"a-spacing-mini\"><span class=\"a-list-item\">Tecnologia a doppia fonte di luce e di alta qualit\u00e0: la fonte di luce doppia (365 + 405 nm) \u00e8 una tecnologia avanzata che copre una vasta gamma di bande UV, adatta e garantita per l&#8217;asciugatura di tutti i tipi di gel per unghie; rende l&#8217;asciugatura delle unghie veloce e ottimale, adatta e garantita per l&#8217;asciugatura di tutti i tipi di gel per unghie, inclusi gel UV per unghie, gel duri e gel per unghie LED.<\/span><\/li>\n<\/ul>\n","protected":false},"excerpt":{"rendered":"<p>Prestazioni eccellenti: display LCD digitale, sincronizzazione intelligente, il tempo rimanente \u00e8 chiaramente visibile. La base \u00e8 rimovibile e pu\u00f2 essere utilizzata per manicure e pedicure per una facile igiene. A forma di conchiglia, finitura perlata, squisita e bella, solida, facile da pulire. Lampada \u201ctutto in uno\u201d professionale per unghie: un prodotto progettato per asciugare le [&hellip;]<\/p>\n","protected":false},"featured_media":12754,"comment_status":"closed","ping_status":"open","template":"","meta":[],"product_brand":[],"product_cat":[147,170,249],"product_tag":[1506,171,1278],"class_list":{"0":"post-12753","1":"product","2":"type-product","3":"status-publish","4":"has-post-thumbnail","6":"product_cat-apparecchiature","7":"product_cat-lampade","8":"product_cat-promozioni","9":"product_tag-54w","10":"product_tag-lampada","11":"product_tag-sun-one","13":"first","14":"instock","15":"shipping-taxable","16":"purchasable","17":"product-type-simple"},"_links":{"self":[{"href":"https:\/\/serverdedicato.lovenailsrivenditore.com\/index.php?rest_route=\/wp\/v2\/product\/12753","targetHints":{"allow":["GET"]}}],"collection":[{"href":"https:\/\/serverdedicato.lovenailsrivenditore.com\/index.php?rest_route=\/wp\/v2\/product"}],"about":[{"href":"https:\/\/serverdedicato.lovenailsrivenditore.com\/index.php?rest_route=\/wp\/v2\/types\/product"}],"replies":[{"embeddable":true,"href":"https:\/\/serverdedicato.lovenailsrivenditore.com\/index.php?rest_route=%2Fwp%2Fv2%2Fcomments&post=12753"}],"wp:featuredmedia":[{"embeddable":true,"href":"https:\/\/serverdedicato.lovenailsrivenditore.com\/index.php?rest_route=\/wp\/v2\/media\/12754"}],"wp:attachment":[{"href":"https:\/\/serverdedicato.lovenailsrivenditore.com\/index.php?rest_route=%2Fwp%2Fv2%2Fmedia&parent=12753"}],"wp:term":[{"taxonomy":"product_brand","embeddable":true,"href":"https:\/\/serverdedicato.lovenailsrivenditore.com\/index.php?rest_route=%2Fwp%2Fv2%2Fproduct_brand&post=12753"},{"taxonomy":"product_cat","embeddable":true,"href":"https:\/\/serverdedicato.lovenailsrivenditore.com\/index.php?rest_route=%2Fwp%2Fv2%2Fproduct_cat&post=12753"},{"taxonomy":"product_tag","embeddable":true,"href":"https:\/\/serverdedicato.lovenailsrivenditore.com\/index.php?rest_route=%2Fwp%2Fv2%2Fproduct_tag&post=12753"}],"curies":[{"name":"wp","href":"https:\/\/api.w.org\/{rel}","templated":true}]}}