{"id":12981,"date":"2023-07-29T13:04:26","date_gmt":"2023-07-29T11:04:26","guid":{"rendered":"https:\/\/serverdedicato.lovenailsrivenditore.com\/?product=rubber-base-2in1-fluo-chillin-10ml-molly-lac"},"modified":"2026-04-17T19:51:03","modified_gmt":"2026-04-17T17:51:03","slug":"rubber-base-2in1-fluo-chillin-10ml-molly-lac","status":"publish","type":"product","link":"https:\/\/serverdedicato.lovenailsrivenditore.com\/?product=rubber-base-2in1-fluo-chillin-10ml-molly-lac","title":{"rendered":"Rubber Base 2in1 Fluo &#8211; Chillin 10ml Molly Lac"},"content":{"rendered":"<p>Nuovissima base rubare 2in1<\/p>\n<p class=\"tw-data-text tw-text-large tw-ta\" dir=\"ltr\" data-placeholder=\"Traduzione\"><span class=\"Y2IQFc\" lang=\"it\">Grazie all&#8217;eccellente copertura, all&#8217;elevata densit\u00e0 e alle propriet\u00e0 costruttive, svolgono diverse funzioni in un unico prodotto.<\/span><\/p>\n<p class=\"tw-data-text tw-text-large tw-ta\" dir=\"ltr\" data-placeholder=\"Traduzione\"><span class=\"Y2IQFc\" lang=\"it\">Acceleri il lavoro con loro Non \u00e8 necessario utilizzare due mani di colore per la mano di fondo<\/span><\/p>\n<p class=\"tw-data-text tw-text-large tw-ta\" dir=\"ltr\" data-placeholder=\"Traduzione\"><span class=\"Y2IQFc\" lang=\"it\">Coprono le imperfezioni delle unghie.<\/span><\/p>\n<p class=\"tw-data-text tw-text-large tw-ta\" dir=\"ltr\" data-placeholder=\"Traduzione\"><span class=\"Y2IQFc\" lang=\"it\">Grazie alla sua tonalit\u00e0 intensa, \u00e8 un&#8217;ottima base per colori neon.<\/span><\/p>\n<p id=\"tw-target-text\" class=\"tw-data-text tw-text-large tw-ta\" dir=\"ltr\" data-placeholder=\"Traduzione\"><span class=\"Y2IQFc\" lang=\"it\">Con l&#8217;ultima base in gomma MollyLac farai crescere unghie sane e belle senza alcun problema.<\/span><\/p>\n","protected":false},"excerpt":{"rendered":"<p>Nuovissima base rubare 2in1 Grazie all&#8217;eccellente copertura, all&#8217;elevata densit\u00e0 e alle propriet\u00e0 costruttive, svolgono diverse funzioni in un unico prodotto. Acceleri il lavoro con loro Non \u00e8 necessario utilizzare due mani di colore per la mano di fondo Coprono le imperfezioni delle unghie. Grazie alla sua tonalit\u00e0 intensa, \u00e8 un&#8217;ottima base per colori neon. Con [&hellip;]<\/p>\n","protected":false},"featured_media":12982,"comment_status":"closed","ping_status":"open","template":"","meta":[],"product_brand":[],"product_cat":[240,241,81,239],"product_tag":[1318,258,180,268,86],"class_list":{"0":"post-12981","1":"product","2":"type-product","3":"status-publish","4":"has-post-thumbnail","6":"product_cat-base","7":"product_cat-base-molly-lac","8":"product_cat-molly-lac","9":"product_cat-semipermanente","10":"product_tag-2in1","11":"product_tag-base","12":"product_tag-fluo","13":"product_tag-rubber-base","14":"product_tag-semipermanente","16":"first","17":"outofstock","18":"shipping-taxable","19":"purchasable","20":"product-type-simple"},"_links":{"self":[{"href":"https:\/\/serverdedicato.lovenailsrivenditore.com\/index.php?rest_route=\/wp\/v2\/product\/12981","targetHints":{"allow":["GET"]}}],"collection":[{"href":"https:\/\/serverdedicato.lovenailsrivenditore.com\/index.php?rest_route=\/wp\/v2\/product"}],"about":[{"href":"https:\/\/serverdedicato.lovenailsrivenditore.com\/index.php?rest_route=\/wp\/v2\/types\/product"}],"replies":[{"embeddable":true,"href":"https:\/\/serverdedicato.lovenailsrivenditore.com\/index.php?rest_route=%2Fwp%2Fv2%2Fcomments&post=12981"}],"wp:featuredmedia":[{"embeddable":true,"href":"https:\/\/serverdedicato.lovenailsrivenditore.com\/index.php?rest_route=\/wp\/v2\/media\/12982"}],"wp:attachment":[{"href":"https:\/\/serverdedicato.lovenailsrivenditore.com\/index.php?rest_route=%2Fwp%2Fv2%2Fmedia&parent=12981"}],"wp:term":[{"taxonomy":"product_brand","embeddable":true,"href":"https:\/\/serverdedicato.lovenailsrivenditore.com\/index.php?rest_route=%2Fwp%2Fv2%2Fproduct_brand&post=12981"},{"taxonomy":"product_cat","embeddable":true,"href":"https:\/\/serverdedicato.lovenailsrivenditore.com\/index.php?rest_route=%2Fwp%2Fv2%2Fproduct_cat&post=12981"},{"taxonomy":"product_tag","embeddable":true,"href":"https:\/\/serverdedicato.lovenailsrivenditore.com\/index.php?rest_route=%2Fwp%2Fv2%2Fproduct_tag&post=12981"}],"curies":[{"name":"wp","href":"https:\/\/api.w.org\/{rel}","templated":true}]}}