{"id":14540,"date":"2023-09-12T15:47:14","date_gmt":"2023-09-12T13:47:14","guid":{"rendered":"https:\/\/serverdedicato.lovenailsrivenditore.com\/?product=claresa-galaxy-5ml-red"},"modified":"2026-04-18T09:41:03","modified_gmt":"2026-04-18T07:41:03","slug":"claresa-galaxy-5ml-red","status":"publish","type":"product","link":"https:\/\/serverdedicato.lovenailsrivenditore.com\/?product=claresa-galaxy-5ml-red","title":{"rendered":"CLARESA &#8211; GALAXY 5ml Red"},"content":{"rendered":"<p><strong>PROPRIET\u00c0:<\/strong><\/p>\n<ul>\n<li>applicazione senza problemi, senza allagare le cuticole<\/li>\n<li>lucentezza<\/li>\n<li>ideale, media densit\u00e0<\/li>\n<li>durata fino a 3 settimane<\/li>\n<li>capacit\u00e0: 5 g<\/li>\n<\/ul>\n<p><strong>UTILIZZO:<\/strong><\/p>\n<p>Applicare uno strato sottile di semipermanente sulla base ibrida Claresa precedentemente polimerizzata e polimerizzare nella lampada UV\/LED. Per ottenere un effetto soddisfacente, puoi ripetere l&#8217;azione. Infine applicare il top finish e polimerizzare<\/p>\n","protected":false},"excerpt":{"rendered":"<p>PROPRIET\u00c0: applicazione senza problemi, senza allagare le cuticole lucentezza ideale, media densit\u00e0 durata fino a 3 settimane capacit\u00e0: 5 g UTILIZZO: Applicare uno strato sottile di semipermanente sulla base ibrida Claresa precedentemente polimerizzata e polimerizzare nella lampada UV\/LED. Per ottenere un effetto soddisfacente, puoi ripetere l&#8217;azione. Infine applicare il top finish e polimerizzare<\/p>\n","protected":false},"featured_media":14541,"comment_status":"closed","ping_status":"open","template":"","meta":[],"product_brand":[],"product_cat":[1507,24,1560,83,1509],"product_tag":[1510,26,1613,77,86],"class_list":{"0":"post-14540","1":"product","2":"type-product","3":"status-publish","4":"has-post-thumbnail","6":"product_cat-claresa","7":"product_cat-colori","8":"product_cat-colori-semipermanente-claresa","9":"product_cat-semipermanenti","10":"product_cat-top-brand-professionali-unghie","11":"product_tag-claresa","12":"product_tag-colore","13":"product_tag-galaxy","14":"product_tag-red","15":"product_tag-semipermanente","17":"first","18":"outofstock","19":"shipping-taxable","20":"purchasable","21":"product-type-simple"},"_links":{"self":[{"href":"https:\/\/serverdedicato.lovenailsrivenditore.com\/index.php?rest_route=\/wp\/v2\/product\/14540","targetHints":{"allow":["GET"]}}],"collection":[{"href":"https:\/\/serverdedicato.lovenailsrivenditore.com\/index.php?rest_route=\/wp\/v2\/product"}],"about":[{"href":"https:\/\/serverdedicato.lovenailsrivenditore.com\/index.php?rest_route=\/wp\/v2\/types\/product"}],"replies":[{"embeddable":true,"href":"https:\/\/serverdedicato.lovenailsrivenditore.com\/index.php?rest_route=%2Fwp%2Fv2%2Fcomments&post=14540"}],"wp:featuredmedia":[{"embeddable":true,"href":"https:\/\/serverdedicato.lovenailsrivenditore.com\/index.php?rest_route=\/wp\/v2\/media\/14541"}],"wp:attachment":[{"href":"https:\/\/serverdedicato.lovenailsrivenditore.com\/index.php?rest_route=%2Fwp%2Fv2%2Fmedia&parent=14540"}],"wp:term":[{"taxonomy":"product_brand","embeddable":true,"href":"https:\/\/serverdedicato.lovenailsrivenditore.com\/index.php?rest_route=%2Fwp%2Fv2%2Fproduct_brand&post=14540"},{"taxonomy":"product_cat","embeddable":true,"href":"https:\/\/serverdedicato.lovenailsrivenditore.com\/index.php?rest_route=%2Fwp%2Fv2%2Fproduct_cat&post=14540"},{"taxonomy":"product_tag","embeddable":true,"href":"https:\/\/serverdedicato.lovenailsrivenditore.com\/index.php?rest_route=%2Fwp%2Fv2%2Fproduct_tag&post=14540"}],"curies":[{"name":"wp","href":"https:\/\/api.w.org\/{rel}","templated":true}]}}