{"id":14962,"date":"2023-09-18T16:05:39","date_gmt":"2023-09-18T14:05:39","guid":{"rendered":"https:\/\/serverdedicato.lovenailsrivenditore.com\/?product=set-8pz-pennelli-per-decorazioni-arcobaleno"},"modified":"2026-04-18T09:46:52","modified_gmt":"2026-04-18T07:46:52","slug":"set-8pz-pennelli-per-decorazioni-arcobaleno","status":"publish","type":"product","link":"https:\/\/serverdedicato.lovenailsrivenditore.com\/?product=set-8pz-pennelli-per-decorazioni-arcobaleno","title":{"rendered":"Set 8pz. Pennelli Per Decorazioni Arcobaleno"},"content":{"rendered":"<p>Set composto da 8 pezzi pennelli per decorazioni floreali, ombre e french.<\/p>\n<p>Ogni pennello \u00e8 realizzato con cura, con setole di ottima qualit\u00e0, che garantiscono durata e consentono di mantenere la loro forma anche dopo un uso ripetuto.<\/p>\n<p id=\"tw-target-text\" class=\"tw-data-text tw-text-large tw-ta\" dir=\"ltr\" data-placeholder=\"Traduzione\"><span class=\"Y2IQFc\" lang=\"it\">Questo set di pennelli \u00e8 uno strumento insostituibile per tutti coloro che desiderano creare decorazioni uniche e illimitate. Che tu sia un principiante o uno stilista esperto, questi vari pennelli ti aiuteranno a sviluppare le tue abilit\u00e0.<\/span><\/p>\n<p>&nbsp;<\/p>\n","protected":false},"excerpt":{"rendered":"<p>Set composto da 8 pezzi pennelli per decorazioni floreali, ombre e french. Ogni pennello \u00e8 realizzato con cura, con setole di ottima qualit\u00e0, che garantiscono durata e consentono di mantenere la loro forma anche dopo un uso ripetuto. Questo set di pennelli \u00e8 uno strumento insostituibile per tutti coloro che desiderano creare decorazioni uniche e [&hellip;]<\/p>\n","protected":false},"featured_media":14963,"comment_status":"closed","ping_status":"open","template":"","meta":[],"product_brand":[],"product_cat":[177,243],"product_tag":[37,1625,503,1626,453],"class_list":{"0":"post-14962","1":"product","2":"type-product","3":"status-publish","4":"has-post-thumbnail","6":"product_cat-accessori","7":"product_cat-pennelli","8":"product_tag-decorazioni","9":"product_tag-kit-pennelli","10":"product_tag-pennelli","11":"product_tag-pennello-per-decorazioni","12":"product_tag-set-pennelli","14":"first","15":"instock","16":"shipping-taxable","17":"purchasable","18":"product-type-simple"},"_links":{"self":[{"href":"https:\/\/serverdedicato.lovenailsrivenditore.com\/index.php?rest_route=\/wp\/v2\/product\/14962","targetHints":{"allow":["GET"]}}],"collection":[{"href":"https:\/\/serverdedicato.lovenailsrivenditore.com\/index.php?rest_route=\/wp\/v2\/product"}],"about":[{"href":"https:\/\/serverdedicato.lovenailsrivenditore.com\/index.php?rest_route=\/wp\/v2\/types\/product"}],"replies":[{"embeddable":true,"href":"https:\/\/serverdedicato.lovenailsrivenditore.com\/index.php?rest_route=%2Fwp%2Fv2%2Fcomments&post=14962"}],"wp:featuredmedia":[{"embeddable":true,"href":"https:\/\/serverdedicato.lovenailsrivenditore.com\/index.php?rest_route=\/wp\/v2\/media\/14963"}],"wp:attachment":[{"href":"https:\/\/serverdedicato.lovenailsrivenditore.com\/index.php?rest_route=%2Fwp%2Fv2%2Fmedia&parent=14962"}],"wp:term":[{"taxonomy":"product_brand","embeddable":true,"href":"https:\/\/serverdedicato.lovenailsrivenditore.com\/index.php?rest_route=%2Fwp%2Fv2%2Fproduct_brand&post=14962"},{"taxonomy":"product_cat","embeddable":true,"href":"https:\/\/serverdedicato.lovenailsrivenditore.com\/index.php?rest_route=%2Fwp%2Fv2%2Fproduct_cat&post=14962"},{"taxonomy":"product_tag","embeddable":true,"href":"https:\/\/serverdedicato.lovenailsrivenditore.com\/index.php?rest_route=%2Fwp%2Fv2%2Fproduct_tag&post=14962"}],"curies":[{"name":"wp","href":"https:\/\/api.w.org\/{rel}","templated":true}]}}