{"id":15049,"date":"2023-09-19T18:37:04","date_gmt":"2023-09-19T16:37:04","guid":{"rendered":"https:\/\/serverdedicato.lovenailsrivenditore.com\/?product=pennello-in-silicone-swarovski-n-1-molly-lac"},"modified":"2026-04-18T09:47:39","modified_gmt":"2026-04-18T07:47:39","slug":"pennello-in-silicone-swarovski-n-1-molly-lac","status":"publish","type":"product","link":"https:\/\/serverdedicato.lovenailsrivenditore.com\/?product=pennello-in-silicone-swarovski-n-1-molly-lac","title":{"rendered":"Pennello In Silicone Swarovski n.1 Molly Lac"},"content":{"rendered":"<p id=\"tw-target-text\" class=\"tw-data-text tw-text-large tw-ta\" dir=\"ltr\" data-placeholder=\"Traduzione\"><span class=\"Y2IQFc\" lang=\"it\">Pennello in silicone per decorare e per lavorare le polveri.<\/span><\/p>\n<p class=\"tw-data-text tw-text-large tw-ta\" dir=\"ltr\" data-placeholder=\"Traduzione\"><span class=\"Y2IQFc\" lang=\"it\">Insostituibile e perfetto per: <\/span><\/p>\n<p class=\"tw-data-text tw-text-large tw-ta\" dir=\"ltr\" data-placeholder=\"Traduzione\"><span class=\"Y2IQFc\" lang=\"it\">applicare polvere e decorazioni <\/span><\/p>\n<p class=\"tw-data-text tw-text-large tw-ta\" dir=\"ltr\" data-placeholder=\"Traduzione\"><span class=\"Y2IQFc\" lang=\"it\">applicazione di zirconi<\/span><\/p>\n<p class=\"tw-data-text tw-text-large tw-ta\" dir=\"ltr\" data-placeholder=\"Traduzione\"><span class=\"Y2IQFc\" lang=\"it\">applicare e modellare il gel <\/span><\/p>\n<p class=\"tw-data-text tw-text-large tw-ta\" dir=\"ltr\" data-placeholder=\"Traduzione\"><span class=\"Y2IQFc\" lang=\"it\">modellare decorazioni in acrilico, plastilina 3D<\/span><\/p>\n<p class=\"tw-data-text tw-text-large tw-ta\" dir=\"ltr\" data-placeholder=\"Traduzione\"><span class=\"Y2IQFc\" lang=\"it\">\u00a0Un&#8217;ulteriore funzionalit\u00e0 del pennello \u00e8 la possibilit\u00e0 di essere utilizzato per formare plastilina o gel per decorazioni 3D. L&#8217;involucro in metallo resistente ai fattori chimici (es. contatto con un detergente), il perfetto bilanciamento dello spazzolino e l&#8217;elemento decorativo in zirconio lo rendono non solo un prodotto estremamente pratico per il lavoro di styling quotidiano, ma anche eccezionalmente di design.<\/span><\/p>\n","protected":false},"excerpt":{"rendered":"<p>Pennello in silicone per decorare e per lavorare le polveri. Insostituibile e perfetto per: applicare polvere e decorazioni applicazione di zirconi applicare e modellare il gel modellare decorazioni in acrilico, plastilina 3D \u00a0Un&#8217;ulteriore funzionalit\u00e0 del pennello \u00e8 la possibilit\u00e0 di essere utilizzato per formare plastilina o gel per decorazioni 3D. L&#8217;involucro in metallo resistente ai [&hellip;]<\/p>\n","protected":false},"featured_media":15050,"comment_status":"closed","ping_status":"open","template":"","meta":[],"product_brand":[],"product_cat":[177,243],"product_tag":[84,245,1635,702],"class_list":{"0":"post-15049","1":"product","2":"type-product","3":"status-publish","4":"has-post-thumbnail","6":"product_cat-accessori","7":"product_cat-pennelli","8":"product_tag-molly-lac","9":"product_tag-pennello","10":"product_tag-pennello-in-silicone","11":"product_tag-silicone","13":"first","14":"instock","15":"shipping-taxable","16":"purchasable","17":"product-type-simple"},"_links":{"self":[{"href":"https:\/\/serverdedicato.lovenailsrivenditore.com\/index.php?rest_route=\/wp\/v2\/product\/15049","targetHints":{"allow":["GET"]}}],"collection":[{"href":"https:\/\/serverdedicato.lovenailsrivenditore.com\/index.php?rest_route=\/wp\/v2\/product"}],"about":[{"href":"https:\/\/serverdedicato.lovenailsrivenditore.com\/index.php?rest_route=\/wp\/v2\/types\/product"}],"replies":[{"embeddable":true,"href":"https:\/\/serverdedicato.lovenailsrivenditore.com\/index.php?rest_route=%2Fwp%2Fv2%2Fcomments&post=15049"}],"wp:featuredmedia":[{"embeddable":true,"href":"https:\/\/serverdedicato.lovenailsrivenditore.com\/index.php?rest_route=\/wp\/v2\/media\/15050"}],"wp:attachment":[{"href":"https:\/\/serverdedicato.lovenailsrivenditore.com\/index.php?rest_route=%2Fwp%2Fv2%2Fmedia&parent=15049"}],"wp:term":[{"taxonomy":"product_brand","embeddable":true,"href":"https:\/\/serverdedicato.lovenailsrivenditore.com\/index.php?rest_route=%2Fwp%2Fv2%2Fproduct_brand&post=15049"},{"taxonomy":"product_cat","embeddable":true,"href":"https:\/\/serverdedicato.lovenailsrivenditore.com\/index.php?rest_route=%2Fwp%2Fv2%2Fproduct_cat&post=15049"},{"taxonomy":"product_tag","embeddable":true,"href":"https:\/\/serverdedicato.lovenailsrivenditore.com\/index.php?rest_route=%2Fwp%2Fv2%2Fproduct_tag&post=15049"}],"curies":[{"name":"wp","href":"https:\/\/api.w.org\/{rel}","templated":true}]}}