{"id":15290,"date":"2023-09-23T14:53:13","date_gmt":"2023-09-23T12:53:13","guid":{"rendered":"https:\/\/serverdedicato.lovenailsrivenditore.com\/?product=palu-rubber-base-n-20-11ml"},"modified":"2026-04-18T09:50:09","modified_gmt":"2026-04-18T07:50:09","slug":"palu-rubber-base-n-20-11ml","status":"publish","type":"product","link":"https:\/\/serverdedicato.lovenailsrivenditore.com\/?product=palu-rubber-base-n-20-11ml","title":{"rendered":"PALU &#8211; Rubber Base n.20 11ml"},"content":{"rendered":"<p><strong>Palu Rubber Base<\/strong> \u00e8 la soluzione perfetta per unghi umide, sottili e problematiche. La palette di colori comprende 20 tonalit\u00e0 di nude (di cui 10 con microglitter), perfette per la manicure francese, cos\u00ec come il rosa pi\u00f9 forte per lo styling dei baby boomer e il bianco opaco. Il prodotto allinea e costruisce l&#8217;unghia.<\/p>\n<ul>\n<li>consistenza di medio spessore<\/li>\n<li>medio duro dopo la polimerizzazione<\/li>\n<li>alta adesione<\/li>\n<li>Forte copertura<\/li>\n<li>Acido<\/li>\n<li>consente l&#8217;allineamento e la sovrastruttura dell&#8217;unghia.<\/li>\n<li>sicuro per mani e unghie<\/li>\n<li>Prodotto destinato all&#8217;uso professionale<\/li>\n<li>Capacit\u00e0: 11 g<\/li>\n<\/ul>\n","protected":false},"excerpt":{"rendered":"<p>Palu Rubber Base \u00e8 la soluzione perfetta per unghi umide, sottili e problematiche. La palette di colori comprende 20 tonalit\u00e0 di nude (di cui 10 con microglitter), perfette per la manicure francese, cos\u00ec come il rosa pi\u00f9 forte per lo styling dei baby boomer e il bianco opaco. Il prodotto allinea e costruisce l&#8217;unghia. consistenza [&hellip;]<\/p>\n","protected":false},"featured_media":15291,"comment_status":"closed","ping_status":"open","template":"","meta":[],"product_brand":[],"product_cat":[240,1645,1644,239,1509],"product_tag":[258,1528,1646,268,86],"class_list":{"0":"post-15290","1":"product","2":"type-product","3":"status-publish","4":"has-post-thumbnail","6":"product_cat-base","7":"product_cat-base-palu","8":"product_cat-palu","9":"product_cat-semipermanente","10":"product_cat-top-brand-professionali-unghie","11":"product_tag-base","12":"product_tag-base-rubber","13":"product_tag-palu","14":"product_tag-rubber-base","15":"product_tag-semipermanente","17":"first","18":"instock","19":"shipping-taxable","20":"purchasable","21":"product-type-simple"},"_links":{"self":[{"href":"https:\/\/serverdedicato.lovenailsrivenditore.com\/index.php?rest_route=\/wp\/v2\/product\/15290","targetHints":{"allow":["GET"]}}],"collection":[{"href":"https:\/\/serverdedicato.lovenailsrivenditore.com\/index.php?rest_route=\/wp\/v2\/product"}],"about":[{"href":"https:\/\/serverdedicato.lovenailsrivenditore.com\/index.php?rest_route=\/wp\/v2\/types\/product"}],"replies":[{"embeddable":true,"href":"https:\/\/serverdedicato.lovenailsrivenditore.com\/index.php?rest_route=%2Fwp%2Fv2%2Fcomments&post=15290"}],"wp:featuredmedia":[{"embeddable":true,"href":"https:\/\/serverdedicato.lovenailsrivenditore.com\/index.php?rest_route=\/wp\/v2\/media\/15291"}],"wp:attachment":[{"href":"https:\/\/serverdedicato.lovenailsrivenditore.com\/index.php?rest_route=%2Fwp%2Fv2%2Fmedia&parent=15290"}],"wp:term":[{"taxonomy":"product_brand","embeddable":true,"href":"https:\/\/serverdedicato.lovenailsrivenditore.com\/index.php?rest_route=%2Fwp%2Fv2%2Fproduct_brand&post=15290"},{"taxonomy":"product_cat","embeddable":true,"href":"https:\/\/serverdedicato.lovenailsrivenditore.com\/index.php?rest_route=%2Fwp%2Fv2%2Fproduct_cat&post=15290"},{"taxonomy":"product_tag","embeddable":true,"href":"https:\/\/serverdedicato.lovenailsrivenditore.com\/index.php?rest_route=%2Fwp%2Fv2%2Fproduct_tag&post=15290"}],"curies":[{"name":"wp","href":"https:\/\/api.w.org\/{rel}","templated":true}]}}