{"id":16666,"date":"2023-10-13T11:37:48","date_gmt":"2023-10-13T09:37:48","guid":{"rendered":"https:\/\/serverdedicato.lovenailsrivenditore.com\/?product=palu-dubai-11ml-n-01"},"modified":"2026-04-18T10:08:51","modified_gmt":"2026-04-18T08:08:51","slug":"palu-dubai-11ml-n-01","status":"publish","type":"product","link":"https:\/\/serverdedicato.lovenailsrivenditore.com\/?product=palu-dubai-11ml-n-01","title":{"rendered":"PALU &#8211; DUBAI 11ml n.01"},"content":{"rendered":"<p><strong>PROPRIET\u00c0:<\/strong><\/p>\n<ul>\n<li>applicazione senza problemi, senza allagare le cuticole<\/li>\n<li>lucentezza<\/li>\n<li>ideale, media densit\u00e0<\/li>\n<li>durata fino a 3 settimane<\/li>\n<li>capacit\u00e0: 11ml<\/li>\n<\/ul>\n","protected":false},"excerpt":{"rendered":"<p>PROPRIET\u00c0: applicazione senza problemi, senza allagare le cuticole lucentezza ideale, media densit\u00e0 durata fino a 3 settimane capacit\u00e0: 11ml<\/p>\n","protected":false},"featured_media":16667,"comment_status":"closed","ping_status":"open","template":"","meta":[],"product_brand":[],"product_cat":[24,1682,1644,83,1509],"product_tag":[26,1731,1646,86],"class_list":{"0":"post-16666","1":"product","2":"type-product","3":"status-publish","4":"has-post-thumbnail","6":"product_cat-colori","7":"product_cat-colori-semipermanente-palu","8":"product_cat-palu","9":"product_cat-semipermanenti","10":"product_cat-top-brand-professionali-unghie","11":"product_tag-colore","12":"product_tag-dubai","13":"product_tag-palu","14":"product_tag-semipermanente","16":"first","17":"instock","18":"shipping-taxable","19":"purchasable","20":"product-type-simple"},"_links":{"self":[{"href":"https:\/\/serverdedicato.lovenailsrivenditore.com\/index.php?rest_route=\/wp\/v2\/product\/16666","targetHints":{"allow":["GET"]}}],"collection":[{"href":"https:\/\/serverdedicato.lovenailsrivenditore.com\/index.php?rest_route=\/wp\/v2\/product"}],"about":[{"href":"https:\/\/serverdedicato.lovenailsrivenditore.com\/index.php?rest_route=\/wp\/v2\/types\/product"}],"replies":[{"embeddable":true,"href":"https:\/\/serverdedicato.lovenailsrivenditore.com\/index.php?rest_route=%2Fwp%2Fv2%2Fcomments&post=16666"}],"wp:featuredmedia":[{"embeddable":true,"href":"https:\/\/serverdedicato.lovenailsrivenditore.com\/index.php?rest_route=\/wp\/v2\/media\/16667"}],"wp:attachment":[{"href":"https:\/\/serverdedicato.lovenailsrivenditore.com\/index.php?rest_route=%2Fwp%2Fv2%2Fmedia&parent=16666"}],"wp:term":[{"taxonomy":"product_brand","embeddable":true,"href":"https:\/\/serverdedicato.lovenailsrivenditore.com\/index.php?rest_route=%2Fwp%2Fv2%2Fproduct_brand&post=16666"},{"taxonomy":"product_cat","embeddable":true,"href":"https:\/\/serverdedicato.lovenailsrivenditore.com\/index.php?rest_route=%2Fwp%2Fv2%2Fproduct_cat&post=16666"},{"taxonomy":"product_tag","embeddable":true,"href":"https:\/\/serverdedicato.lovenailsrivenditore.com\/index.php?rest_route=%2Fwp%2Fv2%2Fproduct_tag&post=16666"}],"curies":[{"name":"wp","href":"https:\/\/api.w.org\/{rel}","templated":true}]}}