{"id":18011,"date":"2023-11-17T21:07:30","date_gmt":"2023-11-17T20:07:30","guid":{"rendered":"https:\/\/serverdedicato.lovenailsrivenditore.com\/?product=filtro-aspiratore-da-tavolo-80w"},"modified":"2026-04-18T10:24:58","modified_gmt":"2026-04-18T08:24:58","slug":"filtro-aspiratore-da-tavolo-80w","status":"publish","type":"product","link":"https:\/\/serverdedicato.lovenailsrivenditore.com\/?product=filtro-aspiratore-da-tavolo-80w","title":{"rendered":"Filtro Aspiratore Da tavolo 80W"},"content":{"rendered":"<p id=\"tw-target-text\" class=\"tw-data-text tw-text-large tw-ta\" dir=\"ltr\" data-placeholder=\"Traduzione\" data-ved=\"2ahUKEwiUnuap5suCAxVEh_0HHZIaCI4Q3ewLegQIDBAQ\"><span class=\"Y2IQFc\" lang=\"it\">Il filtro \u00e8 facile da pulire, riutilizzabile e durer\u00e0 a lungo. Cosa rende un assorbitore senza sacco una soluzione molto migliore di uno standard? Tutte le impurit\u00e0 si depositano sul filtro e non passano prima attraverso la ventola, dove possono lasciare anche uno strato di polvere sugli elementi costruttivi.<\/span><\/p>\n","protected":false},"excerpt":{"rendered":"<p><span class=\"Y2IQFc\" lang=\"it\">Il filtro \u00e8 facile da pulire, riutilizzabile e durer\u00e0 a lungo. Cosa rende un assorbitore senza sacco una soluzione molto migliore di uno standard? Tutte le impurit\u00e0 si depositano sul filtro e non passano prima attraverso la ventola, dove possono lasciare anche uno strato di polvere sugli elementi costruttivi.<\/span><\/p>\n","protected":false},"featured_media":18012,"comment_status":"closed","ping_status":"open","template":"","meta":[],"product_brand":[],"product_cat":[177,147,383,81],"product_tag":[1799,1800],"class_list":{"0":"post-18011","1":"product","2":"type-product","3":"status-publish","4":"has-post-thumbnail","6":"product_cat-accessori","7":"product_cat-apparecchiature","8":"product_cat-aspiratori","9":"product_cat-molly-lac","10":"product_tag-filtro","11":"product_tag-filtro-aspiratore","13":"first","14":"instock","15":"shipping-taxable","16":"purchasable","17":"product-type-simple"},"_links":{"self":[{"href":"https:\/\/serverdedicato.lovenailsrivenditore.com\/index.php?rest_route=\/wp\/v2\/product\/18011","targetHints":{"allow":["GET"]}}],"collection":[{"href":"https:\/\/serverdedicato.lovenailsrivenditore.com\/index.php?rest_route=\/wp\/v2\/product"}],"about":[{"href":"https:\/\/serverdedicato.lovenailsrivenditore.com\/index.php?rest_route=\/wp\/v2\/types\/product"}],"replies":[{"embeddable":true,"href":"https:\/\/serverdedicato.lovenailsrivenditore.com\/index.php?rest_route=%2Fwp%2Fv2%2Fcomments&post=18011"}],"wp:featuredmedia":[{"embeddable":true,"href":"https:\/\/serverdedicato.lovenailsrivenditore.com\/index.php?rest_route=\/wp\/v2\/media\/18012"}],"wp:attachment":[{"href":"https:\/\/serverdedicato.lovenailsrivenditore.com\/index.php?rest_route=%2Fwp%2Fv2%2Fmedia&parent=18011"}],"wp:term":[{"taxonomy":"product_brand","embeddable":true,"href":"https:\/\/serverdedicato.lovenailsrivenditore.com\/index.php?rest_route=%2Fwp%2Fv2%2Fproduct_brand&post=18011"},{"taxonomy":"product_cat","embeddable":true,"href":"https:\/\/serverdedicato.lovenailsrivenditore.com\/index.php?rest_route=%2Fwp%2Fv2%2Fproduct_cat&post=18011"},{"taxonomy":"product_tag","embeddable":true,"href":"https:\/\/serverdedicato.lovenailsrivenditore.com\/index.php?rest_route=%2Fwp%2Fv2%2Fproduct_tag&post=18011"}],"curies":[{"name":"wp","href":"https:\/\/api.w.org\/{rel}","templated":true}]}}