{"id":18220,"date":"2023-11-20T17:44:13","date_gmt":"2023-11-20T16:44:13","guid":{"rendered":"https:\/\/serverdedicato.lovenailsrivenditore.com\/?product=staleks-ricarica-papmam-grana-100-staleks-pro"},"modified":"2026-04-18T10:27:39","modified_gmt":"2026-04-18T08:27:39","slug":"staleks-ricarica-papmam-grana-100-staleks-pro","status":"publish","type":"product","link":"https:\/\/serverdedicato.lovenailsrivenditore.com\/?product=staleks-ricarica-papmam-grana-100-staleks-pro","title":{"rendered":"STALEKS &#8211; Ricarica PAPMAM Grana 100 Staleks Pro"},"content":{"rendered":"<p>Grana 100<\/p>\n<p>Ricarica per custodio in plastica EXPERT<\/p>\n<p>Adatte alle base lima in legno WBE-20, base in metallo MBE-20 e minibase MBE-50, oppure base acrilico SPBE-20<\/p>\n<p>La lunghezza del nastro abrasivo usa e getta \u00e8 di 7 metri<\/p>\n<p>La possibilit\u00e0 di misurare liberamente la lunghezza del file rimovibile<\/p>\n<p>Abrasivo bianco di alta qualit\u00e0 EXPERT il bianco \u00e8 igienico nel lavoro<\/p>\n<p>Fissaggio affidabile<\/p>\n<p>Strumento pulito e privo di colla dopo il lavoro<\/p>\n<p><strong>Resistente all&#8217;acqua<\/strong><\/p>\n","protected":false},"excerpt":{"rendered":"<p>Grana 100 Ricarica per custodio in plastica EXPERT Adatte alle base lima in legno WBE-20, base in metallo MBE-20 e minibase MBE-50, oppure base acrilico SPBE-20 La lunghezza del nastro abrasivo usa e getta \u00e8 di 7 metri La possibilit\u00e0 di misurare liberamente la lunghezza del file rimovibile Abrasivo bianco di alta qualit\u00e0 EXPERT il [&hellip;]<\/p>\n","protected":false},"featured_media":18221,"comment_status":"closed","ping_status":"open","template":"","meta":[],"product_brand":[],"product_cat":[177,358,1470,1310],"product_tag":[361,501,1472,1810,1473,1314],"class_list":{"0":"post-18220","1":"product","2":"type-product","3":"status-publish","4":"has-post-thumbnail","6":"product_cat-accessori","7":"product_cat-lime","8":"product_cat-lime-professionali","9":"product_cat-staleks","10":"product_tag-lima","11":"product_tag-lime","12":"product_tag-papmam","13":"product_tag-ricarica-papam","14":"product_tag-rotolo-lima","15":"product_tag-staleks","17":"first","18":"instock","19":"shipping-taxable","20":"purchasable","21":"product-type-simple"},"_links":{"self":[{"href":"https:\/\/serverdedicato.lovenailsrivenditore.com\/index.php?rest_route=\/wp\/v2\/product\/18220","targetHints":{"allow":["GET"]}}],"collection":[{"href":"https:\/\/serverdedicato.lovenailsrivenditore.com\/index.php?rest_route=\/wp\/v2\/product"}],"about":[{"href":"https:\/\/serverdedicato.lovenailsrivenditore.com\/index.php?rest_route=\/wp\/v2\/types\/product"}],"replies":[{"embeddable":true,"href":"https:\/\/serverdedicato.lovenailsrivenditore.com\/index.php?rest_route=%2Fwp%2Fv2%2Fcomments&post=18220"}],"wp:featuredmedia":[{"embeddable":true,"href":"https:\/\/serverdedicato.lovenailsrivenditore.com\/index.php?rest_route=\/wp\/v2\/media\/18221"}],"wp:attachment":[{"href":"https:\/\/serverdedicato.lovenailsrivenditore.com\/index.php?rest_route=%2Fwp%2Fv2%2Fmedia&parent=18220"}],"wp:term":[{"taxonomy":"product_brand","embeddable":true,"href":"https:\/\/serverdedicato.lovenailsrivenditore.com\/index.php?rest_route=%2Fwp%2Fv2%2Fproduct_brand&post=18220"},{"taxonomy":"product_cat","embeddable":true,"href":"https:\/\/serverdedicato.lovenailsrivenditore.com\/index.php?rest_route=%2Fwp%2Fv2%2Fproduct_cat&post=18220"},{"taxonomy":"product_tag","embeddable":true,"href":"https:\/\/serverdedicato.lovenailsrivenditore.com\/index.php?rest_route=%2Fwp%2Fv2%2Fproduct_tag&post=18220"}],"curies":[{"name":"wp","href":"https:\/\/api.w.org\/{rel}","templated":true}]}}