{"id":19191,"date":"2023-12-05T23:25:26","date_gmt":"2023-12-05T22:25:26","guid":{"rendered":"https:\/\/serverdedicato.lovenailsrivenditore.com\/?product=claresa-full-of-colours-5ml-n-01"},"modified":"2026-04-18T12:03:15","modified_gmt":"2026-04-18T10:03:15","slug":"claresa-full-of-colours-5ml-n-01","status":"publish","type":"product","link":"https:\/\/serverdedicato.lovenailsrivenditore.com\/?product=claresa-full-of-colours-5ml-n-01","title":{"rendered":"CLARESA &#8211; FULL OF COLOURS 5ml n.01"},"content":{"rendered":"<p><span>Il giallo \u00e8 il re indiscusso dell\u2019estate. Un simbolo di sole e ottimismo che stimola l&#8217;azione e porta gioia in ogni interno. Allora perch\u00e9 non usarlo nello styling? La\u00a0<\/span><span>tonalit\u00e0 Full of Colors 1 \u00e8 un giallo girasole saturo che ti dar\u00e0 sicuramente energia positiva!<\/span><\/p>\n<p><strong>PROPRIET\u00c0:\u00a0<\/strong><\/p>\n<ul>\n<li>applicazione senza problemi, senza inondare le cuticole<\/li>\n<li>colore luminoso<\/li>\n<li>ideale, di media densit\u00e0<\/li>\n<li>sicuro per unghie e mani<\/li>\n<li>durata fino a 3 settimane<\/li>\n<li>capacit\u00e0: 5 g<\/li>\n<\/ul>\n<p><strong>UTILIZZO:\u00a0<\/strong><\/p>\n<p>Applicare uno strato sottile di semipermanente sulla base ibrida Claresa precedentemente polimerizzata e polimerizzare nella lampada UV \/ LED. Per ottenere un effetto soddisfacente, puoi ripetere l\u2019azione. Fissare il risultato finale applicando e polimerizzando TOP Claresa.<\/p>\n","protected":false},"excerpt":{"rendered":"<p>Il giallo \u00e8 il re indiscusso dell\u2019estate. Un simbolo di sole e ottimismo che stimola l&#8217;azione e porta gioia in ogni interno. Allora perch\u00e9 non usarlo nello styling? La\u00a0tonalit\u00e0 Full of Colors 1 \u00e8 un giallo girasole saturo che ti dar\u00e0 sicuramente energia positiva!<\/p>\n","protected":false},"featured_media":19192,"comment_status":"closed","ping_status":"open","template":"","meta":[],"product_brand":[],"product_cat":[1507,1850,1560,1509],"product_tag":[1510,1859,86],"class_list":{"0":"post-19191","1":"product","2":"type-product","3":"status-publish","4":"has-post-thumbnail","6":"product_cat-claresa","7":"product_cat-colori-claresa","8":"product_cat-colori-semipermanente-claresa","9":"product_cat-top-brand-professionali-unghie","10":"product_tag-claresa","11":"product_tag-full-of-colours","12":"product_tag-semipermanente","14":"first","15":"outofstock","16":"shipping-taxable","17":"purchasable","18":"product-type-simple"},"_links":{"self":[{"href":"https:\/\/serverdedicato.lovenailsrivenditore.com\/index.php?rest_route=\/wp\/v2\/product\/19191","targetHints":{"allow":["GET"]}}],"collection":[{"href":"https:\/\/serverdedicato.lovenailsrivenditore.com\/index.php?rest_route=\/wp\/v2\/product"}],"about":[{"href":"https:\/\/serverdedicato.lovenailsrivenditore.com\/index.php?rest_route=\/wp\/v2\/types\/product"}],"replies":[{"embeddable":true,"href":"https:\/\/serverdedicato.lovenailsrivenditore.com\/index.php?rest_route=%2Fwp%2Fv2%2Fcomments&post=19191"}],"wp:featuredmedia":[{"embeddable":true,"href":"https:\/\/serverdedicato.lovenailsrivenditore.com\/index.php?rest_route=\/wp\/v2\/media\/19192"}],"wp:attachment":[{"href":"https:\/\/serverdedicato.lovenailsrivenditore.com\/index.php?rest_route=%2Fwp%2Fv2%2Fmedia&parent=19191"}],"wp:term":[{"taxonomy":"product_brand","embeddable":true,"href":"https:\/\/serverdedicato.lovenailsrivenditore.com\/index.php?rest_route=%2Fwp%2Fv2%2Fproduct_brand&post=19191"},{"taxonomy":"product_cat","embeddable":true,"href":"https:\/\/serverdedicato.lovenailsrivenditore.com\/index.php?rest_route=%2Fwp%2Fv2%2Fproduct_cat&post=19191"},{"taxonomy":"product_tag","embeddable":true,"href":"https:\/\/serverdedicato.lovenailsrivenditore.com\/index.php?rest_route=%2Fwp%2Fv2%2Fproduct_tag&post=19191"}],"curies":[{"name":"wp","href":"https:\/\/api.w.org\/{rel}","templated":true}]}}