{"id":19253,"date":"2023-12-06T23:51:11","date_gmt":"2023-12-06T22:51:11","guid":{"rendered":"https:\/\/serverdedicato.lovenailsrivenditore.com\/?product=claresa-olio-per-cuticole-5ml-mulled-wine"},"modified":"2026-04-18T12:04:10","modified_gmt":"2026-04-18T10:04:10","slug":"claresa-olio-per-cuticole-5ml-mulled-wine","status":"publish","type":"product","link":"https:\/\/serverdedicato.lovenailsrivenditore.com\/?product=claresa-olio-per-cuticole-5ml-mulled-wine","title":{"rendered":"CLARESA &#8211; Olio per cuticole 5ml Mulled Wine"},"content":{"rendered":"<div class=\"tab-container wceapp_tabs\">\n<div class=\"product-tabs\">\n<div class=\"product-tab\" data-tab=\"box_description\">\n<div class=\"innerbox\">\n<div class=\"resetcss\">\n<p><strong><span>COLLEZIONE LIMITATA<\/span><\/strong><\/p>\n<p><span>Il profumo intenso dell&#8217;abete rosso, l&#8217;aroma caldo delle candele speziate, il profumo avvolgente del tuo profumo preferito che usi per le occasioni speciali. L&#8217;immagine delle vacanze che nasce nel nostro immaginario \u00e8 composta principalmente da odori. E non c&#8217;\u00e8 da stupirsi: questo senso \u00e8 collegato alla parte del cervello responsabile dei ricordi.<\/span><\/p>\n<p><strong><span>L&#8217;olio per cuticole al vin brul\u00e8<\/span><\/strong><span>\u00a0\u00a0\u00e8 l&#8217;essenza liquida delle feste.\u00a0<\/span><strong><span>L&#8217;aroma dolce e leggermente speziato del vin brul\u00e8<\/span><\/strong><span>\u00a0,<\/span><strong><span>\u00a0a base di olio di chiodi di garofano e scorza d&#8217;arancia,<\/span><\/strong><span>\u00a0ti ricorda le lunghe serate trascorse davanti al camino in compagnia dei tuoi cari, della tua morbida coperta preferita e di una tazza di bevanda calda.\u00a0Il prodotto non solo ha un profumo meraviglioso, ma<\/span><strong><span>\u00a0nutre anche le cuticole disidratate e screpolate e la lamina ungueale indebolita<\/span><\/strong><span>\u00a0.\u00a0La miscela di oli in esso contenuta protegge la pelle dal gelo e dall&#8217;aria secca, ammorbidendola e rinforzando le unghie rigenerandone la matrice.<\/span><\/p>\n<p><span>L&#8217;olio per cuticole \u00e8 la finitura perfetta per qualsiasi styling, ma anche un ottimo modo per nutrire le unghie.<\/span><\/p>\n<p>&nbsp;<\/p>\n<p><strong><span>FATTO DIVERTENTE:<\/span><\/strong><\/p>\n<p><span>La ricetta delle olive \u00e8 stata arricchita con:<\/span><\/p>\n<ul>\n<li><span>olio di mandorle dolci &#8211; rinforza la lamina ungueale, nutre perfettamente, idrata e ammorbidisce le cuticole;<\/span><\/li>\n<li><span>olio di semi di pesca &#8211; previene la fragilit\u00e0 delle unghie e stimola la loro crescita, rinforza la lamina ungueale.<\/span><\/li>\n<\/ul>\n<p><strong>\u00a0<\/strong><\/p>\n<p><strong><span>APP:<\/span><\/strong><\/p>\n<p><span>Applicare una piccola quantit\u00e0 di olio sulle cuticole intorno alle unghie. Eseguire un leggero massaggio fino all&#8217;assorbimento del prodotto.\u00a0L&#8217;olio \u00e8 ottimo da usare sia subito dopo la manicure che come parte di un rituale di cura quotidiano.<\/span><\/p>\n<\/div>\n<\/div>\n<\/div>\n<\/div>\n<\/div>\n<div class=\"product-modules-disabled\"><\/div>\n<div data-boxes-side=\"2\">\n<div id=\"box_custom46\" class=\"box resetcss box_custom\"><\/div>\n<div id=\"box_recommendations_45\" class=\"box slider\"><\/div>\n<\/div>\n","protected":false},"excerpt":{"rendered":"<p><strong>L&#8217;aroma dolce e leggermente speziato del vin brul\u00e8<\/strong>\u00a0,<strong>\u00a0a base di olio di chiodi di garofano e scorza d&#8217;arancia,<\/strong>\u00a0ti ricorda le lunghe serate trascorse davanti al camino in compagnia dei tuoi cari, della tua morbida coperta preferita e di una tazza di bevanda calda.\u00a0Il prodotto non solo ha un profumo meraviglioso, ma<strong>\u00a0nutre anche le cuticole disidratate e screpolate e la lamina ungueale indebolita<\/strong>\u00a0.\u00a0La miscela di oli in esso contenuta protegge la pelle dal gelo e dall&#8217;aria secca, ammorbidendola e rinforzando le unghie rigenerandone la matrice.<\/p>\n","protected":false},"featured_media":19254,"comment_status":"closed","ping_status":"open","template":"","meta":[],"product_brand":[],"product_cat":[1507,1520,1509],"product_tag":[1510,1860,317],"class_list":{"0":"post-19253","1":"product","2":"type-product","3":"status-publish","4":"has-post-thumbnail","6":"product_cat-claresa","7":"product_cat-liquidi-e-preparatori-claresa","8":"product_cat-top-brand-professionali-unghie","9":"product_tag-claresa","10":"product_tag-mulled-wine","11":"product_tag-olio-cuticole","13":"first","14":"outofstock","15":"shipping-taxable","16":"purchasable","17":"product-type-simple"},"_links":{"self":[{"href":"https:\/\/serverdedicato.lovenailsrivenditore.com\/index.php?rest_route=\/wp\/v2\/product\/19253","targetHints":{"allow":["GET"]}}],"collection":[{"href":"https:\/\/serverdedicato.lovenailsrivenditore.com\/index.php?rest_route=\/wp\/v2\/product"}],"about":[{"href":"https:\/\/serverdedicato.lovenailsrivenditore.com\/index.php?rest_route=\/wp\/v2\/types\/product"}],"replies":[{"embeddable":true,"href":"https:\/\/serverdedicato.lovenailsrivenditore.com\/index.php?rest_route=%2Fwp%2Fv2%2Fcomments&post=19253"}],"wp:featuredmedia":[{"embeddable":true,"href":"https:\/\/serverdedicato.lovenailsrivenditore.com\/index.php?rest_route=\/wp\/v2\/media\/19254"}],"wp:attachment":[{"href":"https:\/\/serverdedicato.lovenailsrivenditore.com\/index.php?rest_route=%2Fwp%2Fv2%2Fmedia&parent=19253"}],"wp:term":[{"taxonomy":"product_brand","embeddable":true,"href":"https:\/\/serverdedicato.lovenailsrivenditore.com\/index.php?rest_route=%2Fwp%2Fv2%2Fproduct_brand&post=19253"},{"taxonomy":"product_cat","embeddable":true,"href":"https:\/\/serverdedicato.lovenailsrivenditore.com\/index.php?rest_route=%2Fwp%2Fv2%2Fproduct_cat&post=19253"},{"taxonomy":"product_tag","embeddable":true,"href":"https:\/\/serverdedicato.lovenailsrivenditore.com\/index.php?rest_route=%2Fwp%2Fv2%2Fproduct_tag&post=19253"}],"curies":[{"name":"wp","href":"https:\/\/api.w.org\/{rel}","templated":true}]}}