{"id":19405,"date":"2023-12-12T16:31:36","date_gmt":"2023-12-12T15:31:36","guid":{"rendered":"https:\/\/serverdedicato.lovenailsrivenditore.com\/?product=pietra-pomice-rettangolare-arancione"},"modified":"2026-04-18T12:07:04","modified_gmt":"2026-04-18T10:07:04","slug":"pietra-pomice-rettangolare-arancione","status":"publish","type":"product","link":"https:\/\/serverdedicato.lovenailsrivenditore.com\/?product=pietra-pomice-rettangolare-arancione","title":{"rendered":"Pietra Pomice Rettangolare &#8211; Arancione"},"content":{"rendered":"<p>Pietra pomice forma rettangolo.<\/p>\n<p>Viene utilizzato per rimuovere l\u2019epidermide cheratinizzata dai talloni. Pu\u00f2 essere utilizzato sia asciutto che bagnato. Il blocco \u00e8 realizzato in schiuma leggera ma molto resistente e flessibile, \u00e8 maneggevole ed efficace. Il materiale abrasivo \u00e8 molto resistente e resistente all\u2019usura.<\/p>\n","protected":false},"excerpt":{"rendered":"<p>Pietra pomice forma rettangolo. Viene utilizzato per rimuovere l\u2019epidermide cheratinizzata dai talloni. Pu\u00f2 essere utilizzato sia asciutto che bagnato. Il blocco \u00e8 realizzato in schiuma leggera ma molto resistente e flessibile, \u00e8 maneggevole ed efficace. Il materiale abrasivo \u00e8 molto resistente e resistente all\u2019usura.<\/p>\n","protected":false},"featured_media":19406,"comment_status":"open","ping_status":"open","template":"","meta":[],"product_brand":[],"product_cat":[177],"product_tag":[301,494,1454],"class_list":{"0":"post-19405","1":"product","2":"type-product","3":"status-publish","4":"has-post-thumbnail","6":"product_cat-accessori","7":"product_tag-accessori","8":"product_tag-pedicure","9":"product_tag-pietra-pomice","11":"first","12":"instock","13":"shipping-taxable","14":"purchasable","15":"product-type-simple"},"_links":{"self":[{"href":"https:\/\/serverdedicato.lovenailsrivenditore.com\/index.php?rest_route=\/wp\/v2\/product\/19405","targetHints":{"allow":["GET"]}}],"collection":[{"href":"https:\/\/serverdedicato.lovenailsrivenditore.com\/index.php?rest_route=\/wp\/v2\/product"}],"about":[{"href":"https:\/\/serverdedicato.lovenailsrivenditore.com\/index.php?rest_route=\/wp\/v2\/types\/product"}],"replies":[{"embeddable":true,"href":"https:\/\/serverdedicato.lovenailsrivenditore.com\/index.php?rest_route=%2Fwp%2Fv2%2Fcomments&post=19405"}],"wp:featuredmedia":[{"embeddable":true,"href":"https:\/\/serverdedicato.lovenailsrivenditore.com\/index.php?rest_route=\/wp\/v2\/media\/19406"}],"wp:attachment":[{"href":"https:\/\/serverdedicato.lovenailsrivenditore.com\/index.php?rest_route=%2Fwp%2Fv2%2Fmedia&parent=19405"}],"wp:term":[{"taxonomy":"product_brand","embeddable":true,"href":"https:\/\/serverdedicato.lovenailsrivenditore.com\/index.php?rest_route=%2Fwp%2Fv2%2Fproduct_brand&post=19405"},{"taxonomy":"product_cat","embeddable":true,"href":"https:\/\/serverdedicato.lovenailsrivenditore.com\/index.php?rest_route=%2Fwp%2Fv2%2Fproduct_cat&post=19405"},{"taxonomy":"product_tag","embeddable":true,"href":"https:\/\/serverdedicato.lovenailsrivenditore.com\/index.php?rest_route=%2Fwp%2Fv2%2Fproduct_tag&post=19405"}],"curies":[{"name":"wp","href":"https:\/\/api.w.org\/{rel}","templated":true}]}}