{"id":19527,"date":"2023-12-21T17:17:08","date_gmt":"2023-12-21T16:17:08","guid":{"rendered":"https:\/\/serverdedicato.lovenailsrivenditore.com\/?product=nail-prep-ph-molly-lac-10ml"},"modified":"2026-04-18T12:09:27","modified_gmt":"2026-04-18T10:09:27","slug":"nail-prep-ph-molly-lac-10ml","status":"publish","type":"product","link":"https:\/\/serverdedicato.lovenailsrivenditore.com\/?product=nail-prep-ph-molly-lac-10ml","title":{"rendered":"Nail Prep PH &#8211; Molly Lac 10ml"},"content":{"rendered":"<p>PH <strong>Nail Prep \u00e8 un disidratatore innovativo, uno sgrassatore per unghie<\/strong>\u00a0che modella il pH della lamina ungueale, asciuga la lamina ungueale, aumentando cos\u00ec l&#8217;adesione.<\/p>\n<p>Il suo scopo \u00e8 quello di disidratare perfettamente, cio\u00e8 estrarre l&#8217;umidit\u00e0 in eccesso dalla lamina ungueale e sgrassare lo strato superiore dell&#8217;unghia.<\/p>\n<p><strong>Il compito principale della preparazione \u00e8:<\/strong><\/p>\n<ul>\n<li>pulire le unghie dalla polvere generata.<\/li>\n<li>eliminare l&#8217;umidit\u00e0 dalla lamina ungueale<\/li>\n<li>sgrassare lo strato superiore della lamina ungueale<\/li>\n<\/ul>\n<p><strong>Osservazione!<\/strong><\/p>\n<p>Per 20 minuti dopo l&#8217;applicazione di pH Nail Prep, l&#8217;umidit\u00e0 della lamina ungueale naturale si riduce allo 0%<\/p>\n<p>Ecco perch\u00e9 \u00e8 importante applicare la base in tempo.<\/p>\n<p><strong>Capacit\u00e0:<\/strong>\u00a010 ml<\/p>\n","protected":false},"excerpt":{"rendered":"<p>PH <strong>Nail Prep \u00e8 un disidratatore innovativo, uno sgrassatore per unghie<\/strong>\u00a0che modella il pH della lamina ungueale, asciuga la lamina ungueale, aumentando cos\u00ec l&#8217;adesione.<\/p>\n<p>Il suo scopo \u00e8 quello di disidratare perfettamente, cio\u00e8 estrarre l&#8217;umidit\u00e0 in eccesso dalla lamina ungueale e sgrassare lo strato superiore dell&#8217;unghia.<\/p>\n","protected":false},"featured_media":19528,"comment_status":"closed","ping_status":"open","template":"","meta":[],"product_brand":[],"product_cat":[207,81],"product_tag":[1901,84,1076,1902],"class_list":{"0":"post-19527","1":"product","2":"type-product","3":"status-publish","4":"has-post-thumbnail","6":"product_cat-liquidi-e-preparatori","7":"product_cat-molly-lac","8":"product_tag-deidratante","9":"product_tag-molly-lac","10":"product_tag-nail-prep","11":"product_tag-ph-nail-prep","13":"first","14":"instock","15":"shipping-taxable","16":"purchasable","17":"product-type-simple"},"_links":{"self":[{"href":"https:\/\/serverdedicato.lovenailsrivenditore.com\/index.php?rest_route=\/wp\/v2\/product\/19527","targetHints":{"allow":["GET"]}}],"collection":[{"href":"https:\/\/serverdedicato.lovenailsrivenditore.com\/index.php?rest_route=\/wp\/v2\/product"}],"about":[{"href":"https:\/\/serverdedicato.lovenailsrivenditore.com\/index.php?rest_route=\/wp\/v2\/types\/product"}],"replies":[{"embeddable":true,"href":"https:\/\/serverdedicato.lovenailsrivenditore.com\/index.php?rest_route=%2Fwp%2Fv2%2Fcomments&post=19527"}],"wp:featuredmedia":[{"embeddable":true,"href":"https:\/\/serverdedicato.lovenailsrivenditore.com\/index.php?rest_route=\/wp\/v2\/media\/19528"}],"wp:attachment":[{"href":"https:\/\/serverdedicato.lovenailsrivenditore.com\/index.php?rest_route=%2Fwp%2Fv2%2Fmedia&parent=19527"}],"wp:term":[{"taxonomy":"product_brand","embeddable":true,"href":"https:\/\/serverdedicato.lovenailsrivenditore.com\/index.php?rest_route=%2Fwp%2Fv2%2Fproduct_brand&post=19527"},{"taxonomy":"product_cat","embeddable":true,"href":"https:\/\/serverdedicato.lovenailsrivenditore.com\/index.php?rest_route=%2Fwp%2Fv2%2Fproduct_cat&post=19527"},{"taxonomy":"product_tag","embeddable":true,"href":"https:\/\/serverdedicato.lovenailsrivenditore.com\/index.php?rest_route=%2Fwp%2Fv2%2Fproduct_tag&post=19527"}],"curies":[{"name":"wp","href":"https:\/\/api.w.org\/{rel}","templated":true}]}}