{"id":19561,"date":"2023-12-22T22:38:16","date_gmt":"2023-12-22T21:38:16","guid":{"rendered":"https:\/\/serverdedicato.lovenailsrivenditore.com\/?product=claresa-nail-prep-dehytrator-5ml"},"modified":"2026-04-18T12:09:50","modified_gmt":"2026-04-18T10:09:50","slug":"claresa-nail-prep-dehytrator-5ml","status":"publish","type":"product","link":"https:\/\/serverdedicato.lovenailsrivenditore.com\/?product=claresa-nail-prep-dehytrator-5ml","title":{"rendered":"CLARESA &#8211; Nail Prep Dehydrator 5ml"},"content":{"rendered":"<p>Le unghie preparate con cura sono una solida base per una buona manicure ibrida.\u00a0<strong>Un disidratatore<\/strong> \u00e8 un liquido utilizzato per preparare la lamina ungueale prima dello manicure. Il suo scopo principale \u00e8 rimuovere l&#8217;umidit\u00e0 e lo strato lipidico dalla superficie dell&#8217;unghia. Il nail prep\u00a0deve essere applicato su una lamina ungueale precedentemente preparata, opaca e priva di polvere.<\/p>\n<p><strong>Caratteristiche:<\/strong><\/p>\n<ul>\n<li>prepara l&#8217;unghia per la manicure<\/li>\n<li>rimuove completamente l&#8217;umidit\u00e0 dalla lamina ungueale<\/li>\n<li>rimuove lo strato lipidico dalla lamina ungueale<\/li>\n<li>Grazie al pennellino \u00e8 facile da applicare<\/li>\n<\/ul>\n<p><strong>Modo d&#8217;uso:<\/strong>\u00a0applicare il disidratatore con un pennello sulle unghie pulite dalla polvere.\u00a0Il liquido dovrebbe evaporare immediatamente.\u00a0\u00c8 possibile applicare una base o, se necessario, un primer privo di acidi sull&#8217;unghia preparata.<\/p>\n","protected":false},"excerpt":{"rendered":"<p>Le unghie preparate con cura sono una solida base per una buona manicure ibrida.\u00a0<strong>Un disidratatore<\/strong> \u00e8 un liquido utilizzato per preparare la lamina ungueale prima dello manicure. Il suo scopo principale \u00e8 rimuovere l&#8217;umidit\u00e0 e lo strato lipidico dalla superficie dell&#8217;unghia. Il nail prep\u00a0deve essere applicato su una lamina ungueale precedentemente preparata, opaca e priva di polvere.<\/p>\n","protected":false},"featured_media":19562,"comment_status":"closed","ping_status":"open","template":"","meta":[],"product_brand":[],"product_cat":[1507,1520,1509],"product_tag":[1905,1076,1906],"class_list":{"0":"post-19561","1":"product","2":"type-product","3":"status-publish","4":"has-post-thumbnail","6":"product_cat-claresa","7":"product_cat-liquidi-e-preparatori-claresa","8":"product_cat-top-brand-professionali-unghie","9":"product_tag-dehydrator","10":"product_tag-nail-prep","11":"product_tag-nail-prep-claresa","13":"first","14":"instock","15":"shipping-taxable","16":"purchasable","17":"product-type-simple"},"_links":{"self":[{"href":"https:\/\/serverdedicato.lovenailsrivenditore.com\/index.php?rest_route=\/wp\/v2\/product\/19561","targetHints":{"allow":["GET"]}}],"collection":[{"href":"https:\/\/serverdedicato.lovenailsrivenditore.com\/index.php?rest_route=\/wp\/v2\/product"}],"about":[{"href":"https:\/\/serverdedicato.lovenailsrivenditore.com\/index.php?rest_route=\/wp\/v2\/types\/product"}],"replies":[{"embeddable":true,"href":"https:\/\/serverdedicato.lovenailsrivenditore.com\/index.php?rest_route=%2Fwp%2Fv2%2Fcomments&post=19561"}],"wp:featuredmedia":[{"embeddable":true,"href":"https:\/\/serverdedicato.lovenailsrivenditore.com\/index.php?rest_route=\/wp\/v2\/media\/19562"}],"wp:attachment":[{"href":"https:\/\/serverdedicato.lovenailsrivenditore.com\/index.php?rest_route=%2Fwp%2Fv2%2Fmedia&parent=19561"}],"wp:term":[{"taxonomy":"product_brand","embeddable":true,"href":"https:\/\/serverdedicato.lovenailsrivenditore.com\/index.php?rest_route=%2Fwp%2Fv2%2Fproduct_brand&post=19561"},{"taxonomy":"product_cat","embeddable":true,"href":"https:\/\/serverdedicato.lovenailsrivenditore.com\/index.php?rest_route=%2Fwp%2Fv2%2Fproduct_cat&post=19561"},{"taxonomy":"product_tag","embeddable":true,"href":"https:\/\/serverdedicato.lovenailsrivenditore.com\/index.php?rest_route=%2Fwp%2Fv2%2Fproduct_tag&post=19561"}],"curies":[{"name":"wp","href":"https:\/\/api.w.org\/{rel}","templated":true}]}}