{"id":20131,"date":"2024-02-02T12:46:49","date_gmt":"2024-02-02T11:46:49","guid":{"rendered":"https:\/\/serverdedicato.lovenailsrivenditore.com\/?product=claresa-summer-stories-5ml-n-06"},"modified":"2026-04-18T12:17:32","modified_gmt":"2026-04-18T10:17:32","slug":"claresa-summer-stories-5ml-n-06","status":"publish","type":"product","link":"https:\/\/serverdedicato.lovenailsrivenditore.com\/?product=claresa-summer-stories-5ml-n-06","title":{"rendered":"CLARESA &#8211; SUMMER STORIES 5ml n.06"},"content":{"rendered":"<p>Avete mai sentito parlare del lago australiano Hillier? Il suo colore rosa unico delizia i turisti di tutto il mondo. Ora anche tu puoi stupire con un&#8217;altrettanto bella tonalit\u00e0 di rosa estivo sulle tue unghie!\u00a0<strong>Summer Stories 6\u00a0<\/strong>\u00e8 una tonalit\u00e0 vibrante e intensa che decorer\u00e0 magnificamente qualsiasi unghia, indipendentemente dalla forma e dalla lunghezza.<\/p>\n<p>&nbsp;<\/p>\n<p><strong>PROPRIET\u00c0:<\/strong><\/p>\n<ul>\n<li>Applicazione senza problemi<\/li>\n<li>lucentezza<\/li>\n<li>Media densit\u00e0 ideale<\/li>\n<li>Durata fino a 3 settimane<\/li>\n<li>Capacit\u00e0: 5 g<\/li>\n<\/ul>\n","protected":false},"excerpt":{"rendered":"<p>Avete mai sentito parlare del lago australiano Hillier? Il suo colore rosa unico delizia i turisti di tutto il mondo. Ora anche tu puoi stupire con un&#8217;altrettanto bella tonalit\u00e0 di rosa estivo sulle tue unghie!\u00a0<strong>Summer Stories 6\u00a0<\/strong>\u00e8 una tonalit\u00e0 vibrante e intensa che decorer\u00e0 magnificamente qualsiasi unghia, indipendentemente dalla forma e dalla lunghezza.<\/p>\n<p>&nbsp;<\/p>\n<p><strong>PROPRIET\u00c0:<\/strong><\/p>\n<ul>\n<li>Applicazione senza problemi<\/li>\n<li>lucentezza<\/li>\n<li>Media densit\u00e0 ideale<\/li>\n<li>Durata fino a 3 settimane<\/li>\n<li>Capacit\u00e0: 5 g<\/li>\n<\/ul>\n","protected":false},"featured_media":20132,"comment_status":"closed","ping_status":"open","template":"","meta":[],"product_brand":[],"product_cat":[1507,24,1560,83,1509],"product_tag":[1956,1953,1954],"class_list":{"0":"post-20131","1":"product","2":"type-product","3":"status-publish","4":"has-post-thumbnail","6":"product_cat-claresa","7":"product_cat-colori","8":"product_cat-colori-semipermanente-claresa","9":"product_cat-semipermanenti","10":"product_cat-top-brand-professionali-unghie","11":"product_tag-semipermante-claresa","12":"product_tag-summer","13":"product_tag-summer-stories","15":"first","16":"instock","17":"shipping-taxable","18":"purchasable","19":"product-type-simple"},"_links":{"self":[{"href":"https:\/\/serverdedicato.lovenailsrivenditore.com\/index.php?rest_route=\/wp\/v2\/product\/20131","targetHints":{"allow":["GET"]}}],"collection":[{"href":"https:\/\/serverdedicato.lovenailsrivenditore.com\/index.php?rest_route=\/wp\/v2\/product"}],"about":[{"href":"https:\/\/serverdedicato.lovenailsrivenditore.com\/index.php?rest_route=\/wp\/v2\/types\/product"}],"replies":[{"embeddable":true,"href":"https:\/\/serverdedicato.lovenailsrivenditore.com\/index.php?rest_route=%2Fwp%2Fv2%2Fcomments&post=20131"}],"wp:featuredmedia":[{"embeddable":true,"href":"https:\/\/serverdedicato.lovenailsrivenditore.com\/index.php?rest_route=\/wp\/v2\/media\/20132"}],"wp:attachment":[{"href":"https:\/\/serverdedicato.lovenailsrivenditore.com\/index.php?rest_route=%2Fwp%2Fv2%2Fmedia&parent=20131"}],"wp:term":[{"taxonomy":"product_brand","embeddable":true,"href":"https:\/\/serverdedicato.lovenailsrivenditore.com\/index.php?rest_route=%2Fwp%2Fv2%2Fproduct_brand&post=20131"},{"taxonomy":"product_cat","embeddable":true,"href":"https:\/\/serverdedicato.lovenailsrivenditore.com\/index.php?rest_route=%2Fwp%2Fv2%2Fproduct_cat&post=20131"},{"taxonomy":"product_tag","embeddable":true,"href":"https:\/\/serverdedicato.lovenailsrivenditore.com\/index.php?rest_route=%2Fwp%2Fv2%2Fproduct_tag&post=20131"}],"curies":[{"name":"wp","href":"https:\/\/api.w.org\/{rel}","templated":true}]}}