{"id":20136,"date":"2024-02-02T13:02:38","date_gmt":"2024-02-02T12:02:38","guid":{"rendered":"https:\/\/serverdedicato.lovenailsrivenditore.com\/?product=claresa-summer-stories-5ml-n-07"},"modified":"2026-04-18T12:17:36","modified_gmt":"2026-04-18T10:17:36","slug":"claresa-summer-stories-5ml-n-07","status":"publish","type":"product","link":"https:\/\/serverdedicato.lovenailsrivenditore.com\/?product=claresa-summer-stories-5ml-n-07","title":{"rendered":"CLARESA &#8211; SUMMER STORIES 5ml n.07"},"content":{"rendered":"<p>Amate le sfumature viola degli smalti semipermanenti? Unisciti a noi in un viaggio attraverso i campi di lavanda francese con Summer Stories 7! Sentite l&#8217;odore della lavanda che fiorisce durante le festivit\u00e0 natalizie, innamoratevi del paesaggio dei campi sotto i raggi del sole al tramonto e rilassatevi in una vacanza trascorsa tra i campi della Provenza. Questa intensa tonalit\u00e0 di viola estiva enfatizzer\u00e0 meravigliosamente la tua abbronzatura estiva e sar\u00e0 un&#8217;ottima decorazione per i tuoi outfit per le vacanze.<\/p>\n<p><strong>PROPRIET\u00c0:<\/strong><\/p>\n<ul>\n<li>Applicazione senza problemi, nessun allagamento delle cuticole<\/li>\n<li>bagliore intenso<\/li>\n<li>Media densit\u00e0 ideale<\/li>\n<li>Durata fino a 3 settimane<\/li>\n<li>Capacit\u00e0: 5 g<\/li>\n<\/ul>\n","protected":false},"excerpt":{"rendered":"<p>Amate le sfumature viola degli smalti semipermanenti? Unisciti a noi in un viaggio attraverso i campi di lavanda francese con Summer Stories 7! Sentite l&#8217;odore della lavanda che fiorisce durante le festivit\u00e0 natalizie, innamoratevi del paesaggio dei campi sotto i raggi del sole al tramonto e rilassatevi in una vacanza trascorsa tra i campi della Provenza. Questa intensa tonalit\u00e0 di viola estiva enfatizzer\u00e0 meravigliosamente la tua abbronzatura e sar\u00e0 un&#8217;ottima decorazione per i tuoi outfit per le vacanze.<\/p>\n<p><strong>PROPRIET\u00c0:<\/strong><\/p>\n<ul>\n<li>Applicazione senza problemi<\/li>\n<li>lucentezza<\/li>\n<li>Media densit\u00e0 ideale<\/li>\n<li>Durata fino a 3 settimane<\/li>\n<li>Capacit\u00e0: 5 g<\/li>\n<\/ul>\n","protected":false},"featured_media":20137,"comment_status":"closed","ping_status":"open","template":"","meta":[],"product_brand":[],"product_cat":[1507,1560,1509],"product_tag":[172,1571,1953,1954],"class_list":{"0":"post-20136","1":"product","2":"type-product","3":"status-publish","4":"has-post-thumbnail","6":"product_cat-claresa","7":"product_cat-colori-semipermanente-claresa","8":"product_cat-top-brand-professionali-unghie","9":"product_tag-lilla","10":"product_tag-semipermanente-claresa","11":"product_tag-summer","12":"product_tag-summer-stories","14":"first","15":"instock","16":"shipping-taxable","17":"purchasable","18":"product-type-simple"},"_links":{"self":[{"href":"https:\/\/serverdedicato.lovenailsrivenditore.com\/index.php?rest_route=\/wp\/v2\/product\/20136","targetHints":{"allow":["GET"]}}],"collection":[{"href":"https:\/\/serverdedicato.lovenailsrivenditore.com\/index.php?rest_route=\/wp\/v2\/product"}],"about":[{"href":"https:\/\/serverdedicato.lovenailsrivenditore.com\/index.php?rest_route=\/wp\/v2\/types\/product"}],"replies":[{"embeddable":true,"href":"https:\/\/serverdedicato.lovenailsrivenditore.com\/index.php?rest_route=%2Fwp%2Fv2%2Fcomments&post=20136"}],"wp:featuredmedia":[{"embeddable":true,"href":"https:\/\/serverdedicato.lovenailsrivenditore.com\/index.php?rest_route=\/wp\/v2\/media\/20137"}],"wp:attachment":[{"href":"https:\/\/serverdedicato.lovenailsrivenditore.com\/index.php?rest_route=%2Fwp%2Fv2%2Fmedia&parent=20136"}],"wp:term":[{"taxonomy":"product_brand","embeddable":true,"href":"https:\/\/serverdedicato.lovenailsrivenditore.com\/index.php?rest_route=%2Fwp%2Fv2%2Fproduct_brand&post=20136"},{"taxonomy":"product_cat","embeddable":true,"href":"https:\/\/serverdedicato.lovenailsrivenditore.com\/index.php?rest_route=%2Fwp%2Fv2%2Fproduct_cat&post=20136"},{"taxonomy":"product_tag","embeddable":true,"href":"https:\/\/serverdedicato.lovenailsrivenditore.com\/index.php?rest_route=%2Fwp%2Fv2%2Fproduct_tag&post=20136"}],"curies":[{"name":"wp","href":"https:\/\/api.w.org\/{rel}","templated":true}]}}