{"id":20214,"date":"2024-02-07T15:34:01","date_gmt":"2024-02-07T14:34:01","guid":{"rendered":"https:\/\/serverdedicato.lovenailsrivenditore.com\/?product=claresa-top-bubble-5ml-black-matt"},"modified":"2026-04-18T12:18:46","modified_gmt":"2026-04-18T10:18:46","slug":"claresa-top-bubble-5ml-black-matt","status":"publish","type":"product","link":"https:\/\/serverdedicato.lovenailsrivenditore.com\/?product=claresa-top-bubble-5ml-black-matt","title":{"rendered":"CLARESA &#8211; TOP BUBBLE 5ml Black Matt"},"content":{"rendered":"<p>Con il <strong>Top<\/strong> <strong>Bubble Black Matt No Wipe<\/strong>, scoprirai rapidamente che \u00e8 una vera magia racchiusa in una bottiglia.<\/p>\n<p><strong>Un top coat trasparente opaco con particelle nere<\/strong>\u00a0ti permetter\u00e0 di trasformare senza sforzo qualsiasi smalto semipermanente in una piccola opera d&#8217;arte in un batter d&#8217;occhio. Le particelle incorporate nel prodotto\u00a0<strong>variano per dimensioni e forma<\/strong>, grazie alle quali la tua manicure diventer\u00e0 ancora pi\u00f9 multidimensionale e la finitura opaca le conferir\u00e0 eleganza.<\/p>\n<p><strong>PROPRIET\u00c0:<\/strong><\/p>\n<ul>\n<li>Applicazione senza problemi<\/li>\n<li>trasparente con particelle nere<\/li>\n<li>finitura opaca<\/li>\n<li>Media densit\u00e0 ideale<\/li>\n<li>Durata fino a 3 settimane<\/li>\n<li>Capacit\u00e0: 5 g<\/li>\n<\/ul>\n","protected":false},"excerpt":{"rendered":"<p>Un ciottolo maculato, un dolce italiano con piccole gocce di cioccolato, un budino vellutato con baccelli di vaniglia, un iconico biscotto al cioccolato a strati con crema bianca, un uovo di quaglia&#8230; Indipendentemente da ci\u00f2 a cui associ il top\u00a0<strong>Bubble Black Matt No Wipe<\/strong>, scoprirai rapidamente che \u00e8 una vera magia racchiusa in una bottiglia.<\/p>\n<p><strong>Un top coat trasparente opaco con particelle nere<\/strong>\u00a0ti permetter\u00e0 di trasformare senza sforzo qualsiasi smalto semipermanente in una piccola opera d&#8217;arte in un batter d&#8217;occhio. Le particelle incorporate nel prodotto\u00a0<strong>variano per dimensioni e forma<\/strong>, grazie alle quali la tua manicure diventer\u00e0 ancora pi\u00f9 multidimensionale e la finitura opaca le conferir\u00e0 eleganza.<\/p>\n<p><strong>PROPRIET\u00c0:<\/strong><\/p>\n<ul>\n<li>Applicazione senza problemi, nessun allagamento delle cuticole<\/li>\n<li>trasparente con particelle nere<\/li>\n<li>finitura opaca<\/li>\n<li>Media densit\u00e0 ideale<\/li>\n<li>Durata fino a 3 settimane<\/li>\n<li>Capacit\u00e0: 5 g<\/li>\n<\/ul>\n","protected":false},"featured_media":20215,"comment_status":"closed","ping_status":"open","template":"","meta":[],"product_brand":[],"product_cat":[1507,202,1556,1509],"product_tag":[1964,1965,1002,1425],"class_list":{"0":"post-20214","1":"product","2":"type-product","3":"status-publish","4":"has-post-thumbnail","6":"product_cat-claresa","7":"product_cat-finish","8":"product_cat-finish-claresa","9":"product_cat-top-brand-professionali-unghie","10":"product_tag-black-matt","11":"product_tag-black-top-matt","12":"product_tag-satin-top","13":"product_tag-top-matt","15":"first","16":"instock","17":"shipping-taxable","18":"purchasable","19":"product-type-simple"},"_links":{"self":[{"href":"https:\/\/serverdedicato.lovenailsrivenditore.com\/index.php?rest_route=\/wp\/v2\/product\/20214","targetHints":{"allow":["GET"]}}],"collection":[{"href":"https:\/\/serverdedicato.lovenailsrivenditore.com\/index.php?rest_route=\/wp\/v2\/product"}],"about":[{"href":"https:\/\/serverdedicato.lovenailsrivenditore.com\/index.php?rest_route=\/wp\/v2\/types\/product"}],"replies":[{"embeddable":true,"href":"https:\/\/serverdedicato.lovenailsrivenditore.com\/index.php?rest_route=%2Fwp%2Fv2%2Fcomments&post=20214"}],"wp:featuredmedia":[{"embeddable":true,"href":"https:\/\/serverdedicato.lovenailsrivenditore.com\/index.php?rest_route=\/wp\/v2\/media\/20215"}],"wp:attachment":[{"href":"https:\/\/serverdedicato.lovenailsrivenditore.com\/index.php?rest_route=%2Fwp%2Fv2%2Fmedia&parent=20214"}],"wp:term":[{"taxonomy":"product_brand","embeddable":true,"href":"https:\/\/serverdedicato.lovenailsrivenditore.com\/index.php?rest_route=%2Fwp%2Fv2%2Fproduct_brand&post=20214"},{"taxonomy":"product_cat","embeddable":true,"href":"https:\/\/serverdedicato.lovenailsrivenditore.com\/index.php?rest_route=%2Fwp%2Fv2%2Fproduct_cat&post=20214"},{"taxonomy":"product_tag","embeddable":true,"href":"https:\/\/serverdedicato.lovenailsrivenditore.com\/index.php?rest_route=%2Fwp%2Fv2%2Fproduct_tag&post=20214"}],"curies":[{"name":"wp","href":"https:\/\/api.w.org\/{rel}","templated":true}]}}