{"id":20292,"date":"2024-02-13T17:17:05","date_gmt":"2024-02-13T16:17:05","guid":{"rendered":"https:\/\/serverdedicato.lovenailsrivenditore.com\/?product=dnka-top-matt-no-wipe-12ml"},"modified":"2026-04-18T12:19:59","modified_gmt":"2026-04-18T10:19:59","slug":"dnka-top-matt-no-wipe-12ml","status":"publish","type":"product","link":"https:\/\/serverdedicato.lovenailsrivenditore.com\/?product=dnka-top-matt-no-wipe-12ml","title":{"rendered":"DNK\u00e0 &#8211; TOP MATT no wipe &#8211; 12ml"},"content":{"rendered":"<p>DNKa&#8217; Top Matt No Wipe \u00e8 una finitura opaca senza dispersione adatta a tonalit\u00e0 chiare e scure e la mantiene impeccabili fino a tre settimane. La caratteristica principale di Top Matt No Wipe di DNKa&#8217; \u00e8 un sorprendente effetto velluto. Inoltre, il rivestimento di finitura \u00e8 autolivellante, non ingiallisce nel tempo e protegge dai danni meccanici.<\/p>\n<p>&nbsp;<\/p>\n<p><strong>POLIMERIZZAZIONE :<\/strong><\/p>\n<p>Polimerizza con lampada UV\/LED 60s oppure lampada UV per 2 minuti.<\/p>\n<p>Dopo la polimerizzazione, assicurarsi di lasciar raffreddare per alcuni minuti<\/p>\n","protected":false},"excerpt":{"rendered":"<p>DNKa&#8217; Top Matt No Wipe \u00e8 una finitura opaca senza dispersione adatta a tonalit\u00e0 chiare e scure e la mantiene impeccabili fino a tre settimane. La caratteristica principale di Top Matt No Wipe di DNKa&#8217; \u00e8 un sorprendente effetto velluto. Inoltre, il rivestimento di finitura \u00e8 autolivellante, non ingiallisce nel tempo e protegge dai danni meccanici.<\/p>\n<p>&nbsp;<\/p>\n<p><strong>POLIMERIZZAZIONE :<\/strong><\/p>\n<p>Polimerizza con lampada UV\/LED 60s oppure lampada UV per 2 minuti.<\/p>\n<p>Dopo la polimerizzazione, assicurarsi di lasciar raffreddare per alcuni minuti<\/p>\n","protected":false},"featured_media":20293,"comment_status":"closed","ping_status":"open","template":"","meta":[],"product_brand":[],"product_cat":[1932,1944,202,1509],"product_tag":[1935,1001,1002,1425],"class_list":{"0":"post-20292","1":"product","2":"type-product","3":"status-publish","4":"has-post-thumbnail","6":"product_cat-dnka","7":"product_cat-finish-dnka","8":"product_cat-finish","9":"product_cat-top-brand-professionali-unghie","10":"product_tag-dnka","11":"product_tag-opaco","12":"product_tag-satin-top","13":"product_tag-top-matt","15":"first","16":"instock","17":"shipping-taxable","18":"purchasable","19":"product-type-simple"},"_links":{"self":[{"href":"https:\/\/serverdedicato.lovenailsrivenditore.com\/index.php?rest_route=\/wp\/v2\/product\/20292","targetHints":{"allow":["GET"]}}],"collection":[{"href":"https:\/\/serverdedicato.lovenailsrivenditore.com\/index.php?rest_route=\/wp\/v2\/product"}],"about":[{"href":"https:\/\/serverdedicato.lovenailsrivenditore.com\/index.php?rest_route=\/wp\/v2\/types\/product"}],"replies":[{"embeddable":true,"href":"https:\/\/serverdedicato.lovenailsrivenditore.com\/index.php?rest_route=%2Fwp%2Fv2%2Fcomments&post=20292"}],"wp:featuredmedia":[{"embeddable":true,"href":"https:\/\/serverdedicato.lovenailsrivenditore.com\/index.php?rest_route=\/wp\/v2\/media\/20293"}],"wp:attachment":[{"href":"https:\/\/serverdedicato.lovenailsrivenditore.com\/index.php?rest_route=%2Fwp%2Fv2%2Fmedia&parent=20292"}],"wp:term":[{"taxonomy":"product_brand","embeddable":true,"href":"https:\/\/serverdedicato.lovenailsrivenditore.com\/index.php?rest_route=%2Fwp%2Fv2%2Fproduct_brand&post=20292"},{"taxonomy":"product_cat","embeddable":true,"href":"https:\/\/serverdedicato.lovenailsrivenditore.com\/index.php?rest_route=%2Fwp%2Fv2%2Fproduct_cat&post=20292"},{"taxonomy":"product_tag","embeddable":true,"href":"https:\/\/serverdedicato.lovenailsrivenditore.com\/index.php?rest_route=%2Fwp%2Fv2%2Fproduct_tag&post=20292"}],"curies":[{"name":"wp","href":"https:\/\/api.w.org\/{rel}","templated":true}]}}