{"id":20684,"date":"2024-03-03T16:50:46","date_gmt":"2024-03-03T15:50:46","guid":{"rendered":"https:\/\/serverdedicato.lovenailsrivenditore.com\/?product=rubber-base-sparkling-mousse-10ml-molly-lac"},"modified":"2026-04-18T12:24:58","modified_gmt":"2026-04-18T10:24:58","slug":"rubber-base-sparkling-mousse-10ml-molly-lac","status":"publish","type":"product","link":"https:\/\/serverdedicato.lovenailsrivenditore.com\/?product=rubber-base-sparkling-mousse-10ml-molly-lac","title":{"rendered":"Rubber Base &#8211; Sparkling Mousse 10ml Molly Lac"},"content":{"rendered":"<p><b>Mousse frizzante:\u00a0<\/b>Una fredda tonalit\u00e0 di rosa accompagnata da scintillanti particelle color argento.<\/p>\n<p>Una\u00a0<strong>base<\/strong>\u00a0di copertura colorata e densa con la consistenza e le caratteristiche di un ibrido, avendo anche le propriet\u00e0 di un gel morbido e costruttore. Grazie ad esso, la manicure ibrida \u00e8 resistente, funziona perfettamente con l&#8217;unghia naturale e fornisce un bel colore! Il prodotto lascia uno strato di dispersione appiccicosa, che fa aderire perfettamente il colore applicato. Questa\u00a0<strong>base<\/strong>\u00a0\u00e8 dedicata alle unghie deboli: \u00e8 molto resistente e avvolge a fondo l&#8217;unghia, creando un&#8217;ottima base per la rigenerazione e la crescita delle unghie, protegge da nuovi danni meccanici. Grazie alla sua elevata elasticit\u00e0, non si screpola e non si scheggia. Pu\u00f2 essere utilizzato per costruire imperfezioni dei bordi o piccole cavit\u00e0 nella lamina ungueale (fino a 1 cm).<\/p>\n<p>Risparmia tempo usando la base e il colore in uno!<\/p>\n<p><b>Modo d&#8217;uso:<\/b><\/p>\n<ol>\n<li>Applicare uno strato sottile di base sulla lamina ungueale accuratamente preparata.<\/li>\n<li>Quindi costruisci una curva e un apice con pi\u00f9 quantit\u00e0.<\/li>\n<li>Dopo l&#8217;indurimento, \u00e8 possibile applicare immediatamente il colore\/top coat o rimuovere la dispersione con un detergente e uniformare eventuali irregolarit\u00e0 con un blocco.<\/li>\n<li>Puoi seguire i passaggi successivi come nel caso dello styling ibrido o dipingere la lamina ungueale con lo smalto tradizionale.<\/li>\n<\/ol>\n<p><b>Cosa guadagnerai?<\/b><\/p>\n<ul>\n<li>Una lamina ungueale perfetta, ben curata, impeccabile in colori unici! (copertura fino al 95%)<\/li>\n<li>Arco di sovrastruttura modellato (curva c)<\/li>\n<li>Eccellente protezione contro i danni meccanici<\/li>\n<li>Rinforzare ed estendere l&#8217;unghia fino a 1 cm<\/li>\n<li>Rigenerazione di unghie sottili e fragili anche con irregolarit\u00e0 e scalfitture<\/li>\n<li>Protezione contro le doppie punte<\/li>\n<li>Eccezionale comfort di applicazione senza l&#8217;effetto di cuticole allagate<\/li>\n<li>Non c&#8217;\u00e8 aria e dura fino a 4 settimane<\/li>\n<li>La scelta migliore per l&#8217;uso da solista cos\u00ec come per esaltare il colore dello smalto semipermanente<\/li>\n<\/ul>\n<p><strong>Tempo di indurimento:<\/strong><\/p>\n<ul>\n<li>UV\/LED 48 W \u2013 30 sec.<\/li>\n<li>UV\/LED 24 W \u2013 60 sec.<\/li>\n<li>UV\/LED 36 W \u2013 60 sec.<\/li>\n<\/ul>\n<p><strong>Composizione\/INCI:<\/strong><\/p>\n<p>Di-HEMA trimetilesile dicarbammato, HEMA, isobornil metacrilato, acetato di cellulosa butirrato, idrossicicloesilfenilchetone, trimetilbenzoildifenilfosfina, glicole HEMA-metacrilato bis(metacriloilossi-etil) fosfato, p-idrossianisolo, idrochinone<\/p>\n","protected":false},"excerpt":{"rendered":"<p><b>Mousse frizzante:\u00a0<\/b>Una fredda tonalit\u00e0 di rosa accompagnata da scintillanti particelle color argento.<\/p>\n<p>Una\u00a0<strong>base<\/strong>\u00a0di copertura colorata e densa con la consistenza e le caratteristiche di un ibrido, avendo anche le propriet\u00e0 di un gel morbido e costruttore. Grazie ad esso, la manicure ibrida \u00e8 resistente, funziona perfettamente con l&#8217;unghia naturale e fornisce un bel colore! Il prodotto lascia uno strato di dispersione appiccicosa, che fa aderire perfettamente il colore applicato. Questa\u00a0<strong>base<\/strong>\u00a0\u00e8 dedicata alle unghie deboli: \u00e8 molto resistente e avvolge a fondo l&#8217;unghia, creando un&#8217;ottima base per la rigenerazione e la crescita delle unghie, protegge da nuovi danni meccanici. Grazie alla sua elevata elasticit\u00e0, non si screpola e non si scheggia. Pu\u00f2 essere utilizzato per costruire imperfezioni dei bordi o piccole cavit\u00e0 nella lamina ungueale (fino a 1 cm).<\/p>\n<p>Risparmia tempo usando la base e il colore in uno!<\/p>\n","protected":false},"featured_media":20685,"comment_status":"closed","ping_status":"open","template":"","meta":[],"product_brand":[],"product_cat":[240,241,81,239],"product_tag":[84,268,2018],"class_list":{"0":"post-20684","1":"product","2":"type-product","3":"status-publish","4":"has-post-thumbnail","6":"product_cat-base","7":"product_cat-base-molly-lac","8":"product_cat-molly-lac","9":"product_cat-semipermanente","10":"product_tag-molly-lac","11":"product_tag-rubber-base","12":"product_tag-sparkling-mousse","14":"first","15":"instock","16":"shipping-taxable","17":"purchasable","18":"product-type-simple"},"_links":{"self":[{"href":"https:\/\/serverdedicato.lovenailsrivenditore.com\/index.php?rest_route=\/wp\/v2\/product\/20684","targetHints":{"allow":["GET"]}}],"collection":[{"href":"https:\/\/serverdedicato.lovenailsrivenditore.com\/index.php?rest_route=\/wp\/v2\/product"}],"about":[{"href":"https:\/\/serverdedicato.lovenailsrivenditore.com\/index.php?rest_route=\/wp\/v2\/types\/product"}],"replies":[{"embeddable":true,"href":"https:\/\/serverdedicato.lovenailsrivenditore.com\/index.php?rest_route=%2Fwp%2Fv2%2Fcomments&post=20684"}],"wp:featuredmedia":[{"embeddable":true,"href":"https:\/\/serverdedicato.lovenailsrivenditore.com\/index.php?rest_route=\/wp\/v2\/media\/20685"}],"wp:attachment":[{"href":"https:\/\/serverdedicato.lovenailsrivenditore.com\/index.php?rest_route=%2Fwp%2Fv2%2Fmedia&parent=20684"}],"wp:term":[{"taxonomy":"product_brand","embeddable":true,"href":"https:\/\/serverdedicato.lovenailsrivenditore.com\/index.php?rest_route=%2Fwp%2Fv2%2Fproduct_brand&post=20684"},{"taxonomy":"product_cat","embeddable":true,"href":"https:\/\/serverdedicato.lovenailsrivenditore.com\/index.php?rest_route=%2Fwp%2Fv2%2Fproduct_cat&post=20684"},{"taxonomy":"product_tag","embeddable":true,"href":"https:\/\/serverdedicato.lovenailsrivenditore.com\/index.php?rest_route=%2Fwp%2Fv2%2Fproduct_tag&post=20684"}],"curies":[{"name":"wp","href":"https:\/\/api.w.org\/{rel}","templated":true}]}}