{"id":20689,"date":"2024-03-03T17:14:17","date_gmt":"2024-03-03T16:14:17","guid":{"rendered":"https:\/\/serverdedicato.lovenailsrivenditore.com\/?product=cleaner-allelac-1l"},"modified":"2026-04-18T12:25:01","modified_gmt":"2026-04-18T10:25:01","slug":"cleaner-allelac-1l","status":"publish","type":"product","link":"https:\/\/serverdedicato.lovenailsrivenditore.com\/?product=cleaner-allelac-1l","title":{"rendered":"Cleaner Allelac 1L"},"content":{"rendered":"<p><strong>AlleLac Cleaner<\/strong> \u2013 uno sgrassatore che si adatta perfettamente alla rimozione dello strato di dispersione adesiva che si forma dopo la polimerizzazione dello smalto ibrido, del top coat o del gel in una lampada UV e UV LED. \u00c8 insostituibile anche nelle prime fasi della manicure, ovvero come sgrassante per l&#8217;unghia naturale prima di applicare ad esempio una base.<\/p>\n<p>Tutto quello che devi fare \u00e8 immergere un batuffolo di cotone in\u00a0<strong>AlleLac Cleaner<\/strong>\u00a0e pulire l&#8217;unghia con esso prima o dopo lo styling. Questo trattamento sgrasser\u00e0 le unghie e rimuover\u00e0 polvere e impurit\u00e0 da esse durante la preparazione della lamina ungueale, oltre a rimuovere la dispersione.<\/p>\n<p>La fragranza follemente bella ti far\u00e0 sentire come se fossi in una vera spa! Unico, magico, con un pizzico di fiori di pesco, \u00e8 una proposta unica per stilisti e maniaci delle unghie che apprezzano la migliore qualit\u00e0.<\/p>\n<p><strong>Composizione\/INCI:<\/strong><\/p>\n<p>Alcool isopropilico, Aqua<\/p>\n","protected":false},"excerpt":{"rendered":"<p><strong>Osservazione!<\/strong> Aumento della gradazione alcolica. Uno sgrassatore che rimuover\u00e0 perfettamente lo strato di dispersione adesiva che si forma dopo la polimerizzazione dello smalto ibrido, del top coat o del gel in una lampada UV e UV LED. \u00c8 insostituibile anche nelle prime fasi dello styling delle unghie, ovvero come sgrassante per l&#8217;unghia naturale prima di applicare ad esempio una base.<\/p>\n","protected":false},"featured_media":20690,"comment_status":"closed","ping_status":"open","template":"","meta":[],"product_brand":[],"product_cat":[388,207,208,81],"product_tag":[741,761,1017],"class_list":{"0":"post-20689","1":"product","2":"type-product","3":"status-publish","4":"has-post-thumbnail","6":"product_cat-liquidi","7":"product_cat-liquidi-e-preparatori","8":"product_cat-liquidi-e-preparatori-2","9":"product_cat-molly-lac","10":"product_tag-allelac","11":"product_tag-cleaner","12":"product_tag-sgrassante","14":"first","15":"outofstock","16":"shipping-taxable","17":"purchasable","18":"product-type-simple"},"_links":{"self":[{"href":"https:\/\/serverdedicato.lovenailsrivenditore.com\/index.php?rest_route=\/wp\/v2\/product\/20689","targetHints":{"allow":["GET"]}}],"collection":[{"href":"https:\/\/serverdedicato.lovenailsrivenditore.com\/index.php?rest_route=\/wp\/v2\/product"}],"about":[{"href":"https:\/\/serverdedicato.lovenailsrivenditore.com\/index.php?rest_route=\/wp\/v2\/types\/product"}],"replies":[{"embeddable":true,"href":"https:\/\/serverdedicato.lovenailsrivenditore.com\/index.php?rest_route=%2Fwp%2Fv2%2Fcomments&post=20689"}],"wp:featuredmedia":[{"embeddable":true,"href":"https:\/\/serverdedicato.lovenailsrivenditore.com\/index.php?rest_route=\/wp\/v2\/media\/20690"}],"wp:attachment":[{"href":"https:\/\/serverdedicato.lovenailsrivenditore.com\/index.php?rest_route=%2Fwp%2Fv2%2Fmedia&parent=20689"}],"wp:term":[{"taxonomy":"product_brand","embeddable":true,"href":"https:\/\/serverdedicato.lovenailsrivenditore.com\/index.php?rest_route=%2Fwp%2Fv2%2Fproduct_brand&post=20689"},{"taxonomy":"product_cat","embeddable":true,"href":"https:\/\/serverdedicato.lovenailsrivenditore.com\/index.php?rest_route=%2Fwp%2Fv2%2Fproduct_cat&post=20689"},{"taxonomy":"product_tag","embeddable":true,"href":"https:\/\/serverdedicato.lovenailsrivenditore.com\/index.php?rest_route=%2Fwp%2Fv2%2Fproduct_tag&post=20689"}],"curies":[{"name":"wp","href":"https:\/\/api.w.org\/{rel}","templated":true}]}}