{"id":21358,"date":"2024-04-12T15:02:18","date_gmt":"2024-04-12T13:02:18","guid":{"rendered":"https:\/\/serverdedicato.lovenailsrivenditore.com\/?product=palu-pro-light-builder-90ml-clear"},"modified":"2026-04-18T12:32:48","modified_gmt":"2026-04-18T10:32:48","slug":"palu-pro-light-builder-90ml-clear","status":"publish","type":"product","link":"https:\/\/serverdedicato.lovenailsrivenditore.com\/?product=palu-pro-light-builder-90ml-clear","title":{"rendered":"PALU &#8211; PRO LIGHT BUILDER 90ml &#8211; CLEAR"},"content":{"rendered":"<p><strong>PRO LIGHT BUILDER GEL<\/strong>\u00a0\u00e8 un gel multifunzionale\u00a0<strong>creato per il salone, l\u2019uso professionale.<\/strong>\u00a0Una formula speciale sviluppata sulla base dell\u2019esperienza dei migliori professionisti per\u00a0<strong>velocizzare e facilitare il lavoro quotidiano<\/strong>. La tissotropia in combinazione con le migliori\u00a0<strong>propriet\u00e0 autolivellanti garantisce una goccia perfetta e non fluente<\/strong>.<\/p>\n<p>PRO LIGHT BUILDER GEL ha una\u00a0<strong>bassa temperatura di polimerizzazione<\/strong>, riducendo al minimo l\u2019effetto di calore nella lampada. Il gel ha una struttura lineare di molecole e la sua consistenza, viscosit\u00e0 e densit\u00e0 del gel perfettamente selezionate influenzano la qualit\u00e0 del lavoro.<\/p>\n<p>PRO LIGHT BUILDER GEL \u00e8 un gel che ha le propriet\u00e0 di un prodotto basico, costruttivo e brillante. Nella sua struttura, contiene sostanze adesive che aumentano l\u2019adesione alla lamina ungueale naturale, alle sostanze costruttive e brillanti.<\/p>\n<p>Il gel \u00e8\u00a0<strong>resistente, resistente ai graffi e con una lucentezza elevata e duratura.<\/strong><\/p>\n<p>Caratteristiche principali:<\/p>\n<ul>\n<li>Autolivellanti;<\/li>\n<li>Con tissotropia;<\/li>\n<li>Multifunzione;<\/li>\n<li>Con intensa lucentezza, durata e resistenza ai graffi;<\/li>\n<li>Senza acidi;<\/li>\n<li>Velocizza e facilita il lavoro;<\/li>\n<\/ul>\n","protected":false},"excerpt":{"rendered":"<p><strong>PRO LIGHT BUILDER GEL<\/strong>\u00a0\u00e8 un gel multifunzionale\u00a0<strong>creato per il salone, l\u2019uso professionale.<\/strong>\u00a0Una formula speciale sviluppata sulla base dell\u2019esperienza dei migliori professionisti per\u00a0<strong>velocizzare e facilitare il lavoro quotidiano<\/strong>. La tissotropia in combinazione con le migliori\u00a0<strong>propriet\u00e0 autolivellanti garantisce una goccia perfetta e non fluente<\/strong>.<\/p>\n<p>PRO LIGHT BUILDER GEL ha una\u00a0<strong>bassa temperatura di polimerizzazione<\/strong>, riducendo al minimo l\u2019effetto di calore nella lampada. Il gel ha una struttura lineare di molecole e la sua consistenza, viscosit\u00e0 e densit\u00e0 del gel perfettamente selezionate influenzano la qualit\u00e0 del lavoro.<\/p>\n","protected":false},"featured_media":21359,"comment_status":"closed","ping_status":"open","template":"","meta":[],"product_brand":[],"product_cat":[224,1647,223,1644,1509],"product_tag":[1434,227,2075,468],"class_list":{"0":"post-21358","1":"product","2":"type-product","3":"status-publish","4":"has-post-thumbnail","6":"product_cat-costruttori","7":"product_cat-costruttori-palu","8":"product_cat-gel-uv","9":"product_cat-palu","10":"product_cat-top-brand-professionali-unghie","11":"product_tag-clear","12":"product_tag-costruttore","13":"product_tag-palu-cosmetics","14":"product_tag-trasparente","16":"first","17":"instock","18":"shipping-taxable","19":"purchasable","20":"product-type-simple"},"_links":{"self":[{"href":"https:\/\/serverdedicato.lovenailsrivenditore.com\/index.php?rest_route=\/wp\/v2\/product\/21358","targetHints":{"allow":["GET"]}}],"collection":[{"href":"https:\/\/serverdedicato.lovenailsrivenditore.com\/index.php?rest_route=\/wp\/v2\/product"}],"about":[{"href":"https:\/\/serverdedicato.lovenailsrivenditore.com\/index.php?rest_route=\/wp\/v2\/types\/product"}],"replies":[{"embeddable":true,"href":"https:\/\/serverdedicato.lovenailsrivenditore.com\/index.php?rest_route=%2Fwp%2Fv2%2Fcomments&post=21358"}],"wp:featuredmedia":[{"embeddable":true,"href":"https:\/\/serverdedicato.lovenailsrivenditore.com\/index.php?rest_route=\/wp\/v2\/media\/21359"}],"wp:attachment":[{"href":"https:\/\/serverdedicato.lovenailsrivenditore.com\/index.php?rest_route=%2Fwp%2Fv2%2Fmedia&parent=21358"}],"wp:term":[{"taxonomy":"product_brand","embeddable":true,"href":"https:\/\/serverdedicato.lovenailsrivenditore.com\/index.php?rest_route=%2Fwp%2Fv2%2Fproduct_brand&post=21358"},{"taxonomy":"product_cat","embeddable":true,"href":"https:\/\/serverdedicato.lovenailsrivenditore.com\/index.php?rest_route=%2Fwp%2Fv2%2Fproduct_cat&post=21358"},{"taxonomy":"product_tag","embeddable":true,"href":"https:\/\/serverdedicato.lovenailsrivenditore.com\/index.php?rest_route=%2Fwp%2Fv2%2Fproduct_tag&post=21358"}],"curies":[{"name":"wp","href":"https:\/\/api.w.org\/{rel}","templated":true}]}}