{"id":21541,"date":"2024-05-01T17:07:33","date_gmt":"2024-05-01T15:07:33","guid":{"rendered":"https:\/\/serverdedicato.lovenailsrivenditore.com\/?product=claresa-base-power-5ml-n-19"},"modified":"2026-04-18T12:36:04","modified_gmt":"2026-04-18T10:36:04","slug":"claresa-base-power-5ml-n-19","status":"publish","type":"product","link":"https:\/\/serverdedicato.lovenailsrivenditore.com\/?product=claresa-base-power-5ml-n-19","title":{"rendered":"CLARESA &#8211; Base Power 5ml n.19"},"content":{"rendered":"<p>Sogni un prodotto perfetto che faccia l\u2019intera manicure praticamente per te?<\/p>\n<p>Ce l\u2019abbiamo!\u00a0<strong>La base Power\u00a0<\/strong>\u00e8 una novit\u00e0 che non abbiamo paura di definire rivoluzionaria.<\/p>\n<p>L\u2019esclusiva texture\u00a0<strong>medio-sottile\u00a0<\/strong>della base consente un\u2019applicazione facile, sottile e veloce, in modo da poter dipingere\u00a0<strong>4 unghie in una volta\u00a0<\/strong>sola (ad eccezione dei pollici). Abbiamo selezionato la formula in modo tale che la base si stenda quasi da sola: il prodotto\u00a0<strong>si livella rapidamente<\/strong>\u00a0e\u00a0<strong>non devi preoccuparti di levigare le striature del pennello<\/strong>, perch\u00e9 scompaiono in un batter d\u2019occhio. La base \u00e8 stata arricchita con uno speciale componente, il cosiddetto\u00a0<strong>promotore di adesione<\/strong>, che assicura\u00a0<strong>un\u2019elevata adesione, durata fino a 3 settimane e resistenza alla scheggiatura e all\u2019aerazione.<\/strong><\/p>\n<p><strong>La base power\u00a0<\/strong>lascia\u00a0<strong>unghie visivamente sottili e dall\u2019aspetto naturale<\/strong>\u00a0con una superficie perfettamente uniforme.<\/p>\n<p>Una gamma di nudi e rosa naturali offre un\u00a0<strong>effetto mimetico<\/strong>, cos\u00ec puoi goderti lo stile sottile senza preoccuparti dello scolorimento trasparente. Se la tua lamina ungueale \u00e8 intrinsecamente delicata e sensibile, non preoccuparti! La nostra base \u00e8\u00a0<strong>priva di acidi (non contiene acido metacrilico e acrilico),<\/strong>\u00a0quindi \u00e8 adatta a tutti i tipi di unghie, non solo a quelle delle mani, tra l\u2019altro, perch\u00e9 funziona benissimo per la pedicure.<\/p>\n<p><strong>PROPRIET\u00c0:<\/strong><\/p>\n<ul>\n<li><strong>consistenza medio-sottile<\/strong><\/li>\n<li><strong>Eccellente<\/strong>\u00a0adesione grazie al promotore di adesione \u2013 manicure a lunga durata e senza scheggiature<\/li>\n<li><strong>Durata fino a 3 settimane<\/strong><\/li>\n<li><strong>Rinforzo e indurimento della<\/strong>\u00a0lamina naturale<\/li>\n<li>Formula\u00a0<strong>autolivellante<\/strong><\/li>\n<li><strong>effetto delle unghie sottili e naturali<\/strong><\/li>\n<li><strong>senza acidi<\/strong><\/li>\n<li><strong>Colorazioni\u00a0 delicate<\/strong><\/li>\n<li>Capacit\u00e0:\u00a0<strong>5 g<\/strong><\/li>\n<\/ul>\n<p><strong>COLORE : ROSA CON SCAGLIE IRIDESCENTI<\/strong><\/p>\n<p><strong>USARE:<\/strong><\/p>\n<p>Applicare uno strato di Power base sulla lamina ungueale preparata e polimerizzare nella lampada.<\/p>\n<p><strong>TEMPO DI POLIMERIZZAZIONE\u00a0<\/strong>\u2013 min. 60 secondi<\/p>\n<p>&nbsp;<\/p>\n","protected":false},"excerpt":{"rendered":"<p>Sogni un prodotto perfetto che faccia l\u2019intera manicure praticamente per te?<\/p>\n<p>Ce l\u2019abbiamo!\u00a0<strong>La base Power\u00a0<\/strong>\u00e8 una novit\u00e0 che non abbiamo paura di definire rivoluzionaria.<\/p>\n<p>L\u2019esclusiva texture\u00a0<strong>medio-sottile\u00a0<\/strong>della base consente un\u2019applicazione facile, sottile e veloce, in modo da poter dipingere\u00a0<strong>4 unghie in una volta\u00a0<\/strong>sola (ad eccezione dei pollici). Abbiamo selezionato la formula in modo tale che la base si stenda quasi da sola: il prodotto\u00a0<strong>si livella rapidamente<\/strong>\u00a0e\u00a0<strong>non devi preoccuparti di levigare le striature del pennello<\/strong>, perch\u00e9 scompaiono in un batter d\u2019occhio. La base \u00e8 stata arricchita con uno speciale componente, il cosiddetto\u00a0<strong>promotore di adesione<\/strong>, che assicura\u00a0<strong>un\u2019elevata adesione, durata fino a 3 settimane e resistenza alla scheggiatura e all\u2019aerazione.<\/strong><\/p>\n<p><strong>La base power\u00a0<\/strong>lascia\u00a0<strong>unghie visivamente sottili e dall\u2019aspetto naturale<\/strong>\u00a0con una superficie perfettamente uniforme.<\/p>\n<p><strong>COLORE : ROSA CON SCAGLIE IRIDESCENTI<\/strong><\/p>\n","protected":false},"featured_media":21542,"comment_status":"closed","ping_status":"open","template":"","meta":[],"product_brand":[],"product_cat":[240,1519,1507,239,1509],"product_tag":[1555,1081,1510,86],"class_list":{"0":"post-21541","1":"product","2":"type-product","3":"status-publish","4":"has-post-thumbnail","6":"product_cat-base","7":"product_cat-base-claresa","8":"product_cat-claresa","9":"product_cat-semipermanente","10":"product_cat-top-brand-professionali-unghie","11":"product_tag-base-power","12":"product_tag-base-semipermanente","13":"product_tag-claresa","14":"product_tag-semipermanente","16":"first","17":"instock","18":"shipping-taxable","19":"purchasable","20":"product-type-simple"},"_links":{"self":[{"href":"https:\/\/serverdedicato.lovenailsrivenditore.com\/index.php?rest_route=\/wp\/v2\/product\/21541","targetHints":{"allow":["GET"]}}],"collection":[{"href":"https:\/\/serverdedicato.lovenailsrivenditore.com\/index.php?rest_route=\/wp\/v2\/product"}],"about":[{"href":"https:\/\/serverdedicato.lovenailsrivenditore.com\/index.php?rest_route=\/wp\/v2\/types\/product"}],"replies":[{"embeddable":true,"href":"https:\/\/serverdedicato.lovenailsrivenditore.com\/index.php?rest_route=%2Fwp%2Fv2%2Fcomments&post=21541"}],"wp:featuredmedia":[{"embeddable":true,"href":"https:\/\/serverdedicato.lovenailsrivenditore.com\/index.php?rest_route=\/wp\/v2\/media\/21542"}],"wp:attachment":[{"href":"https:\/\/serverdedicato.lovenailsrivenditore.com\/index.php?rest_route=%2Fwp%2Fv2%2Fmedia&parent=21541"}],"wp:term":[{"taxonomy":"product_brand","embeddable":true,"href":"https:\/\/serverdedicato.lovenailsrivenditore.com\/index.php?rest_route=%2Fwp%2Fv2%2Fproduct_brand&post=21541"},{"taxonomy":"product_cat","embeddable":true,"href":"https:\/\/serverdedicato.lovenailsrivenditore.com\/index.php?rest_route=%2Fwp%2Fv2%2Fproduct_cat&post=21541"},{"taxonomy":"product_tag","embeddable":true,"href":"https:\/\/serverdedicato.lovenailsrivenditore.com\/index.php?rest_route=%2Fwp%2Fv2%2Fproduct_tag&post=21541"}],"curies":[{"name":"wp","href":"https:\/\/api.w.org\/{rel}","templated":true}]}}