{"id":21662,"date":"2024-05-04T15:37:00","date_gmt":"2024-05-04T13:37:00","guid":{"rendered":"https:\/\/serverdedicato.lovenailsrivenditore.com\/?product=dnka-ultra-bond-12ml"},"modified":"2026-04-18T12:37:44","modified_gmt":"2026-04-18T10:37:44","slug":"dnka-ultra-bond-12ml","status":"publish","type":"product","link":"https:\/\/serverdedicato.lovenailsrivenditore.com\/?product=dnka-ultra-bond-12ml","title":{"rendered":"DNKA &#8211; Ultra Bond 12ml"},"content":{"rendered":"<p><span style=\"font-weight: 400;\">\u00c8 un prodotto professionale, non acido, che favorisce l&#8217;adesione del materiale artificiale alla lamina ungueale naturale. Non altera l&#8217;equilibrio del pH della lamina ungueale, poich\u00e9 non contiene acidi. <\/span><\/p>\n<p><span style=\"font-weight: 400;\">DNKa&#8217; Ultrabond \u00e8 ottimo per le unghie fragili soggette a delaminazione, prevenendo il distacco e la scheggiatura.<\/span><\/p>\n<p>&nbsp;<\/p>\n<p><b>Come si usa:<\/b><\/p>\n<p><span style=\"font-weight: 400;\">Dopo aver fatto la manicure, applicare uno strato sottile di DNKa&#8217; Ultrabond sull&#8217;unghia naturale e far asciugare all&#8217;aria per 30-60 secondi. Evitare di far penetrare Ultrabond nelle pieghe laterali, poich\u00e9 ci\u00f2 pu\u00f2 causare la fuoriuscita e il distacco del materiale artificiale.<\/span><\/p>\n<p>&nbsp;<\/p>\n<p><b>Ingredienti:<\/b><\/p>\n<p><span style=\"font-weight: 400;\">Dimethicone isostearato, Alcool SD, Costus, Oli.<\/span><\/p>\n","protected":false},"excerpt":{"rendered":"<p><span style=\"font-weight: 400;\">\u00c8 un prodotto professionale, non acido, che favorisce l&#8217;adesione del materiale artificiale alla lamina ungueale naturale. Non altera l&#8217;equilibrio del pH della lamina ungueale, poich\u00e9 non contiene acidi. <\/span><\/p>\n<p><span style=\"font-weight: 400;\">DNKa&#8217; Ultrabond \u00e8 ottimo per le unghie fragili soggette a delaminazione, prevenendo il distacco e la scheggiatura.<\/span><\/p>\n<p>&nbsp;<\/p>\n<p><b>Come si usa:<\/b><\/p>\n<p><span style=\"font-weight: 400;\">Dopo aver fatto la manicure, applicare uno strato sottile di DNKa&#8217; Ultrabond sull&#8217;unghia naturale e far asciugare all&#8217;aria per 30-60 secondi. Evitare di far penetrare Ultrabond nelle pieghe laterali, poich\u00e9 ci\u00f2 pu\u00f2 causare la fuoriuscita e il distacco del materiale artificiale.<\/span><\/p>\n<p>&nbsp;<\/p>\n<p><b>Ingredienti:<\/b><\/p>\n<p><span style=\"font-weight: 400;\">Dimethicone isostearato, Alcool SD, Costus, Oli.<\/span><\/p>\n","protected":false},"featured_media":21663,"comment_status":"closed","ping_status":"open","template":"","meta":[],"product_brand":[],"product_cat":[1932,208,209,1509],"product_tag":[1935,213,694,2091],"class_list":{"0":"post-21662","1":"product","2":"type-product","3":"status-publish","4":"has-post-thumbnail","6":"product_cat-dnka","7":"product_cat-liquidi-e-preparatori-2","8":"product_cat-preparatori","9":"product_cat-top-brand-professionali-unghie","10":"product_tag-dnka","11":"product_tag-primer","12":"product_tag-primer-non-acido","13":"product_tag-ultra-bond","15":"first","16":"outofstock","17":"shipping-taxable","18":"purchasable","19":"product-type-simple"},"_links":{"self":[{"href":"https:\/\/serverdedicato.lovenailsrivenditore.com\/index.php?rest_route=\/wp\/v2\/product\/21662","targetHints":{"allow":["GET"]}}],"collection":[{"href":"https:\/\/serverdedicato.lovenailsrivenditore.com\/index.php?rest_route=\/wp\/v2\/product"}],"about":[{"href":"https:\/\/serverdedicato.lovenailsrivenditore.com\/index.php?rest_route=\/wp\/v2\/types\/product"}],"replies":[{"embeddable":true,"href":"https:\/\/serverdedicato.lovenailsrivenditore.com\/index.php?rest_route=%2Fwp%2Fv2%2Fcomments&post=21662"}],"wp:featuredmedia":[{"embeddable":true,"href":"https:\/\/serverdedicato.lovenailsrivenditore.com\/index.php?rest_route=\/wp\/v2\/media\/21663"}],"wp:attachment":[{"href":"https:\/\/serverdedicato.lovenailsrivenditore.com\/index.php?rest_route=%2Fwp%2Fv2%2Fmedia&parent=21662"}],"wp:term":[{"taxonomy":"product_brand","embeddable":true,"href":"https:\/\/serverdedicato.lovenailsrivenditore.com\/index.php?rest_route=%2Fwp%2Fv2%2Fproduct_brand&post=21662"},{"taxonomy":"product_cat","embeddable":true,"href":"https:\/\/serverdedicato.lovenailsrivenditore.com\/index.php?rest_route=%2Fwp%2Fv2%2Fproduct_cat&post=21662"},{"taxonomy":"product_tag","embeddable":true,"href":"https:\/\/serverdedicato.lovenailsrivenditore.com\/index.php?rest_route=%2Fwp%2Fv2%2Fproduct_tag&post=21662"}],"curies":[{"name":"wp","href":"https:\/\/api.w.org\/{rel}","templated":true}]}}