{"id":21670,"date":"2024-05-04T16:08:06","date_gmt":"2024-05-04T14:08:06","guid":{"rendered":"https:\/\/serverdedicato.lovenailsrivenditore.com\/?product=dnka-cover-base-n-0007-powerful-12ml"},"modified":"2026-04-18T12:37:50","modified_gmt":"2026-04-18T10:37:50","slug":"dnka-cover-base-n-0007-powerful-12ml","status":"publish","type":"product","link":"https:\/\/serverdedicato.lovenailsrivenditore.com\/?product=dnka-cover-base-n-0007-powerful-12ml","title":{"rendered":"DNKA &#8211; Cover Base n.0007 &#8211; Powerful 12ml"},"content":{"rendered":"<p>DNKA\u2019 \u2013 COVER BASE \u00e8 una base mimetica di ottima qualit\u00e0<br \/>\nLe sue propriet\u00e0 autolivellanti permettono un ottima facilit\u00e0 di stesura,\u00a0 si distribuisce perfettamente sulla lamina ungueale creando una luminosit\u00e0 impeccabile!<br \/>\nQuesta base ha buonissime propriet\u00e0 adesive che forniscono stabilit\u00e0 senza distacchi e crepe fino a 3\/4 settimane.<\/p>\n<p>In termini di consistenza, \u00e8 di media densit\u00e0 (pi\u00f9 vicina al pi\u00f9 sottile).<\/p>\n<p>Colore: Beige con un leggero sottotono violaceo<\/p>\n","protected":false},"excerpt":{"rendered":"<p>DNKA\u2019 \u2013 COVER BASE \u00e8 una base mimetica di ottima qualit\u00e0<br \/>\nLe sue propriet\u00e0 autolivellanti permettono un ottima facilit\u00e0 di stesura,\u00a0 si distribuisce perfettamente sulla lamina ungueale creando una luminosit\u00e0 impeccabile!<br \/>\nQuesta base ha buonissime propriet\u00e0 adesive che forniscono stabilit\u00e0 senza distacchi e crepe fino a 3\/4 settimane.<\/p>\n<p>In termini di consistenza, \u00e8 di media densit\u00e0 (pi\u00f9 vicina al pi\u00f9 sottile).<\/p>\n<p>Colore: Beige con un leggero sottotono violaceo<\/p>\n","protected":false},"featured_media":21671,"comment_status":"closed","ping_status":"open","template":"","meta":[],"product_brand":[],"product_cat":[1933,240,1932,239,1509],"product_tag":[1982,1081,1122,1934],"class_list":{"0":"post-21670","1":"product","2":"type-product","3":"status-publish","4":"has-post-thumbnail","6":"product_cat-base-dnka","7":"product_cat-base","8":"product_cat-dnka","9":"product_cat-semipermanente","10":"product_cat-top-brand-professionali-unghie","11":"product_tag-base-dnka","12":"product_tag-base-semipermanente","13":"product_tag-beige","14":"product_tag-cover-base","16":"first","17":"outofstock","18":"shipping-taxable","19":"purchasable","20":"product-type-simple"},"_links":{"self":[{"href":"https:\/\/serverdedicato.lovenailsrivenditore.com\/index.php?rest_route=\/wp\/v2\/product\/21670","targetHints":{"allow":["GET"]}}],"collection":[{"href":"https:\/\/serverdedicato.lovenailsrivenditore.com\/index.php?rest_route=\/wp\/v2\/product"}],"about":[{"href":"https:\/\/serverdedicato.lovenailsrivenditore.com\/index.php?rest_route=\/wp\/v2\/types\/product"}],"replies":[{"embeddable":true,"href":"https:\/\/serverdedicato.lovenailsrivenditore.com\/index.php?rest_route=%2Fwp%2Fv2%2Fcomments&post=21670"}],"wp:featuredmedia":[{"embeddable":true,"href":"https:\/\/serverdedicato.lovenailsrivenditore.com\/index.php?rest_route=\/wp\/v2\/media\/21671"}],"wp:attachment":[{"href":"https:\/\/serverdedicato.lovenailsrivenditore.com\/index.php?rest_route=%2Fwp%2Fv2%2Fmedia&parent=21670"}],"wp:term":[{"taxonomy":"product_brand","embeddable":true,"href":"https:\/\/serverdedicato.lovenailsrivenditore.com\/index.php?rest_route=%2Fwp%2Fv2%2Fproduct_brand&post=21670"},{"taxonomy":"product_cat","embeddable":true,"href":"https:\/\/serverdedicato.lovenailsrivenditore.com\/index.php?rest_route=%2Fwp%2Fv2%2Fproduct_cat&post=21670"},{"taxonomy":"product_tag","embeddable":true,"href":"https:\/\/serverdedicato.lovenailsrivenditore.com\/index.php?rest_route=%2Fwp%2Fv2%2Fproduct_tag&post=21670"}],"curies":[{"name":"wp","href":"https:\/\/api.w.org\/{rel}","templated":true}]}}