{"id":21689,"date":"2024-05-05T09:04:17","date_gmt":"2024-05-05T07:04:17","guid":{"rendered":"https:\/\/serverdedicato.lovenailsrivenditore.com\/?product=dnka-cover-base-n-0097-disco-ball-12ml"},"modified":"2026-04-18T12:38:06","modified_gmt":"2026-04-18T10:38:06","slug":"dnka-cover-base-n-0097-disco-ball-12ml","status":"publish","type":"product","link":"https:\/\/serverdedicato.lovenailsrivenditore.com\/?product=dnka-cover-base-n-0097-disco-ball-12ml","title":{"rendered":"DNKA &#8211; Cover Base n.0097 &#8211; Disco Ball 12ml"},"content":{"rendered":"<p>Le basi di copertura di DNKa sono basi mimetiche universali di alta qualit\u00e0 che coprono la lamina ungueale in modo bello e si asciugano rapidamente. La particolarit\u00e0 della base \u00e8 la densit\u00e0 di media durezza, che si livella facilmente e si distribuisce uniformemente sulla lamina ungueale. Grazie a ci\u00f2, crea una lucentezza impeccabile, non si restringe durante l\u2019usura e ha propriet\u00e0 adesive. Per questo motivo, la Cover Base non si diffonde e fornisce stabilit\u00e0 senza scheggiature e desquamazioni per 4 settimane.<\/p>\n","protected":false},"excerpt":{"rendered":"<p>Le basi di copertura di DNKa sono basi mimetiche universali di alta qualit\u00e0 che coprono la lamina ungueale in modo bello e si asciugano rapidamente. La particolarit\u00e0 della base \u00e8 la densit\u00e0 di media durezza, che si livella facilmente e si distribuisce uniformemente sulla lamina ungueale. Grazie a ci\u00f2, crea una lucentezza impeccabile, non si restringe durante l\u2019usura e ha propriet\u00e0 adesive. Per questo motivo, la Cover Base non si diffonde e fornisce stabilit\u00e0 senza scheggiature e desquamazioni per 4 settimane.<\/p>\n","protected":false},"featured_media":21690,"comment_status":"closed","ping_status":"open","template":"","meta":[],"product_brand":[],"product_cat":[1933,240,1932,239,1509],"product_tag":[1081,1934,1935],"class_list":{"0":"post-21689","1":"product","2":"type-product","3":"status-publish","4":"has-post-thumbnail","6":"product_cat-base-dnka","7":"product_cat-base","8":"product_cat-dnka","9":"product_cat-semipermanente","10":"product_cat-top-brand-professionali-unghie","11":"product_tag-base-semipermanente","12":"product_tag-cover-base","13":"product_tag-dnka","15":"first","16":"outofstock","17":"shipping-taxable","18":"purchasable","19":"product-type-simple"},"_links":{"self":[{"href":"https:\/\/serverdedicato.lovenailsrivenditore.com\/index.php?rest_route=\/wp\/v2\/product\/21689","targetHints":{"allow":["GET"]}}],"collection":[{"href":"https:\/\/serverdedicato.lovenailsrivenditore.com\/index.php?rest_route=\/wp\/v2\/product"}],"about":[{"href":"https:\/\/serverdedicato.lovenailsrivenditore.com\/index.php?rest_route=\/wp\/v2\/types\/product"}],"replies":[{"embeddable":true,"href":"https:\/\/serverdedicato.lovenailsrivenditore.com\/index.php?rest_route=%2Fwp%2Fv2%2Fcomments&post=21689"}],"wp:featuredmedia":[{"embeddable":true,"href":"https:\/\/serverdedicato.lovenailsrivenditore.com\/index.php?rest_route=\/wp\/v2\/media\/21690"}],"wp:attachment":[{"href":"https:\/\/serverdedicato.lovenailsrivenditore.com\/index.php?rest_route=%2Fwp%2Fv2%2Fmedia&parent=21689"}],"wp:term":[{"taxonomy":"product_brand","embeddable":true,"href":"https:\/\/serverdedicato.lovenailsrivenditore.com\/index.php?rest_route=%2Fwp%2Fv2%2Fproduct_brand&post=21689"},{"taxonomy":"product_cat","embeddable":true,"href":"https:\/\/serverdedicato.lovenailsrivenditore.com\/index.php?rest_route=%2Fwp%2Fv2%2Fproduct_cat&post=21689"},{"taxonomy":"product_tag","embeddable":true,"href":"https:\/\/serverdedicato.lovenailsrivenditore.com\/index.php?rest_route=%2Fwp%2Fv2%2Fproduct_tag&post=21689"}],"curies":[{"name":"wp","href":"https:\/\/api.w.org\/{rel}","templated":true}]}}