{"id":21709,"date":"2024-05-07T13:27:01","date_gmt":"2024-05-07T11:27:01","guid":{"rendered":"https:\/\/serverdedicato.lovenailsrivenditore.com\/?product=dnka-cover-top-n-0004-dublin-12ml"},"modified":"2026-04-18T12:38:20","modified_gmt":"2026-04-18T10:38:20","slug":"dnka-cover-top-n-0004-dublin-12ml","status":"publish","type":"product","link":"https:\/\/serverdedicato.lovenailsrivenditore.com\/?product=dnka-cover-top-n-0004-dublin-12ml","title":{"rendered":"DNKA &#8211; Cover Top n.0003 &#8211; DUBLIN 12ml"},"content":{"rendered":"<p>Questa \u00e8 una collezione di top mimeticielastici senza strato di dispersione di media consistenza e rigidit\u00e0. Nascondono perfettamente le irregolarit\u00e0 e i difetti della lamina ungueale, consentendo di risparmiare tempo durante la procedura di manicure.<\/p>\n<p>Inoltre nascondono difetti e irregolarit\u00e0 .<\/p>\n<p>Adatto per l&#8217;uso come rivestimento autonomo o per creare profondit\u00e0 di sfumatura su colori nude. Si autolivella bene, ha una brillantezza perfetta. Non si diffondono durante l&#8217;applicazione, il che consente di coprire facilmente la lamina ungueale &#8220;sotto la cuticola&#8221;. Tutti i top sono gi\u00e0 dotati di filtro UV.<\/p>\n<p>Se applicato sul prodotto\u00a0 trasparente, fornisce un leggero effetto nudo; e uniforma il tono dei colori saturi.<\/p>\n","protected":false},"excerpt":{"rendered":"<p>Questa \u00e8 una collezione di top mimeticielastici senza strato di dispersione di media consistenza e rigidit\u00e0. Nascondono perfettamente le irregolarit\u00e0 e i difetti della lamina ungueale, consentendo di risparmiare tempo durante la procedura di manicure.<\/p>\n<p>Inoltre nascondono difetti e irregolarit\u00e0 .<\/p>\n<p>Adatto per l&#8217;uso come rivestimento autonomo o per creare profondit\u00e0 di sfumatura su colori nude. Si autolivella bene, ha una brillantezza perfetta. Non si diffondono durante l&#8217;applicazione, il che consente di coprire facilmente la lamina ungueale &#8220;sotto la cuticola&#8221;. Tutti i top sono gi\u00e0 dotati di filtro UV.<\/p>\n<p>Se applicato sul prodotto\u00a0 trasparente, fornisce un leggero effetto nudo; e uniforma il tono dei colori saturi.<\/p>\n","protected":false},"featured_media":21710,"comment_status":"closed","ping_status":"open","template":"","meta":[],"product_brand":[],"product_cat":[1932,202,1944,1509],"product_tag":[1935,270,1577],"class_list":{"0":"post-21709","1":"product","2":"type-product","3":"status-publish","4":"has-post-thumbnail","6":"product_cat-dnka","7":"product_cat-finish","8":"product_cat-finish-dnka","9":"product_cat-top-brand-professionali-unghie","10":"product_tag-dnka","11":"product_tag-top","12":"product_tag-top-senza-dispersione","14":"first","15":"instock","16":"shipping-taxable","17":"purchasable","18":"product-type-simple"},"_links":{"self":[{"href":"https:\/\/serverdedicato.lovenailsrivenditore.com\/index.php?rest_route=\/wp\/v2\/product\/21709","targetHints":{"allow":["GET"]}}],"collection":[{"href":"https:\/\/serverdedicato.lovenailsrivenditore.com\/index.php?rest_route=\/wp\/v2\/product"}],"about":[{"href":"https:\/\/serverdedicato.lovenailsrivenditore.com\/index.php?rest_route=\/wp\/v2\/types\/product"}],"replies":[{"embeddable":true,"href":"https:\/\/serverdedicato.lovenailsrivenditore.com\/index.php?rest_route=%2Fwp%2Fv2%2Fcomments&post=21709"}],"wp:featuredmedia":[{"embeddable":true,"href":"https:\/\/serverdedicato.lovenailsrivenditore.com\/index.php?rest_route=\/wp\/v2\/media\/21710"}],"wp:attachment":[{"href":"https:\/\/serverdedicato.lovenailsrivenditore.com\/index.php?rest_route=%2Fwp%2Fv2%2Fmedia&parent=21709"}],"wp:term":[{"taxonomy":"product_brand","embeddable":true,"href":"https:\/\/serverdedicato.lovenailsrivenditore.com\/index.php?rest_route=%2Fwp%2Fv2%2Fproduct_brand&post=21709"},{"taxonomy":"product_cat","embeddable":true,"href":"https:\/\/serverdedicato.lovenailsrivenditore.com\/index.php?rest_route=%2Fwp%2Fv2%2Fproduct_cat&post=21709"},{"taxonomy":"product_tag","embeddable":true,"href":"https:\/\/serverdedicato.lovenailsrivenditore.com\/index.php?rest_route=%2Fwp%2Fv2%2Fproduct_tag&post=21709"}],"curies":[{"name":"wp","href":"https:\/\/api.w.org\/{rel}","templated":true}]}}