{"id":21768,"date":"2024-05-08T13:17:27","date_gmt":"2024-05-08T11:17:27","guid":{"rendered":"https:\/\/serverdedicato.lovenailsrivenditore.com\/?product=allepaznokcie-acrygel-30ml-cookie-dream"},"modified":"2026-04-18T12:39:08","modified_gmt":"2026-04-18T10:39:08","slug":"allepaznokcie-acrygel-30ml-cookie-dream","status":"publish","type":"product","link":"https:\/\/serverdedicato.lovenailsrivenditore.com\/?product=allepaznokcie-acrygel-30ml-cookie-dream","title":{"rendered":"Allepaznokcie &#8211; Acrygel 30ml &#8211; COOKIE DREAM"},"content":{"rendered":"<p>Vi presentiamo il nostro ultimo prodotto:\u00a0<strong>il gel acrilico con una capacit\u00e0 di 30 grammi.<\/strong>\u00a0\u00c8 disponibile in una comoda confezione che ne facilita la lavorazione. Il vasetto permette un migliore dosaggio del prodotto, permettendo anche di rimettere l&#8217;eccesso nella confezione. Si tratta di un prodotto innovativo studiato per rinforzare ed estendere la lamina ungueale naturale. \u00c8 caratterizzato da una formula rivoluzionaria che combina le propriet\u00e0 dell&#8217;acrilico e l&#8217;elasticit\u00e0 del gel.<\/p>\n<p>La consistenza spessa consente una modellazione rapida. La nuova formula facilita la stesura e l&#8217;applicazione del prodotto. Grazie alla perfetta consistenza, gli allungamenti delle unghie diventano pi\u00f9 veloci. La pinzatura dopo soli 10 secondi di polimerizzazione in lampada. Inoltre, riduce al minimo il rischio di allergie grazie alla sua <strong>formula senza HEMA\/senza di-HEMA.<\/strong><\/p>\n<p><strong>9 motivi per cui sceglierlo:<\/strong><\/p>\n<ul>\n<li>flessibile<\/li>\n<li>forte come l&#8217;acrilico<\/li>\n<li>non prende aria<\/li>\n<li>inodore<\/li>\n<li>facile da applicare e sviluppare<\/li>\n<li>non ingiallisce<\/li>\n<li>Disponibile in 3 varianti di colore<\/li>\n<li>Copertura dell&#8217;80-90%<\/li>\n<\/ul>\n<p><strong>Prodotti complementari all&#8217;Acrygel<\/strong><\/p>\n<ul>\n<li><strong>Slip Solution &#8211;<\/strong>\u00a0liquido per modellare il prodotto e impregnare i pennelli.<\/li>\n<li><strong>Dual Form &#8211;<\/strong>\u00a0forme riutilizzabili per uno styling rapido delle unghie.<\/li>\n<li><strong>Pennello in silicone &#8211;<\/strong>\u00a0per una facile applicazione del gel.<\/li>\n<\/ul>\n","protected":false},"excerpt":{"rendered":"<p>Vi presentiamo il nostro ultimo prodotto:\u00a0<strong>il gel acrilico con una capacit\u00e0 di 30 grammi.<\/strong>\u00a0\u00c8 disponibile in una comoda confezione che ne facilita la lavorazione. Il vasetto permette un migliore dosaggio del prodotto, permettendo anche di rimettere l&#8217;eccesso nella confezione. Si tratta di un prodotto innovativo studiato per rinforzare ed estendere la lamina ungueale naturale. \u00c8 caratterizzato da una formula rivoluzionaria che combina le propriet\u00e0 dell&#8217;acrilico e l&#8217;elasticit\u00e0 del gel.<\/p>\n<p>La consistenza spessa consente una modellazione rapida. La nuova formula facilita la stesura e l&#8217;applicazione del prodotto. Grazie alla perfetta consistenza, gli allungamenti delle unghie diventano pi\u00f9 veloci. La pinzatura dopo soli 10 secondi di polimerizzazione in lampada. Inoltre, riduce al minimo il rischio di allergie grazie alla sua <strong>formula senza HEMA\/senza di-HEMA.<\/strong><\/p>\n<p><strong>9 motivi per cui sceglierlo:<\/strong><\/p>\n<ul>\n<li>flessibile<\/li>\n<li>forte come l&#8217;acrilico<\/li>\n<li>non prende aria<\/li>\n<li>inodore<\/li>\n<li>facile da applicare e sviluppare<\/li>\n<li>non ingiallisce<\/li>\n<li>Disponibile in 3 varianti di colore<\/li>\n<li>Copertura dell&#8217;80-90%<\/li>\n<\/ul>\n<p><strong>Prodotti complementari all&#8217;Acrygel<\/strong><\/p>\n<ul>\n<li><strong>Slip Solution &#8211;<\/strong>\u00a0liquido per modellare il prodotto e impregnare i pennelli.<\/li>\n<li><strong>Dual Form &#8211;<\/strong>\u00a0forme riutilizzabili per uno styling rapido delle unghie.<\/li>\n<li><strong>Pennello in silicone &#8211;<\/strong>\u00a0per una facile applicazione del gel.<\/li>\n<\/ul>\n","protected":false},"featured_media":21769,"comment_status":"closed","ping_status":"open","template":"","meta":[],"product_brand":[],"product_cat":[296,297,81],"product_tag":[298,252,1155],"class_list":{"0":"post-21768","1":"product","2":"type-product","3":"status-publish","4":"has-post-thumbnail","6":"product_cat-acrygel","7":"product_cat-acrygel-molly-lac","8":"product_cat-molly-lac","9":"product_tag-acrygel","10":"product_tag-allepaznokcie","11":"product_tag-polygel","13":"first","14":"instock","15":"shipping-taxable","16":"purchasable","17":"product-type-simple"},"_links":{"self":[{"href":"https:\/\/serverdedicato.lovenailsrivenditore.com\/index.php?rest_route=\/wp\/v2\/product\/21768","targetHints":{"allow":["GET"]}}],"collection":[{"href":"https:\/\/serverdedicato.lovenailsrivenditore.com\/index.php?rest_route=\/wp\/v2\/product"}],"about":[{"href":"https:\/\/serverdedicato.lovenailsrivenditore.com\/index.php?rest_route=\/wp\/v2\/types\/product"}],"replies":[{"embeddable":true,"href":"https:\/\/serverdedicato.lovenailsrivenditore.com\/index.php?rest_route=%2Fwp%2Fv2%2Fcomments&post=21768"}],"wp:featuredmedia":[{"embeddable":true,"href":"https:\/\/serverdedicato.lovenailsrivenditore.com\/index.php?rest_route=\/wp\/v2\/media\/21769"}],"wp:attachment":[{"href":"https:\/\/serverdedicato.lovenailsrivenditore.com\/index.php?rest_route=%2Fwp%2Fv2%2Fmedia&parent=21768"}],"wp:term":[{"taxonomy":"product_brand","embeddable":true,"href":"https:\/\/serverdedicato.lovenailsrivenditore.com\/index.php?rest_route=%2Fwp%2Fv2%2Fproduct_brand&post=21768"},{"taxonomy":"product_cat","embeddable":true,"href":"https:\/\/serverdedicato.lovenailsrivenditore.com\/index.php?rest_route=%2Fwp%2Fv2%2Fproduct_cat&post=21768"},{"taxonomy":"product_tag","embeddable":true,"href":"https:\/\/serverdedicato.lovenailsrivenditore.com\/index.php?rest_route=%2Fwp%2Fv2%2Fproduct_tag&post=21768"}],"curies":[{"name":"wp","href":"https:\/\/api.w.org\/{rel}","templated":true}]}}