{"id":21930,"date":"2024-05-17T15:00:52","date_gmt":"2024-05-17T13:00:52","guid":{"rendered":"https:\/\/serverdedicato.lovenailsrivenditore.com\/?product=izoton-molly-nails-by-monika-mielniczuk"},"modified":"2026-04-18T12:41:22","modified_gmt":"2026-04-18T10:41:22","slug":"izoton-molly-nails-by-monika-mielniczuk","status":"publish","type":"product","link":"https:\/\/serverdedicato.lovenailsrivenditore.com\/?product=izoton-molly-nails-by-monika-mielniczuk","title":{"rendered":"IZOTON &#8211; Molly Nails by Monika Mielniczuk"},"content":{"rendered":"<p><strong>Izoton<\/strong> \u00e8 una formula unica, creata da un&#8217;esperta <strong>eccezionale, Monika Mielniczuk.<\/strong>\u00a0Rifinito con attenzione ad ogni dettaglio, Izoton render\u00e0 il tuo lavoro pi\u00f9 facile e veloce! L&#8217;intera industria della bellezza stava aspettando questo prodotto.<\/p>\n<p><strong>Izoton<\/strong> \u00e8 un liquido ausiliario professionale testato per la sicurezza. Non secca la lamina ungueale!<\/p>\n<p><strong>UTILIZZO:<\/strong><\/p>\n<ul>\n<li><strong>SGRASSA:<\/strong> dopo la preparazione della lamina ungueale, Izoton rimuover\u00e0 accuratamente i lipidi esterni<\/li>\n<li><strong>DISIDRATA:<\/strong>\u00a0disidrata la placca e cambia il pH allo stesso tempo<\/li>\n<li><strong>ADERISCE:<\/strong> preparer\u00e0 qualsiasi tipo di lamina, soprattutto quelle problematiche, e creer\u00e0 un substrato per i legami covalenti pi\u00f9 forti<\/li>\n<li><strong>INIBIZIONE DELL&#8217;OSSIGENO:<\/strong>\u00a0rimuover\u00e0 lo strato appiccicoso dopo che il prodotto UV \u00e8 stato polimerizzato<\/li>\n<li><strong>ACRYGEL:<\/strong>\u00a0faciliter\u00e0 la distribuzione del prodotto, non interferir\u00e0 con il processo di polimerizzazione<\/li>\n<li><strong>Manicure:<\/strong> rimuove l&#8217;umidit\u00e0 dalle cuticole per una lavorazione pi\u00f9 facile.<\/li>\n<\/ul>\n<p><strong>Avvertenze:<\/strong><\/p>\n<ul>\n<li>Prodotto solo per uso professionale.<\/li>\n<li>Tenere fuori dalla portata dei bambini.<\/li>\n<li>Pu\u00f2 provocare una reazione allergica.<\/li>\n<li>Si prega di leggere attentamente le istruzioni per l&#8217;uso.<\/li>\n<\/ul>\n","protected":false},"excerpt":{"rendered":"<p><strong>Izoton<\/strong> \u00e8 una formula unica, creata da un&#8217;esperta <strong>eccezionale, Monika Mielniczuk.<\/strong>\u00a0Rifinito con attenzione ad ogni dettaglio, Izoton render\u00e0 il tuo lavoro pi\u00f9 facile e veloce! L&#8217;intera industria della bellezza stava aspettando questo prodotto.<\/p>\n<p><strong>Izoton<\/strong> \u00e8 un liquido ausiliario professionale testato per la sicurezza. Non secca la lamina ungueale!<\/p>\n<p><strong>UTILIZZO:<\/strong><\/p>\n<ul>\n<li><strong>SGRASSA:<\/strong> dopo la preparazione della lamina ungueale, Izoton rimuover\u00e0 accuratamente i lipidi esterni<\/li>\n<li><strong>DISIDRATA:<\/strong>\u00a0disidrata la placca e cambia il pH allo stesso tempo<\/li>\n<li><strong>ADERISCE:<\/strong> preparer\u00e0 qualsiasi tipo di lamina, soprattutto quelle problematiche, e creer\u00e0 un substrato per i legami covalenti pi\u00f9 forti<\/li>\n<li><strong>INIBIZIONE DELL&#8217;OSSIGENO:<\/strong>\u00a0rimuover\u00e0 lo strato appiccicoso dopo che il prodotto UV \u00e8 stato polimerizzato<\/li>\n<li><strong>ACRYGEL:<\/strong>\u00a0faciliter\u00e0 la distribuzione del prodotto, non interferir\u00e0 con il processo di polimerizzazione<\/li>\n<li><strong>Manicure:<\/strong> rimuove l&#8217;umidit\u00e0 dalle cuticole per una lavorazione pi\u00f9 facile.<\/li>\n<\/ul>\n<p><strong>Avvertenze:<\/strong><\/p>\n<ul>\n<li>Prodotto solo per uso professionale.<\/li>\n<li>Tenere fuori dalla portata dei bambini.<\/li>\n<li>Pu\u00f2 provocare una reazione allergica.<\/li>\n<li>Si prega di leggere attentamente le istruzioni per l&#8217;uso.<\/li>\n<\/ul>\n","protected":false},"featured_media":21931,"comment_status":"closed","ping_status":"open","template":"","meta":[],"product_brand":[],"product_cat":[388,208,207,81,209],"product_tag":[761,2117,1017],"class_list":{"0":"post-21930","1":"product","2":"type-product","3":"status-publish","4":"has-post-thumbnail","6":"product_cat-liquidi","7":"product_cat-liquidi-e-preparatori-2","8":"product_cat-liquidi-e-preparatori","9":"product_cat-molly-lac","10":"product_cat-preparatori","11":"product_tag-cleaner","12":"product_tag-izoton","13":"product_tag-sgrassante","15":"first","16":"instock","17":"shipping-taxable","18":"purchasable","19":"product-type-simple"},"_links":{"self":[{"href":"https:\/\/serverdedicato.lovenailsrivenditore.com\/index.php?rest_route=\/wp\/v2\/product\/21930","targetHints":{"allow":["GET"]}}],"collection":[{"href":"https:\/\/serverdedicato.lovenailsrivenditore.com\/index.php?rest_route=\/wp\/v2\/product"}],"about":[{"href":"https:\/\/serverdedicato.lovenailsrivenditore.com\/index.php?rest_route=\/wp\/v2\/types\/product"}],"replies":[{"embeddable":true,"href":"https:\/\/serverdedicato.lovenailsrivenditore.com\/index.php?rest_route=%2Fwp%2Fv2%2Fcomments&post=21930"}],"wp:featuredmedia":[{"embeddable":true,"href":"https:\/\/serverdedicato.lovenailsrivenditore.com\/index.php?rest_route=\/wp\/v2\/media\/21931"}],"wp:attachment":[{"href":"https:\/\/serverdedicato.lovenailsrivenditore.com\/index.php?rest_route=%2Fwp%2Fv2%2Fmedia&parent=21930"}],"wp:term":[{"taxonomy":"product_brand","embeddable":true,"href":"https:\/\/serverdedicato.lovenailsrivenditore.com\/index.php?rest_route=%2Fwp%2Fv2%2Fproduct_brand&post=21930"},{"taxonomy":"product_cat","embeddable":true,"href":"https:\/\/serverdedicato.lovenailsrivenditore.com\/index.php?rest_route=%2Fwp%2Fv2%2Fproduct_cat&post=21930"},{"taxonomy":"product_tag","embeddable":true,"href":"https:\/\/serverdedicato.lovenailsrivenditore.com\/index.php?rest_route=%2Fwp%2Fv2%2Fproduct_tag&post=21930"}],"curies":[{"name":"wp","href":"https:\/\/api.w.org\/{rel}","templated":true}]}}