{"id":22404,"date":"2024-06-08T15:39:41","date_gmt":"2024-06-08T13:39:41","guid":{"rendered":"https:\/\/serverdedicato.lovenailsrivenditore.com\/?product=perfect-french-casual-white-50ml"},"modified":"2026-04-18T12:47:53","modified_gmt":"2026-04-18T10:47:53","slug":"perfect-french-casual-white-50ml","status":"publish","type":"product","link":"https:\/\/serverdedicato.lovenailsrivenditore.com\/?product=perfect-french-casual-white-50ml","title":{"rendered":"Perfect French Casual White 50ml"},"content":{"rendered":"<p>Perfect French Casual White \u00e8 un gel costruttore monofasico, ad alta densit\u00e0, autolivellante. \u00c9 adatto a tutte le stagioni, ideato per allungamenti, refill, coperture in gel e per la French inversa.<\/p>\n<p>Ideale per la tecnica senza limatura .Colore bianco lattiginoso, 50gr<\/p>\n<p>CARATTERISTICHE:<\/p>\n<p>alta densit\u00e0<br \/>\nautolivellante<br \/>\nmonofasico<br \/>\nprivo di acidi<br \/>\nbrucia solo nei casi in cui \u00e8 dosato eccessivamente<br \/>\nnon cola<br \/>\nrigido<br \/>\nnon ingiallisce, non scolorisce e non sbiadisce<br \/>\nTEMPO DI CATALIZZAZIONE:<\/p>\n<p>Lampada UV 120 sec.<br \/>\nLampada DIODI 60 sec.<\/p>\n","protected":false},"excerpt":{"rendered":"<p>Perfect French Casual White \u00e8 un gel costruttore monofasico, ad alta densit\u00e0, autolivellante. \u00c9 adatto a tutte le stagioni, ideato per allungamenti, refill, coperture in gel e per la French inversa.<\/p>\n","protected":false},"featured_media":22405,"comment_status":"closed","ping_status":"open","template":"","meta":[],"product_brand":[],"product_cat":[224,225,223,81],"product_tag":[252,1028,227,75,229,723],"class_list":{"0":"post-22404","1":"product","2":"type-product","3":"status-publish","4":"has-post-thumbnail","6":"product_cat-costruttori","7":"product_cat-costruttori-molly-lac","8":"product_cat-gel-uv","9":"product_cat-molly-lac","10":"product_tag-allepaznokcie","11":"product_tag-bianco-latte","12":"product_tag-costruttore","13":"product_tag-gel","14":"product_tag-monofasico","15":"product_tag-uv","17":"first","18":"instock","19":"shipping-taxable","20":"purchasable","21":"product-type-simple"},"_links":{"self":[{"href":"https:\/\/serverdedicato.lovenailsrivenditore.com\/index.php?rest_route=\/wp\/v2\/product\/22404","targetHints":{"allow":["GET"]}}],"collection":[{"href":"https:\/\/serverdedicato.lovenailsrivenditore.com\/index.php?rest_route=\/wp\/v2\/product"}],"about":[{"href":"https:\/\/serverdedicato.lovenailsrivenditore.com\/index.php?rest_route=\/wp\/v2\/types\/product"}],"replies":[{"embeddable":true,"href":"https:\/\/serverdedicato.lovenailsrivenditore.com\/index.php?rest_route=%2Fwp%2Fv2%2Fcomments&post=22404"}],"wp:featuredmedia":[{"embeddable":true,"href":"https:\/\/serverdedicato.lovenailsrivenditore.com\/index.php?rest_route=\/wp\/v2\/media\/22405"}],"wp:attachment":[{"href":"https:\/\/serverdedicato.lovenailsrivenditore.com\/index.php?rest_route=%2Fwp%2Fv2%2Fmedia&parent=22404"}],"wp:term":[{"taxonomy":"product_brand","embeddable":true,"href":"https:\/\/serverdedicato.lovenailsrivenditore.com\/index.php?rest_route=%2Fwp%2Fv2%2Fproduct_brand&post=22404"},{"taxonomy":"product_cat","embeddable":true,"href":"https:\/\/serverdedicato.lovenailsrivenditore.com\/index.php?rest_route=%2Fwp%2Fv2%2Fproduct_cat&post=22404"},{"taxonomy":"product_tag","embeddable":true,"href":"https:\/\/serverdedicato.lovenailsrivenditore.com\/index.php?rest_route=%2Fwp%2Fv2%2Fproduct_tag&post=22404"}],"curies":[{"name":"wp","href":"https:\/\/api.w.org\/{rel}","templated":true}]}}