{"id":22524,"date":"2024-06-18T11:36:09","date_gmt":"2024-06-18T09:36:09","guid":{"rendered":"https:\/\/serverdedicato.lovenailsrivenditore.com\/?product=palu-pro-master-bottle-gel-just-pink-11ml"},"modified":"2026-04-18T12:49:30","modified_gmt":"2026-04-18T10:49:30","slug":"palu-pro-master-bottle-gel-just-pink-11ml","status":"publish","type":"product","link":"https:\/\/serverdedicato.lovenailsrivenditore.com\/?product=palu-pro-master-bottle-gel-just-pink-11ml","title":{"rendered":"PALU &#8211; PRO MASTER BOTTLE GEL &#8211; JUST PINK 11ml"},"content":{"rendered":"<p>Sei alla ricerca di un prodotto che migliori e velocizzi il tuo lavoro quotidiano? Pro Master Bottle Gel \u00e8 un prodotto che render\u00e0 sicuramente il tuo lavoro pi\u00f9 facile!<\/p>\n<p><strong>Pro Master Bottle Gel<\/strong>\u00a0\u00e8 un gel privo di acidi in un flacone a pennello, progettato per\u00a0<strong>aumentare il comfort e l&#8217;efficienza delle nail artist di tutti i livelli di abilit\u00e0<\/strong>.\u00a0<strong>La consistenza medio-spessa<\/strong>\u00a0e\u00a0<strong>le propriet\u00e0 autolivellanti<\/strong>\u00a0consentono la massima riduzione dei tempi di styling e di lavoro con la tecnica del &#8220;<strong>gel senza limatura<\/strong>&#8220;. Pro Master Bottle Gel \u00e8 medio-duro, il che significa che\u00a0<strong>funziona con la lamina ungueale naturale<\/strong> senza l&#8217;uso di un primer. La viscosit\u00e0 del gel regolata con precisione fa s\u00ec che il gel si stacchi bene dal pennello ed \u00e8 facile da applicare. Dopo la polimerizzazione, il gel ha uno strato di dispersione. La sua struttura contiene <strong>sostanze adesive e promotori di adesione<\/strong>\u00a0che aumentano l&#8217;adesione alla lamina ungueale naturale, oltre a\u00a0<strong>sostanze costruttive<\/strong>.<\/p>\n<p>Particolarmente indicato per aggiunte rapide e correzioni di stile. Funziona bene anche per allungamenti corti (fino a 3 mm) e indurimento della lamina naturale. <strong>Il gel \u00e8 resistente<\/strong>, il che significa che lo styling non si rompe o si screpola.<\/p>\n<p>\u00c8 disponibile in 6 colori (trasparente e 5 cover), il che lo rende perfetto sia per la french che per il baby boomer. Dona l&#8217;effetto di unghie dall&#8217;aspetto naturale e rinforzato.<\/p>\n<ul>\n<li><strong>CHIARO<\/strong><\/li>\n<li><strong>SOFT WHITE<\/strong>\u00a0\u2013 una delicata tonalit\u00e0 di bianco latte, fornisce una copertura al livello del 60%<\/li>\n<li><strong>BIANCO BRILLANTE<\/strong>\u00a0\u2013 bianco latte con una particella scintillante, fornisce una copertura a livello del 60%<\/li>\n<li><strong>CLASSIC COVER<\/strong>\u00a0\u2013 il colore classico e pi\u00f9 popolare del gel coprente, fornisce una copertura al livello del 60%<\/li>\n<li><strong>JUST PINK<\/strong>\u00a0\u2013 semplicemente una delicata tonalit\u00e0 rosa, fornisce una copertura al livello del 60%<\/li>\n<li><strong>GOLDEN PINK<\/strong>\u00a0\u2013 una tonalit\u00e0 di rosa luminosa e chiara con una particella dorata, fornisce una copertura del 60%<\/li>\n<\/ul>\n<p>Caratteristiche principali:<\/p>\n<ul>\n<li>Autolivellanti<\/li>\n<li>consistenza mediamente densa<\/li>\n<li>Elevata adesione<\/li>\n<li>medio-duro dopo la polimerizzazione<\/li>\n<li>Copertura del 60%<\/li>\n<li>Una fase \u2013 non \u00e8 necessaria alcuna base<\/li>\n<li>Rende il lavoro pi\u00f9 facile e veloce<\/li>\n<li>Comoda applicazione con un pennello dal flacone<\/li>\n<li><strong>Applicazione<\/strong>: restauri, estensioni delle unghie, indurimento della lamina ungueale naturale, riparazione di unghie danneggiate<\/li>\n<li><strong>indurimento<\/strong>: 60 sec. lampada UV-LED<\/li>\n<li>Capacit\u00e0: 11 g<\/li>\n<\/ul>\n","protected":false},"excerpt":{"rendered":"<p>Sei alla ricerca di un prodotto che migliori e velocizzi il tuo lavoro quotidiano? Pro Master Bottle Gel \u00e8 un prodotto che render\u00e0 sicuramente il tuo lavoro pi\u00f9 facile!<\/p>\n<p><strong>Pro Master Bottle Gel<\/strong>\u00a0\u00e8 un gel privo di acidi in un flacone a pennello, progettato per\u00a0<strong>aumentare il comfort e l&#8217;efficienza delle nail artist di tutti i livelli di abilit\u00e0<\/strong>.\u00a0<strong>La consistenza medio-spessa<\/strong>\u00a0e\u00a0<strong>le propriet\u00e0 autolivellanti<\/strong>\u00a0consentono la massima riduzione dei tempi di styling e di lavoro con la tecnica del &#8220;<strong>gel senza limatura<\/strong>&#8220;. Pro Master Bottle Gel \u00e8 medio-duro, il che significa che\u00a0<strong>funziona con la lamina ungueale naturale<\/strong> senza l&#8217;uso di un primer.<\/p>\n","protected":false},"featured_media":22525,"comment_status":"closed","ping_status":"open","template":"","meta":[],"product_brand":[],"product_cat":[1647,224,223,1644,1509],"product_tag":[1029,725,1646,2075],"class_list":{"0":"post-22524","1":"product","2":"type-product","3":"status-publish","4":"has-post-thumbnail","6":"product_cat-costruttori-palu","7":"product_cat-costruttori","8":"product_cat-gel-uv","9":"product_cat-palu","10":"product_cat-top-brand-professionali-unghie","11":"product_tag-gel-in-bottiglia","12":"product_tag-gel-in-bottle","13":"product_tag-palu","14":"product_tag-palu-cosmetics","16":"first","17":"instock","18":"shipping-taxable","19":"purchasable","20":"product-type-simple"},"_links":{"self":[{"href":"https:\/\/serverdedicato.lovenailsrivenditore.com\/index.php?rest_route=\/wp\/v2\/product\/22524","targetHints":{"allow":["GET"]}}],"collection":[{"href":"https:\/\/serverdedicato.lovenailsrivenditore.com\/index.php?rest_route=\/wp\/v2\/product"}],"about":[{"href":"https:\/\/serverdedicato.lovenailsrivenditore.com\/index.php?rest_route=\/wp\/v2\/types\/product"}],"replies":[{"embeddable":true,"href":"https:\/\/serverdedicato.lovenailsrivenditore.com\/index.php?rest_route=%2Fwp%2Fv2%2Fcomments&post=22524"}],"wp:featuredmedia":[{"embeddable":true,"href":"https:\/\/serverdedicato.lovenailsrivenditore.com\/index.php?rest_route=\/wp\/v2\/media\/22525"}],"wp:attachment":[{"href":"https:\/\/serverdedicato.lovenailsrivenditore.com\/index.php?rest_route=%2Fwp%2Fv2%2Fmedia&parent=22524"}],"wp:term":[{"taxonomy":"product_brand","embeddable":true,"href":"https:\/\/serverdedicato.lovenailsrivenditore.com\/index.php?rest_route=%2Fwp%2Fv2%2Fproduct_brand&post=22524"},{"taxonomy":"product_cat","embeddable":true,"href":"https:\/\/serverdedicato.lovenailsrivenditore.com\/index.php?rest_route=%2Fwp%2Fv2%2Fproduct_cat&post=22524"},{"taxonomy":"product_tag","embeddable":true,"href":"https:\/\/serverdedicato.lovenailsrivenditore.com\/index.php?rest_route=%2Fwp%2Fv2%2Fproduct_tag&post=22524"}],"curies":[{"name":"wp","href":"https:\/\/api.w.org\/{rel}","templated":true}]}}