{"id":22561,"date":"2024-06-28T14:08:23","date_gmt":"2024-06-28T12:08:23","guid":{"rendered":"https:\/\/serverdedicato.lovenailsrivenditore.com\/?product=palu-pro-builder-light-lavender-45gr"},"modified":"2026-04-18T12:49:59","modified_gmt":"2026-04-18T10:49:59","slug":"palu-pro-builder-light-lavender-45gr","status":"publish","type":"product","link":"https:\/\/serverdedicato.lovenailsrivenditore.com\/?product=palu-pro-builder-light-lavender-45gr","title":{"rendered":"PALU PRO BUILDER LIGHT &#8211; LAVENDER 45gr"},"content":{"rendered":"<p><strong><span>PRO LIGHT BUILDER GEL<\/span><\/strong><span>\u00a0\u00a0\u00e8 un gel multifunzionale\u00a0\u00a0<\/span><strong><span>creato per l&#8217;uso professionale in salone.<\/span><\/strong><span> \u00a0Una formula speciale sviluppata sulla base dell&#8217;esperienza di professionisti per\u00a0 <\/span><strong><span>velocizzare e facilitare il lavoro quotidiano<\/span><\/strong><span>\u00a0. La tissotropia abbinata alle migliori\u00a0\u00a0<\/span><strong><span>propriet\u00e0 autolivellanti<\/span><\/strong><span> \u00a0garantisce una stesura perfetta e senza colature.<\/span><\/p>\n<p><span>PRO LIGHT BUILDER GEL ha\u00a0\u00a0<\/span><strong><span>una bassa temperatura di polimerizzazione<\/span><\/strong><span> , minimizzando l&#8217;effetto di calore in lampada. Il gel ha una struttura molecolare lineare e la sua consistenza, viscosit\u00e0 e densit\u00e0 perfettamente selezionate influiscono sulla qualit\u00e0 del lavoro. La moderna formula \u00e8 stata creata per consentire l&#8217;utilizzo della\u00a0 <\/span><strong><span>tecnica del &#8220;gel senza limatura <\/span><\/strong><strong><span>e ridurre al minimo i tempi di servizio<\/span><\/strong><span> . Particolarmente consigliato per aggiunte rapide e correzioni.<\/span><\/p>\n<p><span>PRO LIGHT BUILDER GEL \u00e8 un gel <strong>monofasico.<\/strong> La sua struttura contiene sostanze adesive che aumentano l&#8217;adesione alla lamina ungueale naturale, sostanze costruenti e lucidanti. Per ottenere un effetto di adesione ottimale su unghie sottili e problematiche.<\/span><\/p>\n<p><span>Il gel \u00e8\u00a0 <\/span><strong><span>durevole, resistente ai graffi e ha una lucentezza elevata e duratura.<\/span><\/strong><\/p>\n<p><strong>COLORE:<\/strong> <span>Lavanda\/ viola delicato, fornisce una copertura del 90%;<\/span><\/p>\n<p><span>Caratteristiche principali:<\/span><\/p>\n<ul>\n<li><span>Autolivellante;<\/span><\/li>\n<li><span>Con tissotropia;<\/span><\/li>\n<li><span>Multifunzionale;<\/span><\/li>\n<li><span>Con intensa brillantezza, durata e resistenza ai graffi;<\/span><\/li>\n<li><span>Senza acidi;<\/span><\/li>\n<li><span>Velocizza e facilita il lavoro;<\/span><\/li>\n<li><span>Stringere il tunnel dopo 5-8 secondi. Nella lampada UV LED;<\/span><\/li>\n<li><span>Polimerizzazione: lampada UV LED anni &#8217;60.<\/span><\/li>\n<\/ul>\n","protected":false},"excerpt":{"rendered":"<p><strong>PRO LIGHT BUILDER GEL<\/strong>\u00a0\u00a0\u00e8 un gel multifunzionale\u00a0\u00a0<strong>creato per l&#8217;uso professionale in salone.<\/strong> \u00a0Una formula speciale sviluppata sulla base dell&#8217;esperienza di professionisti per\u00a0 <strong>velocizzare e facilitare il lavoro quotidiano<\/strong>\u00a0. La tissotropia abbinata alle migliori\u00a0\u00a0<strong>propriet\u00e0 autolivellanti<\/strong> \u00a0garantisce una stesura perfetta e senza colature.<\/p>\n<p>PRO LIGHT BUILDER GEL ha\u00a0\u00a0<strong>una bassa temperatura di polimerizzazione<\/strong> , minimizzando l&#8217;effetto di calore in lampada. Il gel ha una struttura molecolare lineare e la sua consistenza, viscosit\u00e0 e densit\u00e0 perfettamente selezionate influiscono sulla qualit\u00e0 del lavoro. La moderna formula \u00e8 stata creata per consentire l&#8217;utilizzo della\u00a0 <strong>tecnica del &#8220;gel senza limatura <\/strong><strong>e ridurre al minimo i tempi di servizio<\/strong> . Particolarmente consigliato per aggiunte rapide e correzioni.<\/p>\n<p>PRO LIGHT BUILDER GEL \u00e8 un gel <strong>monofasico.<\/strong> La sua struttura contiene sostanze adesive che aumentano l&#8217;adesione alla lamina ungueale naturale, sostanze costruenti e lucidanti. Per ottenere un effetto di adesione ottimale su unghie sottili e problematiche.<\/p>\n<p>Il gel \u00e8\u00a0 <strong>durevole, resistente ai graffi e ha una lucentezza elevata e duratura.<\/strong><\/p>\n<p><strong>COLORE:<\/strong> Lavanda\/ viola delicato, fornisce una copertura del 90%;<\/p>\n","protected":false},"featured_media":22562,"comment_status":"closed","ping_status":"open","template":"","meta":[],"product_brand":[],"product_cat":[1647,224,223,1644,1509],"product_tag":[2033,2169,1646,1873],"class_list":{"0":"post-22561","1":"product","2":"type-product","3":"status-publish","4":"has-post-thumbnail","6":"product_cat-costruttori-palu","7":"product_cat-costruttori","8":"product_cat-gel-uv","9":"product_cat-palu","10":"product_cat-top-brand-professionali-unghie","11":"product_tag-gel-costruttore","12":"product_tag-lavender","13":"product_tag-palu","14":"product_tag-pro-light-builder","16":"first","17":"instock","18":"shipping-taxable","19":"purchasable","20":"product-type-simple"},"_links":{"self":[{"href":"https:\/\/serverdedicato.lovenailsrivenditore.com\/index.php?rest_route=\/wp\/v2\/product\/22561","targetHints":{"allow":["GET"]}}],"collection":[{"href":"https:\/\/serverdedicato.lovenailsrivenditore.com\/index.php?rest_route=\/wp\/v2\/product"}],"about":[{"href":"https:\/\/serverdedicato.lovenailsrivenditore.com\/index.php?rest_route=\/wp\/v2\/types\/product"}],"replies":[{"embeddable":true,"href":"https:\/\/serverdedicato.lovenailsrivenditore.com\/index.php?rest_route=%2Fwp%2Fv2%2Fcomments&post=22561"}],"wp:featuredmedia":[{"embeddable":true,"href":"https:\/\/serverdedicato.lovenailsrivenditore.com\/index.php?rest_route=\/wp\/v2\/media\/22562"}],"wp:attachment":[{"href":"https:\/\/serverdedicato.lovenailsrivenditore.com\/index.php?rest_route=%2Fwp%2Fv2%2Fmedia&parent=22561"}],"wp:term":[{"taxonomy":"product_brand","embeddable":true,"href":"https:\/\/serverdedicato.lovenailsrivenditore.com\/index.php?rest_route=%2Fwp%2Fv2%2Fproduct_brand&post=22561"},{"taxonomy":"product_cat","embeddable":true,"href":"https:\/\/serverdedicato.lovenailsrivenditore.com\/index.php?rest_route=%2Fwp%2Fv2%2Fproduct_cat&post=22561"},{"taxonomy":"product_tag","embeddable":true,"href":"https:\/\/serverdedicato.lovenailsrivenditore.com\/index.php?rest_route=%2Fwp%2Fv2%2Fproduct_tag&post=22561"}],"curies":[{"name":"wp","href":"https:\/\/api.w.org\/{rel}","templated":true}]}}