{"id":22586,"date":"2024-06-28T15:29:52","date_gmt":"2024-06-28T13:29:52","guid":{"rendered":"https:\/\/serverdedicato.lovenailsrivenditore.com\/?product=palu-pro-light-builder-dolly-pink-45gr"},"modified":"2026-04-18T12:50:24","modified_gmt":"2026-04-18T10:50:24","slug":"palu-pro-light-builder-dolly-pink-45gr","status":"publish","type":"product","link":"https:\/\/serverdedicato.lovenailsrivenditore.com\/?product=palu-pro-light-builder-dolly-pink-45gr","title":{"rendered":"PALU &#8211; PRO LIGHT BUILDER &#8211; DOLLY PINK 45gr"},"content":{"rendered":"<p><strong>PRO LIGHT BUILDER GEL<\/strong>\u00a0\u00a0\u00e8 un gel multifunzionale\u00a0\u00a0<strong>creato per l\u2019uso professionale in salone.<\/strong>\u00a0\u00a0Una formula speciale sviluppata sulla base dell\u2019esperienza di professionisti per\u00a0\u00a0<strong>velocizzare e facilitare il lavoro quotidiano<\/strong>\u00a0. La tissotropia abbinata alle migliori\u00a0\u00a0<strong>propriet\u00e0 autolivellanti<\/strong>\u00a0\u00a0garantisce una stesura perfetta e senza colature.<\/p>\n<p>PRO LIGHT BUILDER GEL ha\u00a0\u00a0<strong>una bassa temperatura di polimerizzazione<\/strong>\u00a0, minimizzando l\u2019effetto di calore in lampada. Il gel ha una struttura molecolare lineare e la sua consistenza, viscosit\u00e0 e densit\u00e0 perfettamente selezionate influiscono sulla qualit\u00e0 del lavoro. La moderna formula \u00e8 stata creata per consentire l\u2019utilizzo della\u00a0\u00a0<strong>tecnica del \u201cgel senza limatura\u00a0<\/strong><strong>e ridurre al minimo i tempi di servizio<\/strong>\u00a0. Particolarmente consigliato per aggiunte rapide e correzioni.<\/p>\n<p>PRO LIGHT BUILDER GEL \u00e8 un gel\u00a0<strong>monofasico.<\/strong>\u00a0La sua struttura contiene sostanze adesive che aumentano l\u2019adesione alla lamina ungueale naturale, sostanze costruenti e lucidanti. Per ottenere un effetto di adesione ottimale su unghie sottili e problematiche.<\/p>\n<p>Il gel \u00e8\u00a0\u00a0<strong>durevole, resistente ai graffi e ha una lucentezza elevata e duratura.<\/strong><\/p>\n<p><span><strong>COLORE :DOLLY PINK<\/strong> \u2013 tonalit\u00e0 rosa intenso, garantisce una copertura del 90%.<\/span><\/p>\n","protected":false},"excerpt":{"rendered":"<p><strong>PRO LIGHT BUILDER GEL<\/strong>\u00a0\u00a0\u00e8 un gel multifunzionale\u00a0\u00a0<strong>creato per l\u2019uso professionale in salone.<\/strong>\u00a0\u00a0Una formula speciale sviluppata sulla base dell\u2019esperienza di professionisti per\u00a0\u00a0<strong>velocizzare e facilitare il lavoro quotidiano<\/strong>\u00a0. La tissotropia abbinata alle migliori\u00a0\u00a0<strong>propriet\u00e0 autolivellanti<\/strong>\u00a0\u00a0garantisce una stesura perfetta e senza colature.<\/p>\n<p>PRO LIGHT BUILDER GEL ha\u00a0\u00a0<strong>una bassa temperatura di polimerizzazione<\/strong>\u00a0, minimizzando l\u2019effetto di calore in lampada. Il gel ha una struttura molecolare lineare e la sua consistenza, viscosit\u00e0 e densit\u00e0 perfettamente selezionate influiscono sulla qualit\u00e0 del lavoro. La moderna formula \u00e8 stata creata per consentire l\u2019utilizzo della\u00a0\u00a0<strong>tecnica del \u201cgel senza limatura\u00a0<\/strong><strong>e ridurre al minimo i tempi di servizio<\/strong>\u00a0. Particolarmente consigliato per aggiunte rapide e correzioni.<\/p>\n<p>PRO LIGHT BUILDER GEL \u00e8 un gel\u00a0<strong>monofasico.<\/strong>\u00a0La sua struttura contiene sostanze adesive che aumentano l\u2019adesione alla lamina ungueale naturale, sostanze costruenti e lucidanti. Per ottenere un effetto di adesione ottimale su unghie sottili e problematiche.<\/p>\n<p>Il gel \u00e8\u00a0\u00a0<strong>durevole, resistente ai graffi e ha una lucentezza elevata e duratura.<\/strong><\/p>\n<p><strong>COLORE :DOLLY PINK<\/strong> \u2013 tonalit\u00e0 rosa intenso, garantisce una copertura del 90%.<\/p>\n","protected":false},"featured_media":22587,"comment_status":"closed","ping_status":"open","template":"","meta":[],"product_brand":[],"product_cat":[1647,224,223,1644,1509],"product_tag":[227,2173,2171],"class_list":{"0":"post-22586","1":"product","2":"type-product","3":"status-publish","4":"has-post-thumbnail","6":"product_cat-costruttori-palu","7":"product_cat-costruttori","8":"product_cat-gel-uv","9":"product_cat-palu","10":"product_cat-top-brand-professionali-unghie","11":"product_tag-costruttore","12":"product_tag-dolly-pink","13":"product_tag-palu-pro-light-builder","15":"first","16":"instock","17":"shipping-taxable","18":"purchasable","19":"product-type-simple"},"_links":{"self":[{"href":"https:\/\/serverdedicato.lovenailsrivenditore.com\/index.php?rest_route=\/wp\/v2\/product\/22586","targetHints":{"allow":["GET"]}}],"collection":[{"href":"https:\/\/serverdedicato.lovenailsrivenditore.com\/index.php?rest_route=\/wp\/v2\/product"}],"about":[{"href":"https:\/\/serverdedicato.lovenailsrivenditore.com\/index.php?rest_route=\/wp\/v2\/types\/product"}],"replies":[{"embeddable":true,"href":"https:\/\/serverdedicato.lovenailsrivenditore.com\/index.php?rest_route=%2Fwp%2Fv2%2Fcomments&post=22586"}],"wp:featuredmedia":[{"embeddable":true,"href":"https:\/\/serverdedicato.lovenailsrivenditore.com\/index.php?rest_route=\/wp\/v2\/media\/22587"}],"wp:attachment":[{"href":"https:\/\/serverdedicato.lovenailsrivenditore.com\/index.php?rest_route=%2Fwp%2Fv2%2Fmedia&parent=22586"}],"wp:term":[{"taxonomy":"product_brand","embeddable":true,"href":"https:\/\/serverdedicato.lovenailsrivenditore.com\/index.php?rest_route=%2Fwp%2Fv2%2Fproduct_brand&post=22586"},{"taxonomy":"product_cat","embeddable":true,"href":"https:\/\/serverdedicato.lovenailsrivenditore.com\/index.php?rest_route=%2Fwp%2Fv2%2Fproduct_cat&post=22586"},{"taxonomy":"product_tag","embeddable":true,"href":"https:\/\/serverdedicato.lovenailsrivenditore.com\/index.php?rest_route=%2Fwp%2Fv2%2Fproduct_tag&post=22586"}],"curies":[{"name":"wp","href":"https:\/\/api.w.org\/{rel}","templated":true}]}}