{"id":22726,"date":"2024-07-12T15:09:21","date_gmt":"2024-07-12T13:09:21","guid":{"rendered":"https:\/\/serverdedicato.lovenailsrivenditore.com\/?product=dnka-cover-base-n-0082-tropics-12ml"},"modified":"2026-04-18T12:52:25","modified_gmt":"2026-04-18T10:52:25","slug":"dnka-cover-base-n-0082-tropics-12ml","status":"publish","type":"product","link":"https:\/\/serverdedicato.lovenailsrivenditore.com\/?product=dnka-cover-base-n-0082-tropics-12ml","title":{"rendered":"DNKa&#8217; &#8211; Cover Base n.0082 &#8211; TROPICS 12ml"},"content":{"rendered":"<p>Le basi di copertura di DNKa sono basi mimetiche universali di alta qualit\u00e0 che coprono la lamina ungueale in modo bello e si asciugano rapidamente. La particolarit\u00e0 della base \u00e8 la densit\u00e0 di media durezza, che si livella facilmente e si distribuisce uniformemente sulla lamina ungueale. Grazie a ci\u00f2, crea una lucentezza impeccabile, non si restringe durante l\u2019usura e ha propriet\u00e0 adesive. Per questo motivo, la Cover Base non si diffonde e fornisce stabilit\u00e0 senza scheggiature e desquamazioni per 4 settimane. Utilizziamo la navigazione a colori sui barattoli, in modo che tu possa trovare facilmente una tonalit\u00e0 di tuo gradimento. La palette comprende solo tonalit\u00e0 di tendenza: rosso caldo, nudi impeccabili, indimenticabili luccichii luminosi e radiosi.<\/p>\n<div class=\"product__group-item\">\n<div class=\"product__section\">\n<div class=\"product-description j-product-description \">\n<div class=\"text\">\n<p>&nbsp;<\/p>\n<\/div>\n<\/div>\n<\/div>\n<\/div>\n<div class=\"product__group-item\">\n<div class=\"product-heading \"><\/div>\n<\/div>\n","protected":false},"excerpt":{"rendered":"<p>Le basi di copertura di DNKa sono basi mimetiche universali di alta qualit\u00e0 che coprono la lamina ungueale in modo bello e si asciugano rapidamente. La particolarit\u00e0 della base \u00e8 la densit\u00e0 di media durezza, che si livella facilmente e si distribuisce uniformemente sulla lamina ungueale. Grazie a ci\u00f2, crea una lucentezza impeccabile, non si restringe durante l\u2019usura e ha propriet\u00e0 adesive. Per questo motivo, la Cover Base non si diffonde e fornisce stabilit\u00e0 senza scheggiature e desquamazioni per 4 settimane. Utilizziamo la navigazione a colori sui barattoli, in modo che tu possa trovare facilmente una tonalit\u00e0 di tuo gradimento. La palette comprende solo tonalit\u00e0 di tendenza: rosso caldo, nudi impeccabili, indimenticabili luccichii luminosi e radiosi.<\/p>\n<div class=\"product__group-item\">\n<div class=\"product__section\">\n<div class=\"product-description j-product-description \">\n<div class=\"text\">\n<p>&nbsp;<\/p>\n<\/div>\n<\/div>\n<\/div>\n<\/div>\n<div class=\"product__group-item\">\n<div class=\"product-heading \"><\/div>\n<\/div>\n","protected":false},"featured_media":22727,"comment_status":"closed","ping_status":"open","template":"","meta":[],"product_brand":[],"product_cat":[240,1933,1932,239,1509],"product_tag":[1934,1935,2192,188],"class_list":{"0":"post-22726","1":"product","2":"type-product","3":"status-publish","4":"has-post-thumbnail","6":"product_cat-base","7":"product_cat-base-dnka","8":"product_cat-dnka","9":"product_cat-semipermanente","10":"product_cat-top-brand-professionali-unghie","11":"product_tag-cover-base","12":"product_tag-dnka","13":"product_tag-tropics","14":"product_tag-verde","16":"first","17":"outofstock","18":"shipping-taxable","19":"purchasable","20":"product-type-simple"},"_links":{"self":[{"href":"https:\/\/serverdedicato.lovenailsrivenditore.com\/index.php?rest_route=\/wp\/v2\/product\/22726","targetHints":{"allow":["GET"]}}],"collection":[{"href":"https:\/\/serverdedicato.lovenailsrivenditore.com\/index.php?rest_route=\/wp\/v2\/product"}],"about":[{"href":"https:\/\/serverdedicato.lovenailsrivenditore.com\/index.php?rest_route=\/wp\/v2\/types\/product"}],"replies":[{"embeddable":true,"href":"https:\/\/serverdedicato.lovenailsrivenditore.com\/index.php?rest_route=%2Fwp%2Fv2%2Fcomments&post=22726"}],"wp:featuredmedia":[{"embeddable":true,"href":"https:\/\/serverdedicato.lovenailsrivenditore.com\/index.php?rest_route=\/wp\/v2\/media\/22727"}],"wp:attachment":[{"href":"https:\/\/serverdedicato.lovenailsrivenditore.com\/index.php?rest_route=%2Fwp%2Fv2%2Fmedia&parent=22726"}],"wp:term":[{"taxonomy":"product_brand","embeddable":true,"href":"https:\/\/serverdedicato.lovenailsrivenditore.com\/index.php?rest_route=%2Fwp%2Fv2%2Fproduct_brand&post=22726"},{"taxonomy":"product_cat","embeddable":true,"href":"https:\/\/serverdedicato.lovenailsrivenditore.com\/index.php?rest_route=%2Fwp%2Fv2%2Fproduct_cat&post=22726"},{"taxonomy":"product_tag","embeddable":true,"href":"https:\/\/serverdedicato.lovenailsrivenditore.com\/index.php?rest_route=%2Fwp%2Fv2%2Fproduct_tag&post=22726"}],"curies":[{"name":"wp","href":"https:\/\/api.w.org\/{rel}","templated":true}]}}