{"id":23076,"date":"2024-07-18T06:33:10","date_gmt":"2024-07-18T04:33:10","guid":{"rendered":"https:\/\/serverdedicato.lovenailsrivenditore.com\/?product=claresa-marshmallow-5ml-n-05"},"modified":"2026-04-18T12:57:56","modified_gmt":"2026-04-18T10:57:56","slug":"claresa-marshmallow-5ml-n-05","status":"publish","type":"product","link":"https:\/\/serverdedicato.lovenailsrivenditore.com\/?product=claresa-marshmallow-5ml-n-05","title":{"rendered":"CLARESA &#8211; MARSHMALLOW 5ml &#8211; n.05"},"content":{"rendered":"<p><span>Ricordi i Puffi, i dolci marshmallow e le gelatine della tua infanzia? Se li avete mangiati all&#8217;infinito e li ricordate con nostalgia,\u00a0<\/span><strong><span>questo colore sulle vostre unghie susciter\u00e0 in voi emozioni altrettanto piacevoli<\/span><\/strong><span>\u00a0. \u00c8 una tonalit\u00e0 piena di dolcezza e delicatezza che sar\u00e0 un ottimo elemento di ogni manicure!<\/span><\/p>\n<p><strong><span>PROPRIET\u00c0:\u00a0<\/span><\/strong><\/p>\n<ul>\n<li><span>applicazione senza problemi, senza allagare le cuticole<\/span><\/li>\n<li><span>lucentezza intensa<\/span><\/li>\n<li><span>perfetto, media densit\u00e0<\/span><\/li>\n<li><span>durata fino a 3 settimane<\/span><\/li>\n<li><span>capacit\u00e0: 5 g<\/span><\/li>\n<\/ul>\n<p>&nbsp;<\/p>\n<p><strong><span>UTILIZZO:\u00a0<\/span><\/strong><\/p>\n<p><span>Applicare uno strato sottile di semipermanente sulla base ibrida Claresa precedentemente polimerizzata e polimerizzarla in una lampada UV\/LED. Puoi ripetere l&#8217;azione per ottenere un effetto soddisfacente. Fissare lo styling applicando e polimerizzando TOP Claresa.<\/span><\/p>\n","protected":false},"excerpt":{"rendered":"<p>Ricordi i Puffi, i dolci marshmallow e le gelatine della tua infanzia? Se li avete mangiati all&#8217;infinito e li ricordate con nostalgia,\u00a0<strong>questo colore sulle vostre unghie susciter\u00e0 in voi emozioni altrettanto piacevoli<\/strong>\u00a0. \u00c8 una tonalit\u00e0 piena di dolcezza e delicatezza che sar\u00e0 un ottimo elemento di ogni manicure!<\/p>\n<p><strong>PROPRIET\u00c0:\u00a0<\/strong><\/p>\n<ul>\n<li>applicazione senza problemi, senza allagare le cuticole<\/li>\n<li>lucentezza intensa<\/li>\n<li>perfetto, media densit\u00e0<\/li>\n<li>durata fino a 3 settimane<\/li>\n<li>capacit\u00e0: 5 g<\/li>\n<\/ul>\n<p>&nbsp;<\/p>\n<p><strong>UTILIZZO:\u00a0<\/strong><\/p>\n<p>Applicare uno strato sottile di semipermanente sulla base ibrida Claresa precedentemente polimerizzata e polimerizzarla in una lampada UV\/LED. Puoi ripetere l&#8217;azione per ottenere un effetto soddisfacente. Fissare lo styling applicando e polimerizzando TOP Claresa.<\/p>\n","protected":false},"featured_media":23077,"comment_status":"closed","ping_status":"open","template":"","meta":[],"product_brand":[],"product_cat":[1507,24,1560,83,1509],"product_tag":[1510,1877],"class_list":{"0":"post-23076","1":"product","2":"type-product","3":"status-publish","4":"has-post-thumbnail","6":"product_cat-claresa","7":"product_cat-colori","8":"product_cat-colori-semipermanente-claresa","9":"product_cat-semipermanenti","10":"product_cat-top-brand-professionali-unghie","11":"product_tag-claresa","12":"product_tag-marshmallow","14":"first","15":"outofstock","16":"shipping-taxable","17":"purchasable","18":"product-type-simple"},"_links":{"self":[{"href":"https:\/\/serverdedicato.lovenailsrivenditore.com\/index.php?rest_route=\/wp\/v2\/product\/23076","targetHints":{"allow":["GET"]}}],"collection":[{"href":"https:\/\/serverdedicato.lovenailsrivenditore.com\/index.php?rest_route=\/wp\/v2\/product"}],"about":[{"href":"https:\/\/serverdedicato.lovenailsrivenditore.com\/index.php?rest_route=\/wp\/v2\/types\/product"}],"replies":[{"embeddable":true,"href":"https:\/\/serverdedicato.lovenailsrivenditore.com\/index.php?rest_route=%2Fwp%2Fv2%2Fcomments&post=23076"}],"wp:featuredmedia":[{"embeddable":true,"href":"https:\/\/serverdedicato.lovenailsrivenditore.com\/index.php?rest_route=\/wp\/v2\/media\/23077"}],"wp:attachment":[{"href":"https:\/\/serverdedicato.lovenailsrivenditore.com\/index.php?rest_route=%2Fwp%2Fv2%2Fmedia&parent=23076"}],"wp:term":[{"taxonomy":"product_brand","embeddable":true,"href":"https:\/\/serverdedicato.lovenailsrivenditore.com\/index.php?rest_route=%2Fwp%2Fv2%2Fproduct_brand&post=23076"},{"taxonomy":"product_cat","embeddable":true,"href":"https:\/\/serverdedicato.lovenailsrivenditore.com\/index.php?rest_route=%2Fwp%2Fv2%2Fproduct_cat&post=23076"},{"taxonomy":"product_tag","embeddable":true,"href":"https:\/\/serverdedicato.lovenailsrivenditore.com\/index.php?rest_route=%2Fwp%2Fv2%2Fproduct_tag&post=23076"}],"curies":[{"name":"wp","href":"https:\/\/api.w.org\/{rel}","templated":true}]}}