{"id":23144,"date":"2024-07-22T12:32:55","date_gmt":"2024-07-22T10:32:55","guid":{"rendered":"https:\/\/serverdedicato.lovenailsrivenditore.com\/?product=pro-art-paste-molly-nails-hema-di-hema-nr-11"},"modified":"2026-04-18T12:58:51","modified_gmt":"2026-04-18T10:58:51","slug":"pro-art-paste-molly-nails-hema-di-hema-nr-11","status":"publish","type":"product","link":"https:\/\/serverdedicato.lovenailsrivenditore.com\/?product=pro-art-paste-molly-nails-hema-di-hema-nr-11","title":{"rendered":"Pro Art Paste &#8211; Molly Nails Hema\/Di-Hema &#8211; nr.11"},"content":{"rendered":"<p>Scopri l&#8217;esclusiva pasta decorativa\u00a0<strong>ProArt Paste Molly Nails<\/strong> che rivoluzioner\u00e0 il tuo stile delle unghie. La pasta si distingue per un&#8217;eccellente pigmentazione, fornendo colori intensi e duraturi.<\/p>\n<p><strong>Perch\u00e9 vale la pena scegliere ProArt Paste Molly Nails?<\/strong><\/p>\n<p>&nbsp;<\/p>\n<ul>\n<li><strong>Eccellente pigmentazione:<\/strong>\u00a0garantisce colori profondi ed espressivi dopo l&#8217;applicazione di uno strato.<\/li>\n<li><strong>Strato adesivo delicato:<\/strong> facilita le decorazioni precise, senza lasciare strisce o irregolarit\u00e0, quindi nessuna parte superiore si &#8220;apre&#8221;.<\/li>\n<li><strong>Flessibilit\u00e0:<\/strong>\u00a0ProArt Paste \u00e8 estremamente flessibile, quindi non si rompe n\u00e9 si danneggia.<\/li>\n<li><strong>Ampia tavolozza di colori:<\/strong>\u00a0disponibile in 16 fantastici colori, in varie tonalit\u00e0, perfetti sia per l&#8217;uso quotidiano che per le occasioni speciali.<\/li>\n<li><strong>Formula priva di HEMA\/Di-HEMA<\/strong>&nbsp;<\/li>\n<\/ul>\n<p>ProArt Paste Molly Nails \u00e8 un prodotto creato per i professionisti che amano le decorazioni. La pasta \u00e8 facile da applicare e garantisce un effetto accattivante. Grazie alla sua flessibilit\u00e0 e ai pigmenti di alta qualit\u00e0, fornisce decorazioni belle e durevoli che non sbiadiscono n\u00e9 si screpolano. La\u00a0formula\u00a0<strong>priva di HEMA\/Di-HEMA<\/strong>\u00a0rappresenta un ulteriore grande vantaggio.<\/p>\n<p><strong>Come usare:<br \/>\n<\/strong><\/p>\n<ol>\n<li>Dipingi una nail art utilizzando un pennello decorativo sottile.<\/li>\n<li>Polimerizzare la decorazione completata in lampada LED\/UV 48W anni &#8217;60.<\/li>\n<li>Nel caso di disegni complessi, polimerizzare i singoli frammenti della decorazione.<\/li>\n<li>Se si desidera realizzare decorazioni 3D, applicare e far solidificare pi\u00f9 strati sottili di pasta in modo che il prodotto polimerizzi bene.<\/li>\n<li>Copri il tutto con un top ibrido e polimerizzalo.<\/li>\n<\/ol>\n<p><strong>Avvertenze:<\/strong><\/p>\n<p>&nbsp;<\/p>\n<ul>\n<li>Solo per uso professionale.<\/li>\n<li>Tenere lontano dai bambini.<\/li>\n<li>Pu\u00f2 causare una reazione allergica.<\/li>\n<li>Evitare il contatto con la pelle.<\/li>\n<li>Evitare il contatto con gli occhi.<\/li>\n<li>Si prega di leggere attentamente le istruzioni per l&#8217;uso.<\/li>\n<\/ul>\n","protected":false},"excerpt":{"rendered":"<p>Scopri l&#8217;esclusiva pasta decorativa\u00a0<strong>ProArt Paste Molly Nails<\/strong> che rivoluzioner\u00e0 il tuo stile delle unghie. La pasta si distingue per un&#8217;eccellente pigmentazione, fornendo colori intensi e duraturi.<\/p>\n<p><strong>Perch\u00e9 vale la pena scegliere ProArt Paste Molly Nails?<\/strong><\/p>\n<p>&nbsp;<\/p>\n<ul>\n<li><strong>Eccellente pigmentazione:<\/strong>\u00a0garantisce colori profondi ed espressivi dopo l&#8217;applicazione di uno strato.<\/li>\n<li><strong>Strato adesivo delicato:<\/strong> facilita le decorazioni precise, senza lasciare strisce o irregolarit\u00e0, quindi nessuna parte superiore si &#8220;apre&#8221;.<\/li>\n<li><strong>Flessibilit\u00e0:<\/strong>\u00a0ProArt Paste \u00e8 estremamente flessibile, quindi non si rompe n\u00e9 si danneggia.<\/li>\n<li><strong>Ampia tavolozza di colori:<\/strong>\u00a0disponibile in 16 fantastici colori, in varie tonalit\u00e0, perfetti sia per l&#8217;uso quotidiano che per le occasioni speciali.<\/li>\n<li><strong>Formula priva di HEMA\/Di-HEMA<\/strong>&nbsp;<\/li>\n<\/ul>\n<p>ProArt Paste Molly Nails \u00e8 un prodotto creato per i professionisti che amano le decorazioni. La pasta \u00e8 facile da applicare e garantisce un effetto accattivante. Grazie alla sua flessibilit\u00e0 e ai pigmenti di alta qualit\u00e0, fornisce decorazioni belle e durevoli che non sbiadiscono n\u00e9 si screpolano. La\u00a0formula\u00a0<strong>priva di HEMA\/Di-HEMA<\/strong>\u00a0rappresenta un ulteriore grande vantaggio.<\/p>\n<p><strong>Come usare:<br \/>\n<\/strong><\/p>\n<ol>\n<li>Dipingi una nail art utilizzando un pennello decorativo sottile.<\/li>\n<li>Polimerizzare la decorazione completata in lampada LED\/UV 48W anni &#8217;60.<\/li>\n<li>Nel caso di disegni complessi, polimerizzare i singoli frammenti della decorazione.<\/li>\n<li>Se si desidera realizzare decorazioni 3D, applicare e far solidificare pi\u00f9 strati sottili di pasta in modo che il prodotto polimerizzi bene.<\/li>\n<li>Copri il tutto con un top ibrido e polimerizzalo.<\/li>\n<\/ol>\n<p><strong>Avvertenze:<\/strong><\/p>\n<p>&nbsp;<\/p>\n<ul>\n<li>Solo per uso professionale.<\/li>\n<li>Tenere lontano dai bambini.<\/li>\n<li>Pu\u00f2 causare una reazione allergica.<\/li>\n<li>Evitare il contatto con la pelle.<\/li>\n<li>Evitare il contatto con gli occhi.<\/li>\n<li>Si prega di leggere attentamente le istruzioni per l&#8217;uso.<\/li>\n<\/ul>\n","protected":false},"featured_media":23145,"comment_status":"closed","ping_status":"open","template":"","meta":[],"product_brand":[],"product_cat":[24,25,691,81],"product_tag":[172,1745,1110,2230],"class_list":{"0":"post-23144","1":"product","2":"type-product","3":"status-publish","4":"has-post-thumbnail","6":"product_cat-colori","7":"product_cat-gel-color","8":"product_cat-gelcolor","9":"product_cat-molly-lac","10":"product_tag-lilla","11":"product_tag-molly-nails","12":"product_tag-paint","13":"product_tag-pro-art","15":"first","16":"instock","17":"shipping-taxable","18":"purchasable","19":"product-type-simple"},"_links":{"self":[{"href":"https:\/\/serverdedicato.lovenailsrivenditore.com\/index.php?rest_route=\/wp\/v2\/product\/23144","targetHints":{"allow":["GET"]}}],"collection":[{"href":"https:\/\/serverdedicato.lovenailsrivenditore.com\/index.php?rest_route=\/wp\/v2\/product"}],"about":[{"href":"https:\/\/serverdedicato.lovenailsrivenditore.com\/index.php?rest_route=\/wp\/v2\/types\/product"}],"replies":[{"embeddable":true,"href":"https:\/\/serverdedicato.lovenailsrivenditore.com\/index.php?rest_route=%2Fwp%2Fv2%2Fcomments&post=23144"}],"wp:featuredmedia":[{"embeddable":true,"href":"https:\/\/serverdedicato.lovenailsrivenditore.com\/index.php?rest_route=\/wp\/v2\/media\/23145"}],"wp:attachment":[{"href":"https:\/\/serverdedicato.lovenailsrivenditore.com\/index.php?rest_route=%2Fwp%2Fv2%2Fmedia&parent=23144"}],"wp:term":[{"taxonomy":"product_brand","embeddable":true,"href":"https:\/\/serverdedicato.lovenailsrivenditore.com\/index.php?rest_route=%2Fwp%2Fv2%2Fproduct_brand&post=23144"},{"taxonomy":"product_cat","embeddable":true,"href":"https:\/\/serverdedicato.lovenailsrivenditore.com\/index.php?rest_route=%2Fwp%2Fv2%2Fproduct_cat&post=23144"},{"taxonomy":"product_tag","embeddable":true,"href":"https:\/\/serverdedicato.lovenailsrivenditore.com\/index.php?rest_route=%2Fwp%2Fv2%2Fproduct_tag&post=23144"}],"curies":[{"name":"wp","href":"https:\/\/api.w.org\/{rel}","templated":true}]}}