{"id":23207,"date":"2024-07-19T11:52:02","date_gmt":"2024-07-19T09:52:02","guid":{"rendered":"https:\/\/serverdedicato.lovenailsrivenditore.com\/?product=ice-rainbow-05-molly-lac-magic-morado"},"modified":"2026-04-18T12:59:36","modified_gmt":"2026-04-18T10:59:36","slug":"ice-rainbow-05-molly-lac-magic-morado","status":"publish","type":"product","link":"https:\/\/serverdedicato.lovenailsrivenditore.com\/?product=ice-rainbow-05-molly-lac-magic-morado","title":{"rendered":"Ice Rainbow 05 Molly Lac &#8211; Magic Morado"},"content":{"rendered":"<p><strong><span>Magic Azul:\u00a0<\/span><\/strong><span>\u00a0un bagliore verde-blu che cambia magicamente. Un luccichio discreto ma davvero impressionante al sole e alla luce artificiale.<\/span><\/p>\n<p><strong>Ice Rainbow:\u00a0<\/strong>una polvere magica che trasformer\u00e0 la tua manicure in una superficie di cristallo arcobaleno! Una lucentezza impeccabile. Se segui le ultime novit\u00e0 nel mondo delle unghie, sei nel posto giusto! Una straordinaria novit\u00e0 che non troverete da nessun\u2019altra parte. Non altera i colori, ma ne fa risaltare solo il bagliore in una tonalit\u00e0 interessante.<\/p>\n<p><strong>Ice Rainbow<\/strong>\u00a0ti sorprender\u00e0 con la sua estrema facilit\u00e0 di applicazione!<\/p>\n<p>Tutto quello che devi fare \u00e8 strofinarlo sul top senza dispersione precedentemente polimerizzato ed infine proteggere nuovamente il tutto con il top coat! Pronto!<\/p>\n<p>Sperimenta, divertiti e abbina i colori!<\/p>\n<p><strong>Capacit\u00e0:<\/strong>\u00a0peso netto del polline 0,5 g, polline confezionato in un barattolo da 3 ml.<\/p>\n","protected":false},"excerpt":{"rendered":"<p><strong>Magic: <\/strong> uno scintillio blu\/viola che cambia magicamente. Super luccicante in modo molto impressionante al sole e alla luce artificiale.<\/p>\n<p><strong>Ice Rainbow:\u00a0<\/strong>una polvere magica che trasformer\u00e0 la tua manicure in una superficie di cristallo arcobaleno! Una lucentezza impeccabile. Se segui le ultime novit\u00e0 nel mondo delle unghie, sei nel posto giusto! Una straordinaria novit\u00e0 che non troverete da nessun\u2019altra parte. Non altera i colori, ma ne fa risaltare solo il bagliore in una tonalit\u00e0 interessante.<\/p>\n<p><strong>Ice Rainbow<\/strong>\u00a0ti sorprender\u00e0 con la sua estrema facilit\u00e0 di applicazione!<\/p>\n<p>Tutto quello che devi fare \u00e8 strofinarlo sul top senza dispersione precedentemente polimerizzato ed infine proteggere nuovamente il tutto con il top coat! Pronto!<\/p>\n<p>Sperimenta, divertiti e abbina i colori!<\/p>\n<p><strong>Capacit\u00e0:<\/strong>\u00a0peso netto del polline 0,5 g, polline confezionato in un barattolo da 3 ml.<\/p>\n","protected":false},"featured_media":23208,"comment_status":"closed","ping_status":"open","template":"","meta":[],"product_brand":[],"product_cat":[35,81],"product_tag":[543,1988,504,50],"class_list":{"0":"post-23207","1":"product","2":"type-product","3":"status-publish","4":"has-post-thumbnail","6":"product_cat-decorazioni","7":"product_cat-molly-lac","8":"product_tag-aurora","9":"product_tag-ice-rainbow","10":"product_tag-polvere","11":"product_tag-rainbow","13":"first","14":"instock","15":"shipping-taxable","16":"purchasable","17":"product-type-simple"},"_links":{"self":[{"href":"https:\/\/serverdedicato.lovenailsrivenditore.com\/index.php?rest_route=\/wp\/v2\/product\/23207","targetHints":{"allow":["GET"]}}],"collection":[{"href":"https:\/\/serverdedicato.lovenailsrivenditore.com\/index.php?rest_route=\/wp\/v2\/product"}],"about":[{"href":"https:\/\/serverdedicato.lovenailsrivenditore.com\/index.php?rest_route=\/wp\/v2\/types\/product"}],"replies":[{"embeddable":true,"href":"https:\/\/serverdedicato.lovenailsrivenditore.com\/index.php?rest_route=%2Fwp%2Fv2%2Fcomments&post=23207"}],"wp:featuredmedia":[{"embeddable":true,"href":"https:\/\/serverdedicato.lovenailsrivenditore.com\/index.php?rest_route=\/wp\/v2\/media\/23208"}],"wp:attachment":[{"href":"https:\/\/serverdedicato.lovenailsrivenditore.com\/index.php?rest_route=%2Fwp%2Fv2%2Fmedia&parent=23207"}],"wp:term":[{"taxonomy":"product_brand","embeddable":true,"href":"https:\/\/serverdedicato.lovenailsrivenditore.com\/index.php?rest_route=%2Fwp%2Fv2%2Fproduct_brand&post=23207"},{"taxonomy":"product_cat","embeddable":true,"href":"https:\/\/serverdedicato.lovenailsrivenditore.com\/index.php?rest_route=%2Fwp%2Fv2%2Fproduct_cat&post=23207"},{"taxonomy":"product_tag","embeddable":true,"href":"https:\/\/serverdedicato.lovenailsrivenditore.com\/index.php?rest_route=%2Fwp%2Fv2%2Fproduct_tag&post=23207"}],"curies":[{"name":"wp","href":"https:\/\/api.w.org\/{rel}","templated":true}]}}