{"id":23373,"date":"2024-07-23T12:40:17","date_gmt":"2024-07-23T10:40:17","guid":{"rendered":"https:\/\/serverdedicato.lovenailsrivenditore.com\/?product=pennello-nail-art-swarovski-nero-13mm-n-4-molly-lac"},"modified":"2026-04-18T13:01:40","modified_gmt":"2026-04-18T11:01:40","slug":"pennello-nail-art-swarovski-nero-13mm-n-4-molly-lac","status":"publish","type":"product","link":"https:\/\/serverdedicato.lovenailsrivenditore.com\/?product=pennello-nail-art-swarovski-nero-13mm-n-4-molly-lac","title":{"rendered":"Pennello Nail Art Swarovski Nero 13mm n.4 Molly Lac"},"content":{"rendered":"<p id=\"tw-target-text\" class=\"tw-data-text tw-text-large tw-ta\" dir=\"ltr\" data-placeholder=\"Traduzione\"><span class=\"Y2IQFc\" lang=\"it\">Un pennello per nail art preciso e di design con una lunghezza delle setole di 13mm, realizzato con setole naturali di alta qualit\u00e0.<\/span><\/p>\n<p class=\"tw-data-text tw-text-large tw-ta\" dir=\"ltr\" data-placeholder=\"Traduzione\"><span class=\"Y2IQFc\" lang=\"it\">Perfettamente bilanciato, si adatta perfettamente alla mano, consentendo un lavoro preciso e senza problemi.<\/span><\/p>\n<p class=\"tw-data-text tw-text-large tw-ta\" dir=\"ltr\" data-placeholder=\"Traduzione\"><span class=\"Y2IQFc\" lang=\"it\">Perfetto per decorazioni ad acquerello, nonch\u00e9 per creare nail art spaziali 3D.<\/span><\/p>\n<p class=\"tw-data-text tw-text-large tw-ta\" dir=\"ltr\" data-placeholder=\"Traduzione\"><span class=\"Y2IQFc\" lang=\"it\">Il pennello \u00e8 di qualit\u00e0 eccezionale, grazie al quale durer\u00e0 per anni, senza evidenti segni di utilizzo. <\/span><\/p>\n<p class=\"tw-data-text tw-text-large tw-ta\" dir=\"ltr\" data-placeholder=\"Traduzione\"><span class=\"Y2IQFc\" lang=\"it\">Devi solo ricordare della sua protezione e cura adeguate, incluso evitare il contatto con il detergente.<\/span><\/p>\n","protected":false},"excerpt":{"rendered":"<p id=\"tw-target-text\" class=\"tw-data-text tw-text-large tw-ta\" dir=\"ltr\" data-placeholder=\"Traduzione\"><span class=\"Y2IQFc\" lang=\"it\">Un pennello per nail art preciso e di design con una lunghezza delle setole di 13mm, realizzato con setole naturali di alta qualit\u00e0.<\/span><\/p>\n<p class=\"tw-data-text tw-text-large tw-ta\" dir=\"ltr\" data-placeholder=\"Traduzione\"><span class=\"Y2IQFc\" lang=\"it\">Perfettamente bilanciato, si adatta perfettamente alla mano, consentendo un lavoro preciso e senza problemi.<\/span><\/p>\n<p class=\"tw-data-text tw-text-large tw-ta\" dir=\"ltr\" data-placeholder=\"Traduzione\"><span class=\"Y2IQFc\" lang=\"it\">Perfetto per decorazioni ad acquerello, nonch\u00e9 per creare nail art spaziali 3D.<\/span><\/p>\n<p class=\"tw-data-text tw-text-large tw-ta\" dir=\"ltr\" data-placeholder=\"Traduzione\"><span class=\"Y2IQFc\" lang=\"it\">Il pennello \u00e8 di qualit\u00e0 eccezionale, grazie al quale durer\u00e0 per anni, senza evidenti segni di utilizzo. <\/span><\/p>\n<p class=\"tw-data-text tw-text-large tw-ta\" dir=\"ltr\" data-placeholder=\"Traduzione\"><span class=\"Y2IQFc\" lang=\"it\">Devi solo ricordare della sua protezione e cura adeguate, incluso evitare il contatto con il detergente.<\/span><\/p>\n","protected":false},"featured_media":23374,"comment_status":"closed","ping_status":"open","template":"","meta":[],"product_brand":[],"product_cat":[177,243],"product_tag":[1350,84,40,245],"class_list":{"0":"post-23373","1":"product","2":"type-product","3":"status-publish","4":"has-post-thumbnail","6":"product_cat-accessori","7":"product_cat-pennelli","8":"product_tag-10mm","9":"product_tag-molly-lac","10":"product_tag-nail-art","11":"product_tag-pennello","13":"first","14":"instock","15":"shipping-taxable","16":"purchasable","17":"product-type-simple"},"_links":{"self":[{"href":"https:\/\/serverdedicato.lovenailsrivenditore.com\/index.php?rest_route=\/wp\/v2\/product\/23373","targetHints":{"allow":["GET"]}}],"collection":[{"href":"https:\/\/serverdedicato.lovenailsrivenditore.com\/index.php?rest_route=\/wp\/v2\/product"}],"about":[{"href":"https:\/\/serverdedicato.lovenailsrivenditore.com\/index.php?rest_route=\/wp\/v2\/types\/product"}],"replies":[{"embeddable":true,"href":"https:\/\/serverdedicato.lovenailsrivenditore.com\/index.php?rest_route=%2Fwp%2Fv2%2Fcomments&post=23373"}],"wp:featuredmedia":[{"embeddable":true,"href":"https:\/\/serverdedicato.lovenailsrivenditore.com\/index.php?rest_route=\/wp\/v2\/media\/23374"}],"wp:attachment":[{"href":"https:\/\/serverdedicato.lovenailsrivenditore.com\/index.php?rest_route=%2Fwp%2Fv2%2Fmedia&parent=23373"}],"wp:term":[{"taxonomy":"product_brand","embeddable":true,"href":"https:\/\/serverdedicato.lovenailsrivenditore.com\/index.php?rest_route=%2Fwp%2Fv2%2Fproduct_brand&post=23373"},{"taxonomy":"product_cat","embeddable":true,"href":"https:\/\/serverdedicato.lovenailsrivenditore.com\/index.php?rest_route=%2Fwp%2Fv2%2Fproduct_cat&post=23373"},{"taxonomy":"product_tag","embeddable":true,"href":"https:\/\/serverdedicato.lovenailsrivenditore.com\/index.php?rest_route=%2Fwp%2Fv2%2Fproduct_tag&post=23373"}],"curies":[{"name":"wp","href":"https:\/\/api.w.org\/{rel}","templated":true}]}}