{"id":23537,"date":"2024-07-27T08:27:26","date_gmt":"2024-07-27T06:27:26","guid":{"rendered":"https:\/\/serverdedicato.lovenailsrivenditore.com\/?product=dnka-gel-costruttore-diana-0012-30ml"},"modified":"2026-04-18T13:03:55","modified_gmt":"2026-04-18T11:03:55","slug":"dnka-gel-costruttore-diana-0012-30ml","status":"publish","type":"product","link":"https:\/\/serverdedicato.lovenailsrivenditore.com\/?product=dnka-gel-costruttore-diana-0012-30ml","title":{"rendered":"DNKa&#8217; &#8211; Gel Costruttore &#8211; DIANA 0012 &#8211; 30ml"},"content":{"rendered":"<p dir=\"ltr\">DNKa&#8217; Builder Gel \u00e8 un gel modellatore universale della massima qualit\u00e0, appartenente a un sistema trifase. Il gel ha una consistenza media, si diffonde uniformemente ed \u00e8 autolivellante. Duro e stabile dopo la polimerizzazione, il gel permette di creare unghie lunghe e costruire l&#8217;architettura corretta, supportando perfettamente qualsiasi forma e lunghezza di unghie. Adatto per allungamenti sia con nail form che dual form,\u00a0 modellazione delle unghie e rinforzo di unghie naturali.<\/p>\n<p dir=\"ltr\">\n<strong>Caratteristiche:<\/strong><\/p>\n<ul dir=\"ltr\">\n<li>Gel a densit\u00e0 media<\/li>\n<li>Pigmentazione dall&#8217;80% al 95%<\/li>\n<li>Bassa temperatura con alto grado di adesione<\/li>\n<li>Effetto tixo<\/li>\n<li>Solido, durabile, stabile e versatile<\/li>\n<li>Allungare, modellare e rafforzare<\/li>\n<\/ul>\n<p>&nbsp;<\/p>\n","protected":false},"excerpt":{"rendered":"<p>DNKa&#8217; Builder Gel \u00e8 un gel modellatore universale della massima qualit\u00e0, appartenente a un sistema trifase. Il gel ha una consistenza media, si diffonde uniformemente ed \u00e8 autolivellante. Duro e stabile dopo la polimerizzazione, il gel permette di creare unghie lunghe e costruire l&#8217;architettura corretta, supportando perfettamente qualsiasi forma e lunghezza di unghie. Adatto per allungamenti sia con nail form che dual form,\u00a0 modellazione delle unghie e rinforzo di unghie naturali.<\/p>\n","protected":false},"featured_media":23538,"comment_status":"closed","ping_status":"open","template":"","meta":[],"product_brand":[],"product_cat":[224,1932,1978,223,1509],"product_tag":[1610,2261,2267,1935],"class_list":{"0":"post-23537","1":"product","2":"type-product","3":"status-publish","4":"has-post-thumbnail","6":"product_cat-costruttori","7":"product_cat-dnka","8":"product_cat-gel-costruttore","9":"product_cat-gel-uv","10":"product_cat-top-brand-professionali-unghie","11":"product_tag-builder","12":"product_tag-costuttore","13":"product_tag-diana","14":"product_tag-dnka","16":"first","17":"instock","18":"shipping-taxable","19":"purchasable","20":"product-type-simple"},"_links":{"self":[{"href":"https:\/\/serverdedicato.lovenailsrivenditore.com\/index.php?rest_route=\/wp\/v2\/product\/23537","targetHints":{"allow":["GET"]}}],"collection":[{"href":"https:\/\/serverdedicato.lovenailsrivenditore.com\/index.php?rest_route=\/wp\/v2\/product"}],"about":[{"href":"https:\/\/serverdedicato.lovenailsrivenditore.com\/index.php?rest_route=\/wp\/v2\/types\/product"}],"replies":[{"embeddable":true,"href":"https:\/\/serverdedicato.lovenailsrivenditore.com\/index.php?rest_route=%2Fwp%2Fv2%2Fcomments&post=23537"}],"wp:featuredmedia":[{"embeddable":true,"href":"https:\/\/serverdedicato.lovenailsrivenditore.com\/index.php?rest_route=\/wp\/v2\/media\/23538"}],"wp:attachment":[{"href":"https:\/\/serverdedicato.lovenailsrivenditore.com\/index.php?rest_route=%2Fwp%2Fv2%2Fmedia&parent=23537"}],"wp:term":[{"taxonomy":"product_brand","embeddable":true,"href":"https:\/\/serverdedicato.lovenailsrivenditore.com\/index.php?rest_route=%2Fwp%2Fv2%2Fproduct_brand&post=23537"},{"taxonomy":"product_cat","embeddable":true,"href":"https:\/\/serverdedicato.lovenailsrivenditore.com\/index.php?rest_route=%2Fwp%2Fv2%2Fproduct_cat&post=23537"},{"taxonomy":"product_tag","embeddable":true,"href":"https:\/\/serverdedicato.lovenailsrivenditore.com\/index.php?rest_route=%2Fwp%2Fv2%2Fproduct_tag&post=23537"}],"curies":[{"name":"wp","href":"https:\/\/api.w.org\/{rel}","templated":true}]}}