{"id":23756,"date":"2024-08-06T11:18:23","date_gmt":"2024-08-06T09:18:23","guid":{"rendered":"https:\/\/serverdedicato.lovenailsrivenditore.com\/?product=molly-nails-gel-in-bottle-pro-salon-naked-15gr"},"modified":"2026-04-18T13:07:03","modified_gmt":"2026-04-18T11:07:03","slug":"molly-nails-gel-in-bottle-pro-salon-naked-15gr","status":"publish","type":"product","link":"https:\/\/serverdedicato.lovenailsrivenditore.com\/?product=molly-nails-gel-in-bottle-pro-salon-naked-15gr","title":{"rendered":"Molly Nails &#8211; Gel in Bottle PRO SALON &#8211; Naked 15gr"},"content":{"rendered":"<p><strong>Un gel per la ricostruzione unghie e per coperture\/refill da salone monofasico autolivellante<\/strong>\u00a0in un comodo flacone con pennellino.<\/p>\n<p>L&#8217;innovazione che stavi aspettando! Perfetto per allungamenti, nonch\u00e9 per costruire e riparare le unghie naturali.<\/p>\n<p><strong>Un prodotto: molte possibilit\u00e0!<\/strong> Il gel sar\u00e0 la soluzione perfetta quando hai bisogno di: coperture, rafforzamento, allungamento, correzione!<\/p>\n<p><strong>Riduci al minimo il tuo tempo di lavoro!<\/strong>\u00a0\u00a0Un comodo pennello accelerer\u00e0 notevolmente la procedura di manicure, consentendoti di massimizzare i profitti del tuo salone! L&#8217;applicazione \u00e8 estremamente semplice: prelevare il prodotto direttamente dal flacone con un pennello e applicarlo secondo necessit\u00e0.<\/p>\n<p><b>Risparmia tempo e denaro!<\/b><\/p>\n<p><strong>Un &#8220;Must Have&#8221;<\/strong>\u00a0 da avere in ogni salone. La formula monofasica ed estremamente resistente del gel si abbina perfettamente alla lamina ungueale naturale, creando uno styling impeccabile senza antiestetici colori gialli.<\/p>\n<p>La consistenza densa consente di creare un apice perfetto e una curva a C. Protegge perfettamente da lesioni meccaniche e fattori esterni.<\/p>\n<p>Porta la tua manicure al livello successivo!\u00a0<strong>Il Gel in Flacone Molly Nails<\/strong>\u00a0\u00e8 perfetto per il metodo &#8220;gel senza limatura&#8221;.<\/p>\n<p>Resistente quando si indossa, comodo quando si lima! Non si scheggia n\u00e9 si rompe. Resistente alle alte temperature &#8211; non si ammorbidisce durante l&#8217;uso.<\/p>\n<p><strong>Vantaggi:<\/strong><\/p>\n<ul>\n<li>Risparmia tempo<\/li>\n<li>Aspetto ultra naturale<\/li>\n<li>Comoda applicazione grazie ad un pennello appositamente dedicato<\/li>\n<li>Formula densa, autolivellante, monofasico con strato in dispersione<\/li>\n<li>Perfetta adesione alla lamina ungueale naturale<\/li>\n<\/ul>\n<p><strong>Tempo di polimerizzazione:<\/strong><\/p>\n<ul>\n<li>Lampada UV\/LED 48w. &#8211; 60sec.<\/li>\n<\/ul>\n<p><strong>Ingredienti\/INCI:<\/strong><\/p>\n<p>Metacrilato di uretano alifatico, PPG-3 gliceril etere triacrilato, isobornil metacrilato, bis (metacrilossietil) fosfato, silice, HEMA, idrossicicloesil fenil chetone, acido acrilico, metil benzoilformiato, etil metacrilato, ossido di trimetilbenzoil difenilfosfina, BHT, [+\/ -]CI 1914 0 , CI 15850, CI 60725, CI 77891.<\/p>\n","protected":false},"excerpt":{"rendered":"<p><strong>Un gel per la ricostruzione unghie e per coperture\/refill da salone monofasico autolivellante<\/strong>\u00a0in un comodo flacone con pennellino<\/p>\n<p><b>Risparmia tempo e denaro!<\/b><\/p>\n<p><strong>Un &#8220;Must Have&#8221;<\/strong>\u00a0 da avere in ogni salone. La formula monofasica ed estremamente resistente del gel si abbina perfettamente alla lamina ungueale naturale, creando uno styling impeccabile senza antiestetici colori gialli.<\/p>\n<p>La consistenza densa consente di creare un apice perfetto e una curva a C. Protegge perfettamente da lesioni meccaniche e fattori esterni.<\/p>\n<p>Porta la tua manicure al livello successivo!\u00a0<strong>Il Gel in Flacone Molly Nails<\/strong>\u00a0\u00e8 perfetto per il metodo &#8220;gel senza limatura&#8221;.<\/p>\n<p>Resistente quando si indossa, comodo quando si lima! Non si scheggia n\u00e9 si rompe. Resistente alle alte temperature &#8211; non si ammorbidisce durante l&#8217;uso.<\/p>\n","protected":false},"featured_media":23757,"comment_status":"closed","ping_status":"open","template":"","meta":[],"product_brand":[],"product_cat":[224,225,223,81],"product_tag":[227,1029,725],"class_list":{"0":"post-23756","1":"product","2":"type-product","3":"status-publish","4":"has-post-thumbnail","6":"product_cat-costruttori","7":"product_cat-costruttori-molly-lac","8":"product_cat-gel-uv","9":"product_cat-molly-lac","10":"product_tag-costruttore","11":"product_tag-gel-in-bottiglia","12":"product_tag-gel-in-bottle","14":"first","15":"instock","16":"shipping-taxable","17":"purchasable","18":"product-type-simple"},"_links":{"self":[{"href":"https:\/\/serverdedicato.lovenailsrivenditore.com\/index.php?rest_route=\/wp\/v2\/product\/23756","targetHints":{"allow":["GET"]}}],"collection":[{"href":"https:\/\/serverdedicato.lovenailsrivenditore.com\/index.php?rest_route=\/wp\/v2\/product"}],"about":[{"href":"https:\/\/serverdedicato.lovenailsrivenditore.com\/index.php?rest_route=\/wp\/v2\/types\/product"}],"replies":[{"embeddable":true,"href":"https:\/\/serverdedicato.lovenailsrivenditore.com\/index.php?rest_route=%2Fwp%2Fv2%2Fcomments&post=23756"}],"wp:featuredmedia":[{"embeddable":true,"href":"https:\/\/serverdedicato.lovenailsrivenditore.com\/index.php?rest_route=\/wp\/v2\/media\/23757"}],"wp:attachment":[{"href":"https:\/\/serverdedicato.lovenailsrivenditore.com\/index.php?rest_route=%2Fwp%2Fv2%2Fmedia&parent=23756"}],"wp:term":[{"taxonomy":"product_brand","embeddable":true,"href":"https:\/\/serverdedicato.lovenailsrivenditore.com\/index.php?rest_route=%2Fwp%2Fv2%2Fproduct_brand&post=23756"},{"taxonomy":"product_cat","embeddable":true,"href":"https:\/\/serverdedicato.lovenailsrivenditore.com\/index.php?rest_route=%2Fwp%2Fv2%2Fproduct_cat&post=23756"},{"taxonomy":"product_tag","embeddable":true,"href":"https:\/\/serverdedicato.lovenailsrivenditore.com\/index.php?rest_route=%2Fwp%2Fv2%2Fproduct_tag&post=23756"}],"curies":[{"name":"wp","href":"https:\/\/api.w.org\/{rel}","templated":true}]}}