{"id":23795,"date":"2024-08-06T14:16:32","date_gmt":"2024-08-06T12:16:32","guid":{"rendered":"https:\/\/serverdedicato.lovenailsrivenditore.com\/?product=molly-nails-neon-flashy-cat-eyes-n-173-8gr"},"modified":"2026-04-18T13:07:36","modified_gmt":"2026-04-18T11:07:36","slug":"molly-nails-neon-flashy-cat-eyes-n-173-8gr","status":"publish","type":"product","link":"https:\/\/serverdedicato.lovenailsrivenditore.com\/?product=molly-nails-neon-flashy-cat-eyes-n-173-8gr","title":{"rendered":"Molly Nails &#8211; Neon Flashy Cat Eyes n.173 &#8211; 8gr"},"content":{"rendered":"<p><b>Il Cat Eyes n. 173 \u00e8 un&#8217;energica tonalit\u00e0 magenta che ravviver\u00e0 le tue unghie con la sua intensit\u00e0 <\/b><\/p>\n<p>E&#8217; composto da particelle perlate e metalliche che creano l&#8217;effetto occhi di gatto.<\/p>\n<p>Le striature perlescenti compaiono grazie ad uno speciale magnete che distribuisce la limatura metallica, modificando cos\u00ec il colore dominante del semipermanente.<\/p>\n<p>Una proposta ideale per le persone che non sopportano la noia sulle unghie e vogliono aggiungere un po&#8217; di follia al design.<\/p>\n","protected":false},"excerpt":{"rendered":"<p><b>Il Cat Eyes n. 173 \u00e8 un&#8217;energica tonalit\u00e0 magenta che ravviver\u00e0 le tue unghie con la sua intensit\u00e0 <\/b><\/p>\n<p>E&#8217; composto da particelle perlate e metalliche che creano l&#8217;effetto occhi di gatto.<\/p>\n<p>Le striature perlescenti compaiono grazie ad uno speciale magnete che distribuisce la limatura metallica, modificando cos\u00ec il colore dominante del semipermanente.<\/p>\n<p>Una proposta ideale per le persone che non sopportano la noia sulle unghie e vogliono aggiungere un po&#8217; di follia al design.<\/p>\n","protected":false},"featured_media":23796,"comment_status":"closed","ping_status":"open","template":"","meta":[],"product_brand":[],"product_cat":[24,82,81,83],"product_tag":[103,180,72],"class_list":{"0":"post-23795","1":"product","2":"type-product","3":"status-publish","4":"has-post-thumbnail","6":"product_cat-colori","7":"product_cat-colori-semipermanente","8":"product_cat-molly-lac","9":"product_cat-semipermanenti","10":"product_tag-cat-eyes","11":"product_tag-fluo","12":"product_tag-neon","14":"first","15":"instock","16":"shipping-taxable","17":"purchasable","18":"product-type-simple"},"_links":{"self":[{"href":"https:\/\/serverdedicato.lovenailsrivenditore.com\/index.php?rest_route=\/wp\/v2\/product\/23795","targetHints":{"allow":["GET"]}}],"collection":[{"href":"https:\/\/serverdedicato.lovenailsrivenditore.com\/index.php?rest_route=\/wp\/v2\/product"}],"about":[{"href":"https:\/\/serverdedicato.lovenailsrivenditore.com\/index.php?rest_route=\/wp\/v2\/types\/product"}],"replies":[{"embeddable":true,"href":"https:\/\/serverdedicato.lovenailsrivenditore.com\/index.php?rest_route=%2Fwp%2Fv2%2Fcomments&post=23795"}],"wp:featuredmedia":[{"embeddable":true,"href":"https:\/\/serverdedicato.lovenailsrivenditore.com\/index.php?rest_route=\/wp\/v2\/media\/23796"}],"wp:attachment":[{"href":"https:\/\/serverdedicato.lovenailsrivenditore.com\/index.php?rest_route=%2Fwp%2Fv2%2Fmedia&parent=23795"}],"wp:term":[{"taxonomy":"product_brand","embeddable":true,"href":"https:\/\/serverdedicato.lovenailsrivenditore.com\/index.php?rest_route=%2Fwp%2Fv2%2Fproduct_brand&post=23795"},{"taxonomy":"product_cat","embeddable":true,"href":"https:\/\/serverdedicato.lovenailsrivenditore.com\/index.php?rest_route=%2Fwp%2Fv2%2Fproduct_cat&post=23795"},{"taxonomy":"product_tag","embeddable":true,"href":"https:\/\/serverdedicato.lovenailsrivenditore.com\/index.php?rest_route=%2Fwp%2Fv2%2Fproduct_tag&post=23795"}],"curies":[{"name":"wp","href":"https:\/\/api.w.org\/{rel}","templated":true}]}}