{"id":24009,"date":"2024-08-28T15:34:10","date_gmt":"2024-08-28T13:34:10","guid":{"rendered":"https:\/\/serverdedicato.lovenailsrivenditore.com\/?product=claresa-gloss-is-my-boss-01"},"modified":"2026-04-18T13:10:27","modified_gmt":"2026-04-18T11:10:27","slug":"claresa-gloss-is-my-boss-01","status":"publish","type":"product","link":"https:\/\/serverdedicato.lovenailsrivenditore.com\/?product=claresa-gloss-is-my-boss-01","title":{"rendered":"CLARESA &#8211; GLOSS IS MY BOSS &#8211; 01"},"content":{"rendered":"<p><span>Un lucidalabbra che dona una brillantezza eccezionale offrendo allo stesso tempo un comfort meraviglioso. La sua formula unica e vegana con acido ialuronico riempie le labbra, rendendole visibilmente pi\u00f9 levigate e definite. \u00c8 durevole, non si attacca n\u00e9 cola. Disponibile in nove versioni di colore con diverse finiture: da completamente trasparente, a trasparente e colorato con particelle microscopiche, classico perlato , per garantire l&#8217;effetto di una superficie priva di grumi.<\/span><\/p>\n<p><strong><span>CURIOSIT\u00c0:\u00a0<\/span><\/strong><br \/>\n<span>Formula ricca di acido ialuronico, che idrata e riempie le linee, garantendo morbidezza ed elasticit\u00e0 alla delicata epidermide. Il complesso vitaminico AEF inoltre nutre, rigenera, ha propriet\u00e0 antiossidanti e rallenta il processo di invecchiamento.<\/span><\/p>\n<p><strong><span>APPLICAZIONE:<\/span><\/strong><br \/>\n<span>Applica direttamente sulle labbra o sopra il tuo rossetto opaco preferito quando desideri un po&#8217; di brillantezza.<\/span><\/p>\n<p><strong><span>TRUCCO DEL MAKEUP ARTIST:<\/span><\/strong><br \/>\n<span>Un po&#8217; di lucidalabbra applicato solo al centro delle labbra superiori e inferiori far\u00e0 sembrare le labbra pi\u00f9 convesse e quindi pi\u00f9 carnose.<\/span><\/p>\n","protected":false},"excerpt":{"rendered":"<p>Un lucidalabbra che dona una brillantezza eccezionale offrendo allo stesso tempo un comfort meraviglioso. La sua formula unica e vegana con acido ialuronico riempie le labbra, rendendole visibilmente pi\u00f9 levigate e definite. \u00c8 durevole, non si attacca n\u00e9 cola. Disponibile in nove versioni di colore con diverse finiture: da completamente trasparente, a trasparente e colorato con particelle microscopiche, classico perlato , per garantire l&#8217;effetto di una superficie priva di grumi.<\/p>\n<p><strong>CURIOSIT\u00c0:\u00a0<\/strong><br \/>\nFormula ricca di acido ialuronico, che idrata e riempie le linee, garantendo morbidezza ed elasticit\u00e0 alla delicata epidermide. Il complesso vitaminico AEF inoltre nutre, rigenera, ha propriet\u00e0 antiossidanti e rallenta il processo di invecchiamento.<\/p>\n<p><strong>APPLICAZIONE:<\/strong><br \/>\nApplica direttamente sulle labbra o sopra il tuo rossetto opaco preferito quando desideri un po&#8217; di brillantezza.<\/p>\n<p><strong>TRUCCO DEL MAKEUP ARTIST:<\/strong><br \/>\nUn po&#8217; di lucidalabbra applicato solo al centro delle labbra superiori e inferiori far\u00e0 sembrare le labbra pi\u00f9 convesse e quindi pi\u00f9 carnose.<\/p>\n","protected":false},"featured_media":24010,"comment_status":"closed","ping_status":"open","template":"","meta":[],"product_brand":[],"product_cat":[2319,1857,2328,1856],"product_tag":[1853,1890,468],"class_list":{"0":"post-24009","1":"product","2":"type-product","3":"status-publish","4":"has-post-thumbnail","6":"product_cat-claresa-make-up","7":"product_cat-labbra","8":"product_cat-labbra-claresa-make-up","9":"product_cat-make-up","10":"product_tag-lipgloss","11":"product_tag-lucidalabbra","12":"product_tag-trasparente","14":"first","15":"instock","16":"shipping-taxable","17":"purchasable","18":"product-type-simple"},"_links":{"self":[{"href":"https:\/\/serverdedicato.lovenailsrivenditore.com\/index.php?rest_route=\/wp\/v2\/product\/24009","targetHints":{"allow":["GET"]}}],"collection":[{"href":"https:\/\/serverdedicato.lovenailsrivenditore.com\/index.php?rest_route=\/wp\/v2\/product"}],"about":[{"href":"https:\/\/serverdedicato.lovenailsrivenditore.com\/index.php?rest_route=\/wp\/v2\/types\/product"}],"replies":[{"embeddable":true,"href":"https:\/\/serverdedicato.lovenailsrivenditore.com\/index.php?rest_route=%2Fwp%2Fv2%2Fcomments&post=24009"}],"wp:featuredmedia":[{"embeddable":true,"href":"https:\/\/serverdedicato.lovenailsrivenditore.com\/index.php?rest_route=\/wp\/v2\/media\/24010"}],"wp:attachment":[{"href":"https:\/\/serverdedicato.lovenailsrivenditore.com\/index.php?rest_route=%2Fwp%2Fv2%2Fmedia&parent=24009"}],"wp:term":[{"taxonomy":"product_brand","embeddable":true,"href":"https:\/\/serverdedicato.lovenailsrivenditore.com\/index.php?rest_route=%2Fwp%2Fv2%2Fproduct_brand&post=24009"},{"taxonomy":"product_cat","embeddable":true,"href":"https:\/\/serverdedicato.lovenailsrivenditore.com\/index.php?rest_route=%2Fwp%2Fv2%2Fproduct_cat&post=24009"},{"taxonomy":"product_tag","embeddable":true,"href":"https:\/\/serverdedicato.lovenailsrivenditore.com\/index.php?rest_route=%2Fwp%2Fv2%2Fproduct_tag&post=24009"}],"curies":[{"name":"wp","href":"https:\/\/api.w.org\/{rel}","templated":true}]}}