{"id":24108,"date":"2024-08-28T16:42:46","date_gmt":"2024-08-28T14:42:46","guid":{"rendered":"https:\/\/serverdedicato.lovenailsrivenditore.com\/?product=claresa-2in1-correttore-liquido-warm-n-103-18gr"},"modified":"2026-04-18T13:12:39","modified_gmt":"2026-04-18T11:12:39","slug":"claresa-2in1-correttore-liquido-warm-n-103-18gr","status":"publish","type":"product","link":"https:\/\/serverdedicato.lovenailsrivenditore.com\/?product=claresa-2in1-correttore-liquido-warm-n-103-18gr","title":{"rendered":"CLARESA &#8211; 2in1 FONDOTINTA LIQUIDO &#8211; COOL n.103 &#8211; 18gr"},"content":{"rendered":"<div class=\"menu row\">\n<nav class=\"innermenu row container relative\">\n<h3><span style=\"color: #555555; font-size: 14.4px;\">Formula liquida altamente concentrata, intensamente coprente e a lunga tenuta, dal finish mat vellutato, perfetta sia per il correttore che per il fondotinta. Il livello di copertura pu\u00f2 essere facilmente creato: il trucco applicato con una quantit\u00e0 minima di prodotto fornir\u00e0 un tono della pelle uniforme e dall&#8217;aspetto naturale come il trucco senza trucco, e aumentando gradualmente la quantit\u00e0 utilizzata si garantir\u00e0 una copertura completa.<\/span><\/h3>\n<\/nav>\n<\/div>\n<div class=\"main row\">\n<div class=\"innermain container\">\n<div class=\"s-row\">\n<div class=\"centercol s-grid-12\">\n<div class=\"product-modules\">\n<div id=\"box_description\" class=\"box tab\">\n<div class=\"innerbox\">\n<div class=\"resetcss\">\n<p>La piccola bottiglia \u00e8 perfetta per una borsa cosmetica da viaggio.<\/p>\n<p><strong>CURIOSIT\u00c0:\u00a0<\/strong><br \/>\nLa formula vegana non contiene alcol, ma contiene acido ialuronico, che idrata in modo spettacolare la pelle, ritarda il processo di invecchiamento e protegge dai fattori esterni che violano la sua barriera idrolipidica.<\/p>\n<p><strong>APPLICAZIONE:<\/strong><br \/>\nPreparare la pelle applicando una crema selezionata per la sua tipologia e adatta al trucco e, se necessario, una base o un siero sotto il fondotinta. Stendere una piccola quantit\u00e0 di fondotinta sul dorso della mano per portarlo a temperatura corporea, cos\u00ec si fonder\u00e0 perfettamente con la pelle. Distribuisci il cosmetico sul viso in uno strato sottile con le dita o con un pennello, quindi tamponalo con una spugnetta inumidita. Puoi anche applicare il fondotinta immediatamente con una spugnetta: ricorda solo di farlo con un movimento di stampaggio, non di sfregamento. Inizia con una piccola quantit\u00e0 di prodotto e, se necessario, aggiungilo nei punti che richiedono una copertura aggiuntiva: eviterai l&#8217;effetto visibile del fondotinta sul tuo viso (e risparmierai denaro). Un effetto ottimale utilizzando la quantit\u00e0 minima di prodotto \u00e8 la chiave del successo nel caso del fondotinta!<br \/>\n<strong>IMPORTANTE!<\/strong>\u00a0\u00a0La formula LIQUID PERFECTION \u00e8 liquida e, come qualsiasi altra formula, richiede la miscelazione prima dell&#8217;uso. Mescolare accuratamente (agitando energicamente la confezione) prima di ogni utilizzo, soprattutto prima del primo!<\/p>\n<p><strong>TRUCCO DEI TRUCCATORI:<\/strong><br \/>\nPi\u00f9 tempo dedichi a sfumare il fondotinta o il correttore sulla pelle e a sfumarlo con essa, pi\u00f9 a lungo dureranno e sembreranno impeccabili. Il tuo riflesso allo specchio molte ore dopo l&#8217;applicazione ti ricompenser\u00e0 sicuramente per questi pochi istanti in pi\u00f9!<\/p>\n<\/div>\n<\/div>\n<\/div>\n<\/div>\n<\/div>\n<\/div>\n<\/div>\n<\/div>\n","protected":false},"excerpt":{"rendered":"<h3><span style=\"color: #555555; font-size: 14.4px;\">Formula liquida altamente concentrata, intensamente coprente e a lunga tenuta, dal finish mat vellutato, perfetta sia per il correttore che per il fondotinta. Il livello di copertura pu\u00f2 essere facilmente creato: il trucco applicato con una quantit\u00e0 minima di prodotto fornir\u00e0 un tono della pelle uniforme e dall&#8217;aspetto naturale come il trucco senza trucco, e aumentando gradualmente la quantit\u00e0 utilizzata si garantir\u00e0 una copertura completa.<\/span><\/h3>\n","protected":false},"featured_media":24109,"comment_status":"closed","ping_status":"open","template":"","meta":[],"product_brand":[],"product_cat":[2319,1856,2329,2315],"product_tag":[2330,2333,2334],"class_list":{"0":"post-24108","1":"product","2":"type-product","3":"status-publish","4":"has-post-thumbnail","6":"product_cat-claresa-make-up","7":"product_cat-make-up","8":"product_cat-viso-claresa-make-up","9":"product_cat-viso","10":"product_tag-correttore","11":"product_tag-correttore-fondotinta","12":"product_tag-fondotinta","14":"first","15":"instock","16":"shipping-taxable","17":"purchasable","18":"product-type-simple"},"_links":{"self":[{"href":"https:\/\/serverdedicato.lovenailsrivenditore.com\/index.php?rest_route=\/wp\/v2\/product\/24108","targetHints":{"allow":["GET"]}}],"collection":[{"href":"https:\/\/serverdedicato.lovenailsrivenditore.com\/index.php?rest_route=\/wp\/v2\/product"}],"about":[{"href":"https:\/\/serverdedicato.lovenailsrivenditore.com\/index.php?rest_route=\/wp\/v2\/types\/product"}],"replies":[{"embeddable":true,"href":"https:\/\/serverdedicato.lovenailsrivenditore.com\/index.php?rest_route=%2Fwp%2Fv2%2Fcomments&post=24108"}],"wp:featuredmedia":[{"embeddable":true,"href":"https:\/\/serverdedicato.lovenailsrivenditore.com\/index.php?rest_route=\/wp\/v2\/media\/24109"}],"wp:attachment":[{"href":"https:\/\/serverdedicato.lovenailsrivenditore.com\/index.php?rest_route=%2Fwp%2Fv2%2Fmedia&parent=24108"}],"wp:term":[{"taxonomy":"product_brand","embeddable":true,"href":"https:\/\/serverdedicato.lovenailsrivenditore.com\/index.php?rest_route=%2Fwp%2Fv2%2Fproduct_brand&post=24108"},{"taxonomy":"product_cat","embeddable":true,"href":"https:\/\/serverdedicato.lovenailsrivenditore.com\/index.php?rest_route=%2Fwp%2Fv2%2Fproduct_cat&post=24108"},{"taxonomy":"product_tag","embeddable":true,"href":"https:\/\/serverdedicato.lovenailsrivenditore.com\/index.php?rest_route=%2Fwp%2Fv2%2Fproduct_tag&post=24108"}],"curies":[{"name":"wp","href":"https:\/\/api.w.org\/{rel}","templated":true}]}}