{"id":24134,"date":"2024-08-28T17:31:23","date_gmt":"2024-08-28T15:31:23","guid":{"rendered":"https:\/\/serverdedicato.lovenailsrivenditore.com\/?product=claresa-mascara-no-more-falsies-deep-black-10gr"},"modified":"2026-04-18T13:13:02","modified_gmt":"2026-04-18T11:13:02","slug":"claresa-mascara-no-more-falsies-deep-black-10gr","status":"publish","type":"product","link":"https:\/\/serverdedicato.lovenailsrivenditore.com\/?product=claresa-mascara-no-more-falsies-deep-black-10gr","title":{"rendered":"CLARESA &#8211; MASCARA NO MORE FALSIES DEEP BLACK 10gr"},"content":{"rendered":"<p><strong><span>NO MORE FALSIES DEEP BLACK<\/span><\/strong><span>\u00a0\u00e8 un mascara che dona l&#8217;effetto delle ciglia finte in un colore nero estremamente profondo! Copre perfettamente le ciglia, le solleva, le infoltisce e le allunga, senza incollarle o lasciare antiestetici grumi. Il moderno scovolino in silicone \u00e8 stato progettato per coprire uniformemente i peli con il mascara e raggiungere facilmente anche i peli pi\u00f9 corti. La formula contenente pigmenti ultra neri dona alle ciglia un colore estremamente intenso e a lunga tenuta.<\/span><\/p>\n<p><strong><span>CURIOSIT\u00c0<\/span><\/strong><br \/>\n<span>La cera di riso contenuta nella ricetta del mascara \u00e8 un ingrediente protettivo e nutriente con propriet\u00e0 addolcenti, leviganti e lucenti.<\/span><\/p>\n<p><strong><span>APPLICAZIONE<\/span><\/strong><br \/>\n<span>Applicare il mascara dalle radici delle ciglia fino alle punte. Puoi graduare l&#8217;effetto ispessente e allungante aggiungendo strati successivi.<\/span><\/p>\n<p><strong><span>TRUCCO DEL MAKEUP ARTIST<\/span><\/strong><br \/>\n<span>@viva_a_viva consiglia: applica molti strati sottili di mascara invece di uno spesso. Uno strato spesso far\u00e0 raggruppare le ciglia e molto probabilmente applicherai troppo prodotto su di esse. Le ciglia dipinte in pi\u00f9 strati sottili saranno meravigliosamente allungate e infoltite, ma l&#8217;effetto sar\u00e0 molto pi\u00f9 bello e naturale.<\/span><\/p>\n","protected":false},"excerpt":{"rendered":"<p><strong>NO MORE FALSIES DEEP BLACK<\/strong>\u00a0\u00e8 un mascara che dona l&#8217;effetto delle ciglia finte in un colore nero estremamente profondo! Copre perfettamente le ciglia, le solleva, le infoltisce e le allunga, senza incollarle o lasciare antiestetici grumi. Il moderno scovolino in silicone \u00e8 stato progettato per coprire uniformemente i peli con il mascara e raggiungere facilmente anche i peli pi\u00f9 corti. La formula contenente pigmenti ultra neri dona alle ciglia un colore estremamente intenso e a lunga tenuta.<\/p>\n","protected":false},"featured_media":24135,"comment_status":"closed","ping_status":"open","template":"","meta":[],"product_brand":[],"product_cat":[2319,1856,2318,2320],"product_tag":[1867,2339,2340],"class_list":{"0":"post-24134","1":"product","2":"type-product","3":"status-publish","4":"has-post-thumbnail","6":"product_cat-claresa-make-up","7":"product_cat-make-up","8":"product_cat-occhi","9":"product_cat-occhi-claresa-make-up","10":"product_tag-mascara","11":"product_tag-mascara-claresa","12":"product_tag-no-more-falsies-deep-black","14":"first","15":"instock","16":"shipping-taxable","17":"purchasable","18":"product-type-simple"},"_links":{"self":[{"href":"https:\/\/serverdedicato.lovenailsrivenditore.com\/index.php?rest_route=\/wp\/v2\/product\/24134","targetHints":{"allow":["GET"]}}],"collection":[{"href":"https:\/\/serverdedicato.lovenailsrivenditore.com\/index.php?rest_route=\/wp\/v2\/product"}],"about":[{"href":"https:\/\/serverdedicato.lovenailsrivenditore.com\/index.php?rest_route=\/wp\/v2\/types\/product"}],"replies":[{"embeddable":true,"href":"https:\/\/serverdedicato.lovenailsrivenditore.com\/index.php?rest_route=%2Fwp%2Fv2%2Fcomments&post=24134"}],"wp:featuredmedia":[{"embeddable":true,"href":"https:\/\/serverdedicato.lovenailsrivenditore.com\/index.php?rest_route=\/wp\/v2\/media\/24135"}],"wp:attachment":[{"href":"https:\/\/serverdedicato.lovenailsrivenditore.com\/index.php?rest_route=%2Fwp%2Fv2%2Fmedia&parent=24134"}],"wp:term":[{"taxonomy":"product_brand","embeddable":true,"href":"https:\/\/serverdedicato.lovenailsrivenditore.com\/index.php?rest_route=%2Fwp%2Fv2%2Fproduct_brand&post=24134"},{"taxonomy":"product_cat","embeddable":true,"href":"https:\/\/serverdedicato.lovenailsrivenditore.com\/index.php?rest_route=%2Fwp%2Fv2%2Fproduct_cat&post=24134"},{"taxonomy":"product_tag","embeddable":true,"href":"https:\/\/serverdedicato.lovenailsrivenditore.com\/index.php?rest_route=%2Fwp%2Fv2%2Fproduct_tag&post=24134"}],"curies":[{"name":"wp","href":"https:\/\/api.w.org\/{rel}","templated":true}]}}