{"id":24181,"date":"2024-08-28T22:14:20","date_gmt":"2024-08-28T20:14:20","guid":{"rendered":"https:\/\/serverdedicato.lovenailsrivenditore.com\/?product=claresa-rossetto-opaco-sassy-yet-classy-12"},"modified":"2026-04-18T13:13:57","modified_gmt":"2026-04-18T11:13:57","slug":"claresa-rossetto-opaco-sassy-yet-classy-12","status":"publish","type":"product","link":"https:\/\/serverdedicato.lovenailsrivenditore.com\/?product=claresa-rossetto-opaco-sassy-yet-classy-12","title":{"rendered":"CLARESA &#8211; ROSSETTO OPACO &#8211; SASSY YET CLASSY &#8211; 12"},"content":{"rendered":"<p><strong>Rossetto opaco<\/strong><\/p>\n<p>Scopri la nuova dimensione del rossetto opaco\u00a0<strong>SASSY YET CLASSY<\/strong> ! Se sei stanca delle labbra secche, ma ti piace una finitura opaca del tuo trucco e non scendi a compromessi su questo argomento, questo \u00e8 un prodotto ideale creato appositamente per te! La formula innovativa \u00e8 ricca di principi attivi che si prenderanno cura della cura quotidiana e dell&#8217;idratazione delle tue labbra. La forte pigmentazione e la consistenza cremosa e confortevole garantiranno un effetto trucco intenso e duraturo fin dalla prima passata.<\/p>\n<p>La formula \u00e8 ricca di cera di carnauba e burro di fave di cacao, che svolgono un&#8217;azione ammorbidente e levigante sulle labbra, riducendo cos\u00ec la visibilit\u00e0 delle rughe sottili. Creano uno strato protettivo che impedisce l&#8217;eccessiva evaporazione dell&#8217;acqua e l&#8217;essiccamento delle labbra e ne influenza la corretta idratazione. La vitamina C contenuta nella composizione \u00e8 un antiossidante che rallenta i processi di invecchiamento cutaneo causati da fattori esterni, ha anche propriet\u00e0 antinfiammatorie e ha un effetto protettivo nei confronti dei raggi UVA e UVB. L&#8217;argilla bianca \u00e8 responsabile dell&#8217;effetto opaco della finitura del trucco. Assorbe l&#8217;umidit\u00e0, opacizza, leviga e ha propriet\u00e0 lenitive e antinfiammatorie.<\/p>\n<p>&nbsp;<\/p>\n<p><strong>APPLICAZIONE<\/strong><\/p>\n<p>Applica il rossetto sulle labbra dal centro verso gli angoli.<\/p>\n<p>&nbsp;<\/p>\n<p><strong>TRUCCO DEI TRUCCATORI<\/strong><\/p>\n<p>Vuoi allargare otticamente le tue labbra? Delinea le labbra con una matita appena sopra il loro contorno naturale, quindi riempile applicando il rossetto con un pennello o direttamente con uno stick.<\/p>\n<p>Vuoi aumentare la durata del tuo rossetto? Applicatelo sulle labbra e tamponate il rossetto in eccesso su un fazzoletto di carta. Dipingi di nuovo le tue labbra e goditi a lungo un trucco perfetto.<\/p>\n","protected":false},"excerpt":{"rendered":"<p><strong>Rossetto opaco<\/strong><\/p>\n<p>Scopri la nuova dimensione del rossetto opaco\u00a0<strong>SASSY YET CLASSY<\/strong> ! Se sei stanca delle labbra secche, ma ti piace una finitura opaca del tuo trucco e non scendi a compromessi su questo argomento, questo \u00e8 un prodotto ideale creato appositamente per te! La formula innovativa \u00e8 ricca di principi attivi che si prenderanno cura della cura quotidiana e dell&#8217;idratazione delle tue labbra. La forte pigmentazione e la consistenza cremosa e confortevole garantiranno un effetto trucco intenso e duraturo fin dalla prima passata.<\/p>\n","protected":false},"featured_media":24182,"comment_status":"closed","ping_status":"open","template":"","meta":[],"product_brand":[],"product_cat":[2319,1857,2328,1856],"product_tag":[2353,2354,2355],"class_list":{"0":"post-24181","1":"product","2":"type-product","3":"status-publish","4":"has-post-thumbnail","6":"product_cat-claresa-make-up","7":"product_cat-labbra","8":"product_cat-labbra-claresa-make-up","9":"product_cat-make-up","10":"product_tag-rossetto-mat","11":"product_tag-rossetto-opaco","12":"product_tag-sassy-yet-classy","14":"first","15":"instock","16":"shipping-taxable","17":"purchasable","18":"product-type-simple"},"_links":{"self":[{"href":"https:\/\/serverdedicato.lovenailsrivenditore.com\/index.php?rest_route=\/wp\/v2\/product\/24181","targetHints":{"allow":["GET"]}}],"collection":[{"href":"https:\/\/serverdedicato.lovenailsrivenditore.com\/index.php?rest_route=\/wp\/v2\/product"}],"about":[{"href":"https:\/\/serverdedicato.lovenailsrivenditore.com\/index.php?rest_route=\/wp\/v2\/types\/product"}],"replies":[{"embeddable":true,"href":"https:\/\/serverdedicato.lovenailsrivenditore.com\/index.php?rest_route=%2Fwp%2Fv2%2Fcomments&post=24181"}],"wp:featuredmedia":[{"embeddable":true,"href":"https:\/\/serverdedicato.lovenailsrivenditore.com\/index.php?rest_route=\/wp\/v2\/media\/24182"}],"wp:attachment":[{"href":"https:\/\/serverdedicato.lovenailsrivenditore.com\/index.php?rest_route=%2Fwp%2Fv2%2Fmedia&parent=24181"}],"wp:term":[{"taxonomy":"product_brand","embeddable":true,"href":"https:\/\/serverdedicato.lovenailsrivenditore.com\/index.php?rest_route=%2Fwp%2Fv2%2Fproduct_brand&post=24181"},{"taxonomy":"product_cat","embeddable":true,"href":"https:\/\/serverdedicato.lovenailsrivenditore.com\/index.php?rest_route=%2Fwp%2Fv2%2Fproduct_cat&post=24181"},{"taxonomy":"product_tag","embeddable":true,"href":"https:\/\/serverdedicato.lovenailsrivenditore.com\/index.php?rest_route=%2Fwp%2Fv2%2Fproduct_tag&post=24181"}],"curies":[{"name":"wp","href":"https:\/\/api.w.org\/{rel}","templated":true}]}}